{"id":179,"date":"2017-09-13T17:48:21","date_gmt":"2017-09-14T00:48:21","guid":{"rendered":"http:\/\/import.themovation.com\/stratus\/?page_id=171"},"modified":"2023-10-12T16:35:50","modified_gmt":"2023-10-12T16:35:50","slug":"home-product-vr-3-2","status":"publish","type":"page","link":"https:\/\/gunesmetalurji.com\/de\/","title":{"rendered":"Anasayfa"},"content":{"rendered":"\t\t<div data-elementor-type=\"wp-post\" data-elementor-id=\"179\" class=\"elementor elementor-179\">\n\t\t\t\t\t\t<section class=\"elementor-section elementor-top-section elementor-element elementor-element-fc46fcd elementor-section-stretched elementor-section-full_width elementor-section-height-default elementor-section-height-default\" data-id=\"fc46fcd\" data-element_type=\"section\" data-e-type=\"section\" data-settings=\"{&quot;stretch_section&quot;:&quot;section-stretched&quot;}\">\n\t\t\t\t\t\t<div class=\"elementor-container elementor-column-gap-no\">\n\t\t\t\t\t<div class=\"elementor-column elementor-col-100 elementor-top-column elementor-element elementor-element-e1f0106\" data-id=\"e1f0106\" data-element_type=\"column\" data-e-type=\"column\">\n\t\t\t<div class=\"elementor-widget-wrap elementor-element-populated\">\n\t\t\t\t\t\t<div class=\"elementor-element elementor-element-5655da0 elementor-widget elementor-widget-themo-slider\" data-id=\"5655da0\" data-element_type=\"widget\" data-e-type=\"widget\" data-widget_type=\"themo-slider.default\">\n\t\t\t\t<div class=\"elementor-widget-container\">\n\t\t\t\t\t\n\t\t<div id=\"main-flex-slider\" class=\"flexslider\">\n\t\t\t<ul class=\"slides\">\n\t\t\t\t\n                    \n                    \n\t\t\t\t\t\t\t\t\t\t                    \n                    <li class=\"elementor-repeater-item-16269e5\">\n\t\t\t\t\t\t<div class=\"slider-bg slide-cal-center \">\n                            <div class=\"th-slide-wrap has-image-bg\">\n                                <div class=\"th-slide-inner  th-centered\">\n                                    <div class=\"th-slide-content\">\n                                        \n                                                                                \n                                        \n                                                                                                                                                                            \n                                            <div><\/div>                                                                            <\/div>\n                                <\/div>\n\t\t\t\t\t\t\t<\/div>\n\t\t\t\t\t\t<\/div>\n\t\t\t\t\t<\/li>\n\t\t\t\t\n                    \n                    \n\t\t\t\t\t\t\t\t\t\t                    \n                    <li class=\"elementor-repeater-item-1b73b24\">\n\t\t\t\t\t\t<div class=\"slider-bg slide-cal-center  \">\n                            <div class=\"th-slide-wrap has-image-bg th-slide-wrap has-image-bg\">\n                                <div class=\"th-slide-inner  th-centered\">\n                                    <div class=\"th-slide-content\">\n                                        \n                                                                                \n                                        \n                                                                                                                                                                            \n                                            <div><\/div>                                                                            <\/div>\n                                <\/div>\n\t\t\t\t\t\t\t<\/div>\n\t\t\t\t\t\t<\/div>\n\t\t\t\t\t<\/li>\n\t\t\t\t\n                    \n                    \n\t\t\t\t\t\t\t\t\t\t                    \n                    <li class=\"elementor-repeater-item-e958382\">\n\t\t\t\t\t\t<div class=\"slider-bg slide-cal-center   \">\n                            <div class=\"th-slide-wrap has-image-bg th-slide-wrap has-image-bg th-slide-wrap has-image-bg\">\n                                <div class=\"th-slide-inner  th-centered\">\n                                    <div class=\"th-slide-content\">\n                                        \n                                                                                \n                                        \n                                                                                                                                                                            \n                                            <div><\/div>                                                                            <\/div>\n                                <\/div>\n\t\t\t\t\t\t\t<\/div>\n\t\t\t\t\t\t<\/div>\n\t\t\t\t\t<\/li>\n\t\t\t\t\n                    \n                    \n\t\t\t\t\t\t\t\t\t\t                    \n                    <li class=\"elementor-repeater-item-6ce116d\">\n\t\t\t\t\t\t<div class=\"slider-bg slide-cal-center    \">\n                            <div class=\"th-slide-wrap has-image-bg th-slide-wrap has-image-bg th-slide-wrap has-image-bg th-slide-wrap has-image-bg\">\n                                <div class=\"th-slide-inner  th-centered\">\n                                    <div class=\"th-slide-content\">\n                                        \n                                                                                \n                                        \n                                                                                                                                                                            \n                                            <div><\/div>                                                                            <\/div>\n                                <\/div>\n\t\t\t\t\t\t\t<\/div>\n\t\t\t\t\t\t<\/div>\n\t\t\t\t\t<\/li>\n\t\t\t\t\n                    \n                    \n\t\t\t\t\t\t\t\t\t\t                    \n                    <li class=\"elementor-repeater-item-9b9696b\">\n\t\t\t\t\t\t<div class=\"slider-bg slide-cal-center     \">\n                            <div class=\"th-slide-wrap has-image-bg th-slide-wrap has-image-bg th-slide-wrap has-image-bg th-slide-wrap has-image-bg th-slide-wrap has-image-bg\">\n                                <div class=\"th-slide-inner  th-centered\">\n                                    <div class=\"th-slide-content\">\n                                        \n                                                                                \n                                        \n                                                                                                                                                                            \n                                            <div><\/div>                                                                            <\/div>\n                                <\/div>\n\t\t\t\t\t\t\t<\/div>\n\t\t\t\t\t\t<\/div>\n\t\t\t\t\t<\/li>\n\t\t\t\t\t\t\t<\/ul>\n\n\t\t\t\t\t<\/div>\n\n\t\t<script>\n\t\t\tjQuery( function ( $ ) {\n\n\t\t\t\tthemo_start_flex_slider(\n\t\t\t\t\t'.flexslider',\n                    true,\n\t\t\t\t\t'slide',\n\t\t\t\t\t'linear',\n\t\t\t\t\ttrue,\n\t\t\t\t\ttrue,\n\t\t\t\t\t3000,\n\t\t\t\t\t800,\n\t\t\t\t\tfalse,\n\t\t\t\t\tfalse,\n\t\t\t\t\ttrue,\n\t\t\t\t\ttrue,\n\t\t\t\t\ttrue\t\t\t\t);\n\t\t\t} );\n\t\t<\/script>\n\t\t\t\t\t\t<\/div>\n\t\t\t\t<\/div>\n\t\t\t\t\t<\/div>\n\t\t<\/div>\n\t\t\t\t\t<\/div>\n\t\t<\/section>\n\t\t\t\t<section class=\"elementor-section elementor-top-section elementor-element elementor-element-888abd8 elementor-section-full_width elementor-section-height-default elementor-section-height-default\" data-id=\"888abd8\" data-element_type=\"section\" data-e-type=\"section\">\n\t\t\t\t\t\t<div class=\"elementor-container elementor-column-gap-no\">\n\t\t\t\t\t<div class=\"elementor-column elementor-col-100 elementor-top-column elementor-element elementor-element-e7f8e3f\" data-id=\"e7f8e3f\" data-element_type=\"column\" data-e-type=\"column\">\n\t\t\t<div class=\"elementor-widget-wrap elementor-element-populated\">\n\t\t\t\t\t\t<div class=\"elementor-element elementor-element-242e869 elementor-widget elementor-widget-spacer\" data-id=\"242e869\" data-element_type=\"widget\" data-e-type=\"widget\" data-widget_type=\"spacer.default\">\n\t\t\t\t<div class=\"elementor-widget-container\">\n\t\t\t\t\t\t\t<div class=\"elementor-spacer\">\n\t\t\t<div class=\"elementor-spacer-inner\"><\/div>\n\t\t<\/div>\n\t\t\t\t\t\t<\/div>\n\t\t\t\t<\/div>\n\t\t\t\t\t<\/div>\n\t\t<\/div>\n\t\t\t\t\t<\/div>\n\t\t<\/section>\n\t\t\t\t<section class=\"elementor-section elementor-top-section elementor-element elementor-element-5f4df71 elementor-section-boxed elementor-section-height-default elementor-section-height-default\" data-id=\"5f4df71\" data-element_type=\"section\" data-e-type=\"section\" data-settings=\"{&quot;background_background&quot;:&quot;classic&quot;}\">\n\t\t\t\t\t\t<div class=\"elementor-container elementor-column-gap-default\">\n\t\t\t\t\t<div class=\"elementor-column elementor-col-100 elementor-top-column elementor-element elementor-element-2f88cd4\" data-id=\"2f88cd4\" data-element_type=\"column\" data-e-type=\"column\">\n\t\t\t<div class=\"elementor-widget-wrap elementor-element-populated\">\n\t\t\t\t\t\t<div class=\"elementor-element elementor-element-734772d elementor-widget elementor-widget-text-editor\" data-id=\"734772d\" data-element_type=\"widget\" data-e-type=\"widget\" data-widget_type=\"text-editor.default\">\n\t\t\t\t<div class=\"elementor-widget-container\">\n\t\t\t\t\t\t\t\t\t<div id=\"th-portfolio-content-5f93c44025bce\" class=\"th-portfolio\">\n<div id=\"th-portfolio-row\" class=\"th-portfolio-row row portfolio_content four-columns th-port-gutter\" style=\"position: relative; height: 290.362px;\">\n<div id=\"post-5285\" class=\"th-portfolio-item item col-md-3 col-sm-6 p-agency post-5285 themo_portfolio type-themo_portfolio status-publish format-standard has-post-thumbnail hentry themo_project_type-agency\" style=\"position: absolute; left: 0px; top: 0px;\">\n<div class=\"th-port-wrap\">\n<a href=\"https:\/\/gunesmetalurji.com\/de\/schichtbleche\">\n<img loading=\"lazy\" decoding=\"async\" loading=\"lazy\" class=\"img-responsive th-port-img wp-post-image\" src=\"https:\/\/gunesmetalurji.com\/de\/wp-content\/uploads\/2023\/09\/1.png\" alt=\"\" width=\"605\" height=\"605\">\n<div class=\"th-port-overlay\"><\/div>\n<\/a><div class=\"th-port-inner\"><a href=\"https:\/\/gunesmetalurji.com\/de\/schichtbleche\">\n<\/a><div class=\"th-port-center\"><a href=\"https:\/\/gunesmetalurji.com\/de\/schichtbleche\">\n<h3 class=\"th-port-title\">Schichtbleche<\/h3>\n<p class=\"th-port-sub\">Zertifizierte Flachstahlplatten-Bleche-Platten<\/p>\n<\/a>\n<\/div>\n<\/div>\n<\/div>\n<\/div>\n<div id=\"post-5317\" class=\"th-portfolio-item item col-md-3 col-sm-6 p-agency post-5317 themo_portfolio type-themo_portfolio status-publish format-standard has-post-thumbnail hentry themo_project_type-agency\" style=\"position: absolute; left: 280px; top: 0px;\">\n<div class=\"th-port-wrap\">\n<a href=\"https:\/\/gunesmetalurji.com\/de\/geschmiedeter-stahl\">\n<img loading=\"lazy\" decoding=\"async\" loading=\"lazy\" class=\"img-responsive th-port-img wp-post-image\" src=\"https:\/\/gunesmetalurji.com\/de\/wp-content\/uploads\/2023\/09\/2.png\" alt=\"\" width=\"605\" height=\"605\">\n<div class=\"th-port-overlay\"><\/div>\n<\/a><div class=\"th-port-inner\"><a href=\"https:\/\/gunesmetalurji.com\/de\/geschmiedeter-stahl\">\n<\/a><div class=\"th-port-center\"><a href=\"https:\/\/gunesmetalurji.com\/de\/geschmiedeter-stahl\">\n<h3 class=\"th-port-title\">Geschmiedeter Stahl<\/h3>\n<p class=\"th-port-sub\">Schmiedestahl &#038; Riss Pr\u00fcfung<\/p>\n<\/a>\n<\/div>\n<\/div>\n<\/div>\n<\/div>\n<div id=\"post-53177\" class=\"th-portfolio-item item col-md-3 col-sm-6 p-agency post-5317 themo_portfolio type-themo_portfolio status-publish format-standard has-post-thumbnail hentry themo_project_type-agency\" style=\"position: absolute; left: 560px; top: 0px;\">\n<div class=\"th-port-wrap\">\n<a href=\"https:\/\/gunesmetalurji.com\/de\/warmgewalzte-stahle\">\n<img loading=\"lazy\" decoding=\"async\" loading=\"lazy\" class=\"img-responsive th-port-img wp-post-image\" src=\"https:\/\/gunesmetalurji.com\/de\/wp-content\/uploads\/2023\/09\/3.png\" alt=\"\" width=\"605\" height=\"605\">\n<div class=\"th-port-overlay\"><\/div>\n<\/a><div class=\"th-port-inner\"><a href=\"https:\/\/gunesmetalurji.com\/de\/warmgewalzte-stahle\">\n<\/a><div class=\"th-port-center\"><a href=\"https:\/\/gunesmetalurji.com\/de\/warmgewalzte-stahle\">\n<h3 class=\"th-port-title\">Warmgewalzte St\u00e4hle<\/h3>\n<p class=\"th-port-sub\">Warmgewalzte St\u00e4hle<\/p>\n<\/a>\n<\/div>\n<\/div>\n<\/div>\n<\/div>\n<div id=\"post-5321\" class=\"th-portfolio-item item col-md-3 col-sm-6 p-agency post-5321 themo_portfolio type-themo_portfolio status-publish format-standard has-post-thumbnail hentry themo_project_type-agency\" style=\"position: absolute; left: 840px; top: 0px;\">\n<div class=\"th-port-wrap\">\n<a href=\"https:\/\/gunesmetalurji.com\/de\/kaltgezogene-stahle\">\n<img loading=\"lazy\" decoding=\"async\" loading=\"lazy\" class=\"img-responsive th-port-img wp-post-image\" src=\"https:\/\/gunesmetalurji.com\/de\/wp-content\/uploads\/2023\/09\/4-1.png\" alt=\"\" width=\"605\" height=\"605\">\n<div class=\"th-port-overlay\"><\/div>\n<\/a><div class=\"th-port-inner\"><a href=\"https:\/\/gunesmetalurji.com\/de\/kaltgezogene-stahle\">\n<\/a><div class=\"th-port-center\"><a href=\"https:\/\/gunesmetalurji.com\/de\/kaltgezogene-stahle\">\n<h3 class=\"th-port-title\">Kaltgezogene St\u00e4hle<\/h3>\n<p class=\"th-port-sub\">Rund-, Sechskant- und Winkelst\u00e4hle<\/p>\n<\/a>\n<\/div>\n<\/div>\n<\/div>\n<\/div>\n<\/div>\n<\/div>\t\t\t\t\t\t\t\t<\/div>\n\t\t\t\t<\/div>\n\t\t\t\t\t<\/div>\n\t\t<\/div>\n\t\t\t\t\t<\/div>\n\t\t<\/section>\n\t\t\t\t<section class=\"elementor-section elementor-top-section elementor-element elementor-element-af85faf elementor-section-boxed elementor-section-height-default elementor-section-height-default\" data-id=\"af85faf\" data-element_type=\"section\" data-e-type=\"section\" data-settings=\"{&quot;background_background&quot;:&quot;classic&quot;}\">\n\t\t\t\t\t\t<div class=\"elementor-container elementor-column-gap-default\">\n\t\t\t\t\t<div class=\"elementor-column elementor-col-50 elementor-top-column elementor-element elementor-element-156c885\" data-id=\"156c885\" data-element_type=\"column\" data-e-type=\"column\">\n\t\t\t<div class=\"elementor-widget-wrap elementor-element-populated\">\n\t\t\t\t\t\t<div class=\"elementor-element elementor-element-83541ad elementor-widget elementor-widget-text-editor\" data-id=\"83541ad\" data-element_type=\"widget\" data-e-type=\"widget\" data-widget_type=\"text-editor.default\">\n\t\t\t\t<div class=\"elementor-widget-container\">\n\t\t\t\t\t\t\t\t\t<h3><span style=\"color: #ffffff;\"><strong>G\u00dcNE\u015e METALURJ\u0130<\/strong><\/span><\/h3>\n\n<hr \/>\n\n<section class=\"content-editor\">\n<div class=\"elementor elementor-5577\" data-elementor-type=\"wp-page\" data-elementor-id=\"5577\" data-elementor-settings=\"[]\">\n<div class=\"elementor-inner\">\n<div class=\"elementor-section-wrap\"><section class=\"elementor-section elementor-top-section elementor-element elementor-element-f77c718 elementor-section-boxed elementor-section-height-default elementor-section-height-default\" data-id=\"f77c718\" data-element_type=\"section\">\n<div class=\"elementor-container elementor-column-gap-default\">\n<div class=\"elementor-row\">\n<div class=\"elementor-column elementor-col-100 elementor-top-column elementor-element elementor-element-6e1e784\" data-id=\"6e1e784\" data-element_type=\"column\">\n<div class=\"elementor-column-wrap elementor-element-populated\">\n<div class=\"elementor-widget-wrap\">\n<div class=\"elementor-element elementor-element-5f17b38 elementor-widget elementor-widget-text-editor\" data-id=\"5f17b38\" data-element_type=\"widget\" data-widget_type=\"text-editor.default\">\n<div class=\"elementor-widget-container\">\n<div class=\"elementor-text-editor elementor-clearfix\">\n\n<span style=\"color: #ffffff;\">G\u00dcNE\u015e METALURJ\u0130 ist einer der gr\u00f6\u00dften H\u00e4ndler im Nahen Osten f\u00fcr Schmiedestahl und Rundstahl in einer Vielzahl von G\u00fcten und Zust\u00e4nden. Hochwertige legierte und unlegierte Langstahlprodukte in warmgewalztem, geschmiedetem oder blankem Zustand, Sch\u00e4len, Kaltziehen und Schleifen. Europas gr\u00f6\u00dftes Stahl-Service-Center f\u00fcr legierte, unlegierte Rund-, Vierkant-, Sechskant- und Flachstahlerzeugnisse in warmgewalzter, geschmiedeter, gesch\u00e4lter, kaltgezogener und geschliffener Ausf\u00fchrung in allen Durchmessern von 6 mm bis 1500 mm. Unser Unternehmen bietet eine breite Produktpalette an: Roheisen, legierter Knetstahl, gewalzter legierter Stahl, Ferrolegierungen, Metalllegierungen, Koks- und Kohlenstoffprodukte, Metalle und Mineralien, verschiedene F\u00fclldr\u00e4hte, hitzebest\u00e4ndige Produkte, Chemikalien sowie Halbfertig- und Fertigprodukte f\u00fcr die Eisen- und Nichteisenindustrie.<\/span>\n\n<\/div>\n<\/div>\n<\/div>\n<\/div>\n<\/div>\n<\/div>\n<\/div>\n<\/div>\n<\/section><\/div>\n<\/div>\n<\/div>\n<\/section>\n<div class=\"container\">\n<div class=\"row\"><\/div>\n<\/div>\t\t\t\t\t\t\t\t<\/div>\n\t\t\t\t<\/div>\n\t\t\t\t\t<\/div>\n\t\t<\/div>\n\t\t\t\t<div class=\"elementor-column elementor-col-50 elementor-top-column elementor-element elementor-element-fbb7988\" data-id=\"fbb7988\" data-element_type=\"column\" data-e-type=\"column\">\n\t\t\t<div class=\"elementor-widget-wrap elementor-element-populated\">\n\t\t\t\t\t\t<div class=\"elementor-element elementor-element-68a32f5 elementor-widget elementor-widget-text-editor\" data-id=\"68a32f5\" data-element_type=\"widget\" data-e-type=\"widget\" data-widget_type=\"text-editor.default\">\n\t\t\t\t<div class=\"elementor-widget-container\">\n\t\t\t\t\t\t\t\t\t<img decoding=\"async\" src=\"https:\/\/gunesmetalurji.com\/de\/wp-content\/uploads\/2020\/09\/logowhite.png\"> \t\t\t\t\t\t\t\t<\/div>\n\t\t\t\t<\/div>\n\t\t\t\t\t<\/div>\n\t\t<\/div>\n\t\t\t\t\t<\/div>\n\t\t<\/section>\n\t\t\t\t<\/div>\n\t\t","protected":false},"excerpt":{"rendered":"<p>Schichtbleche Zertifizierte Flachstahlplatten-Bleche-Platten Geschmiedeter Stahl Schmiedestahl &#038; Riss Pr\u00fcfung Warmgewalzte St\u00e4hle Warmgewalzte St\u00e4hle Kaltgezogene St\u00e4hle Rund-, Sechskant- und Winkelst\u00e4hle G\u00dcNE\u015e METALURJ\u0130 G\u00dcNE\u015e METALURJ\u0130 ist einer der gr\u00f6\u00dften H\u00e4ndler im Nahen Osten f\u00fcr Schmiedestahl und Rundstahl in einer Vielzahl von G\u00fcten &hellip; <a href=\"https:\/\/gunesmetalurji.com\/de\/\">Devam\u0131n\u0131 Oku<\/a><\/p>\n","protected":false},"author":10,"featured_media":0,"parent":0,"menu_order":-20,"comment_status":"closed","ping_status":"closed","template":"","meta":{"footnotes":""},"class_list":["post-179","page","type-page","status-publish","hentry"],"_links":{"self":[{"href":"https:\/\/gunesmetalurji.com\/de\/wp-json\/wp\/v2\/pages\/179","targetHints":{"allow":["GET"]}}],"collection":[{"href":"https:\/\/gunesmetalurji.com\/de\/wp-json\/wp\/v2\/pages"}],"about":[{"href":"https:\/\/gunesmetalurji.com\/de\/wp-json\/wp\/v2\/types\/page"}],"author":[{"embeddable":true,"href":"https:\/\/gunesmetalurji.com\/de\/wp-json\/wp\/v2\/users\/10"}],"replies":[{"embeddable":true,"href":"https:\/\/gunesmetalurji.com\/de\/wp-json\/wp\/v2\/comments?post=179"}],"version-history":[{"count":194,"href":"https:\/\/gunesmetalurji.com\/de\/wp-json\/wp\/v2\/pages\/179\/revisions"}],"predecessor-version":[{"id":6401,"href":"https:\/\/gunesmetalurji.com\/de\/wp-json\/wp\/v2\/pages\/179\/revisions\/6401"}],"wp:attachment":[{"href":"https:\/\/gunesmetalurji.com\/de\/wp-json\/wp\/v2\/media?parent=179"}],"curies":[{"name":"wp","href":"https:\/\/api.w.org\/{rel}","templated":true}]}}