{"id":5552,"date":"2020-09-24T12:56:48","date_gmt":"2020-09-24T12:56:48","guid":{"rendered":"https:\/\/gunesmetalurji.com\/de\/?page_id=5552"},"modified":"2023-10-12T16:38:31","modified_gmt":"2023-10-12T16:38:31","slug":"mission-vision","status":"publish","type":"page","link":"https:\/\/gunesmetalurji.com\/de\/mission-vision\/","title":{"rendered":"Mission &amp; Vision"},"content":{"rendered":"\t\t<div data-elementor-type=\"wp-page\" data-elementor-id=\"5552\" class=\"elementor elementor-5552\">\n\t\t\t\t\t\t<section class=\"elementor-section elementor-top-section elementor-element elementor-element-f77c718 elementor-section-boxed elementor-section-height-default elementor-section-height-default\" data-id=\"f77c718\" data-element_type=\"section\" data-e-type=\"section\">\n\t\t\t\t\t\t<div class=\"elementor-container elementor-column-gap-default\">\n\t\t\t\t\t<div class=\"elementor-column elementor-col-100 elementor-top-column elementor-element elementor-element-6e1e784\" data-id=\"6e1e784\" data-element_type=\"column\" data-e-type=\"column\">\n\t\t\t<div class=\"elementor-widget-wrap elementor-element-populated\">\n\t\t\t\t\t\t<div class=\"elementor-element elementor-element-5f17b38 elementor-widget elementor-widget-text-editor\" data-id=\"5f17b38\" data-element_type=\"widget\" data-e-type=\"widget\" data-widget_type=\"text-editor.default\">\n\t\t\t\t<div class=\"elementor-widget-container\">\n\t\t\t\t\t\t\t\t\t<p>Unsere Mission<\/p><div class=\"lRu31\"><p>Wir erf\u00fcllen die Anforderungen unserer Kunden an legierten oder unlegierten Qualit\u00e4tsstahl in k\u00fcrzester Zeit, zum besten Preis und in der geforderten Qualit\u00e4t.<\/p><\/div><div class=\"UdTY9 WdefRb\" aria-hidden=\"true\" data-location=\"2\">\u00a0<\/div><p>Unsere Vision<\/p><p>Ein Unternehmen zu sein, das in den von uns bedienten Sektoren mit allen seinen Mitarbeitern Werte schafft. Seine solide Position in Europa zu st\u00e4rken, seine F\u00fchrungsposition auf dem Weltmarkt zu behaupten und eine weltweit anerkannte Marke zu werden.<\/p>\t\t\t\t\t\t\t\t<\/div>\n\t\t\t\t<\/div>\n\t\t\t\t\t<\/div>\n\t\t<\/div>\n\t\t\t\t\t<\/div>\n\t\t<\/section>\n\t\t\t\t<\/div>\n\t\t","protected":false},"excerpt":{"rendered":"<p>Unsere Mission Wir erf\u00fcllen die Anforderungen unserer Kunden an legierten oder unlegierten Qualit\u00e4tsstahl in k\u00fcrzester Zeit, zum besten Preis und in der geforderten Qualit\u00e4t. \u00a0 Unsere Vision Ein Unternehmen zu sein, das in den von uns bedienten Sektoren mit allen &hellip; <a href=\"https:\/\/gunesmetalurji.com\/de\/mission-vision\/\">Devam\u0131n\u0131 Oku<\/a><\/p>\n","protected":false},"author":10,"featured_media":0,"parent":0,"menu_order":0,"comment_status":"closed","ping_status":"closed","template":"","meta":{"footnotes":""},"class_list":["post-5552","page","type-page","status-publish","hentry"],"_links":{"self":[{"href":"https:\/\/gunesmetalurji.com\/de\/wp-json\/wp\/v2\/pages\/5552","targetHints":{"allow":["GET"]}}],"collection":[{"href":"https:\/\/gunesmetalurji.com\/de\/wp-json\/wp\/v2\/pages"}],"about":[{"href":"https:\/\/gunesmetalurji.com\/de\/wp-json\/wp\/v2\/types\/page"}],"author":[{"embeddable":true,"href":"https:\/\/gunesmetalurji.com\/de\/wp-json\/wp\/v2\/users\/10"}],"replies":[{"embeddable":true,"href":"https:\/\/gunesmetalurji.com\/de\/wp-json\/wp\/v2\/comments?post=5552"}],"version-history":[{"count":11,"href":"https:\/\/gunesmetalurji.com\/de\/wp-json\/wp\/v2\/pages\/5552\/revisions"}],"predecessor-version":[{"id":6406,"href":"https:\/\/gunesmetalurji.com\/de\/wp-json\/wp\/v2\/pages\/5552\/revisions\/6406"}],"wp:attachment":[{"href":"https:\/\/gunesmetalurji.com\/de\/wp-json\/wp\/v2\/media?parent=5552"}],"curies":[{"name":"wp","href":"https:\/\/api.w.org\/{rel}","templated":true}]}}