{"id":5567,"date":"2020-09-24T13:04:52","date_gmt":"2020-09-24T13:04:52","guid":{"rendered":"https:\/\/gunesmetalurji.com\/de\/?page_id=5567"},"modified":"2023-10-12T16:40:22","modified_gmt":"2023-10-12T16:40:22","slug":"vertrieb-und-marketing","status":"publish","type":"page","link":"https:\/\/gunesmetalurji.com\/de\/vertrieb-und-marketing\/","title":{"rendered":"Vertrieb und Marketing"},"content":{"rendered":"\t\t<div data-elementor-type=\"wp-page\" data-elementor-id=\"5567\" class=\"elementor elementor-5567\">\n\t\t\t\t\t\t<section class=\"elementor-section elementor-top-section elementor-element elementor-element-f77c718 elementor-section-boxed elementor-section-height-default elementor-section-height-default\" data-id=\"f77c718\" data-element_type=\"section\" data-e-type=\"section\">\n\t\t\t\t\t\t<div class=\"elementor-container elementor-column-gap-default\">\n\t\t\t\t\t<div class=\"elementor-column elementor-col-100 elementor-top-column elementor-element elementor-element-6e1e784\" data-id=\"6e1e784\" data-element_type=\"column\" data-e-type=\"column\">\n\t\t\t<div class=\"elementor-widget-wrap elementor-element-populated\">\n\t\t\t\t\t\t<div class=\"elementor-element elementor-element-5f17b38 elementor-widget elementor-widget-text-editor\" data-id=\"5f17b38\" data-element_type=\"widget\" data-e-type=\"widget\" data-widget_type=\"text-editor.default\">\n\t\t\t\t<div class=\"elementor-widget-container\">\n\t\t\t\t\t\t\t\t\t<p>Vertriebs- und Marketingstrategie<\/p><p>Mit unserem hochqualifizierten Vertriebs- und Marketingteam n\u00e4hern wir uns Schritt f\u00fcr Schritt unseren Zielen auf den in- und ausl\u00e4ndischen M\u00e4rkten.<\/p><p>G\u00dcNE\u015e METALURJ\u0130 hat eine hochmoderne Informationssystemtechnologie eingef\u00fchrt, die es den verschiedenen Regionen und Lagern erm\u00f6glicht, die Best\u00e4nde zu kontrollieren und gleichzeitig die Verkaufs- und Einkaufsaktivit\u00e4ten unabh\u00e4ngig voneinander zu beeinflussen.<\/p><p>Die G\u00dcNE\u015e METALURJ\u0130 bezieht den Bedarf ihrer Kunden an Rohstoffen aus dem In- und Ausland f\u00fcr ihre vorrangige Produktion aus europ\u00e4ischen und nah\u00f6stlichen Fabriken. Legierte, unlegierte, Spule, Langmaterial und geschmiedete Materialien.<\/p><p>Wir liefern Rohstoffe f\u00fcr die Automobilindustrie, den Maschinenbau, die Landwirtschaft, die Schifffahrt, den Bergbau, die Verteidigung, die Luft- und Raumfahrt und die Haustechnik.<\/p><p>Wir sind immer bereit, jeden Winkel der Welt von unseren Service- und Logistikzentren aus zu bedienen, indem wir f\u00fcr unsere Kunden einen Direktverkaufsprozess anwenden.<\/p><p>F\u00fcr jeden Prozessschritt in unserer Produktionslinie wird eine Reihe strenger Kontrollen durchgef\u00fchrt. Jedes Kontrollger\u00e4t wird einer hochpr\u00e4zisen Kalibrierung unterzogen, um einen wirksamen Kontrollprozess zu gew\u00e4hrleisten.<\/p>\t\t\t\t\t\t\t\t<\/div>\n\t\t\t\t<\/div>\n\t\t\t\t\t<\/div>\n\t\t<\/div>\n\t\t\t\t\t<\/div>\n\t\t<\/section>\n\t\t\t\t<\/div>\n\t\t","protected":false},"excerpt":{"rendered":"<p>Vertriebs- und Marketingstrategie Mit unserem hochqualifizierten Vertriebs- und Marketingteam n\u00e4hern wir uns Schritt f\u00fcr Schritt unseren Zielen auf den in- und ausl\u00e4ndischen M\u00e4rkten. G\u00dcNE\u015e METALURJ\u0130 hat eine hochmoderne Informationssystemtechnologie eingef\u00fchrt, die es den verschiedenen Regionen und Lagern erm\u00f6glicht, die Best\u00e4nde &hellip; <a href=\"https:\/\/gunesmetalurji.com\/de\/vertrieb-und-marketing\/\">Devam\u0131n\u0131 Oku<\/a><\/p>\n","protected":false},"author":10,"featured_media":0,"parent":0,"menu_order":0,"comment_status":"closed","ping_status":"closed","template":"","meta":{"footnotes":""},"class_list":["post-5567","page","type-page","status-publish","hentry"],"_links":{"self":[{"href":"https:\/\/gunesmetalurji.com\/de\/wp-json\/wp\/v2\/pages\/5567","targetHints":{"allow":["GET"]}}],"collection":[{"href":"https:\/\/gunesmetalurji.com\/de\/wp-json\/wp\/v2\/pages"}],"about":[{"href":"https:\/\/gunesmetalurji.com\/de\/wp-json\/wp\/v2\/types\/page"}],"author":[{"embeddable":true,"href":"https:\/\/gunesmetalurji.com\/de\/wp-json\/wp\/v2\/users\/10"}],"replies":[{"embeddable":true,"href":"https:\/\/gunesmetalurji.com\/de\/wp-json\/wp\/v2\/comments?post=5567"}],"version-history":[{"count":13,"href":"https:\/\/gunesmetalurji.com\/de\/wp-json\/wp\/v2\/pages\/5567\/revisions"}],"predecessor-version":[{"id":6414,"href":"https:\/\/gunesmetalurji.com\/de\/wp-json\/wp\/v2\/pages\/5567\/revisions\/6414"}],"wp:attachment":[{"href":"https:\/\/gunesmetalurji.com\/de\/wp-json\/wp\/v2\/media?parent=5567"}],"curies":[{"name":"wp","href":"https:\/\/api.w.org\/{rel}","templated":true}]}}