{"id":5761,"date":"2021-01-12T10:54:59","date_gmt":"2021-01-12T10:54:59","guid":{"rendered":"https:\/\/gunesmetalurji.com\/de\/?page_id=5761"},"modified":"2021-02-09T09:55:32","modified_gmt":"2021-02-09T09:55:32","slug":"kvkk-basvuru-formu","status":"publish","type":"page","link":"https:\/\/gunesmetalurji.com\/de\/kvkk-basvuru-formu\/","title":{"rendered":"KVKK Ba\u015fvuru Formu"},"content":{"rendered":"\n<p><strong>G\u00dcNE\u015e METALURJ\u0130 VE K\u0130MYA L\u0130M\u0130TED \u015e\u0130RKET\u0130<\/strong><\/p>\n\n\n\n<p><strong>K\u0130\u015e\u0130SEL VER\u0130 BA\u015eVURU FORMU<\/strong><\/p>\n\n\n\n<p><strong>GENEL A\u00c7IKLAMALAR<\/strong><\/p>\n\n\n\n<p><strong><u>Haklar\u0131n\u0131z<\/u><\/strong><\/p>\n\n\n\n<p>6698 Say\u0131l\u0131 Ki\u015fisel Verilerin Korunmas\u0131 Kanunu\u2019nun (\u201cKanun\u201d) 11. Maddesinde, ilgili ki\u015fi olarak tan\u0131mlanan ki\u015fisel veri sahiplerine (bundan sonra \u201cBa\u015fvuru Sahibi\u201d olarak an\u0131lacakt\u0131r), kendisiyle ilgili ki\u015fisel verilerin i\u015flenip i\u015flenmedi\u011fini \u00f6\u011frenme <strong>(KVKK 11.1.a)<\/strong>, i\u015flenen ki\u015fisel veriler varsa bunlar hakk\u0131nda bilgi talep etme <strong>(KVKK 11.1.b)<\/strong>, ki\u015fisel verilerin i\u015flenme amac\u0131n\u0131 ve bu ama\u00e7lar do\u011frultusunda kullan\u0131l\u0131p kullan\u0131lmad\u0131\u011f\u0131n\u0131 \u00f6\u011frenme <strong>(KVKK 11.1.c), <\/strong>yurt i\u00e7inde veya yurt d\u0131\u015f\u0131nda ki\u015fisel verilerin aktar\u0131ld\u0131\u011f\u0131 \u00fc\u00e7\u00fcnc\u00fc ki\u015fileri bilme <strong>(KVKK 11.1.\u00e7), <\/strong>ki\u015fisel verilerin eksik veya yanl\u0131\u015f i\u015flenmi\u015f olmas\u0131 halinde bunlar\u0131n d\u00fczeltilmesini isteme <strong>(KVKK 11.1.d), <\/strong>Kanun\u2019un 7. Maddesinde \u00f6ng\u00f6r\u00fclen \u015fartlar \u00e7er\u00e7evesinde ki\u015fisel verilerin silinmesini veya yok edilmesini isteme <strong>(KVKK 11.1.e), <\/strong>yukar\u0131da (d) ve (e) bentlerinde uyar\u0131nca yap\u0131lan i\u015flemlerin, ki\u015fisel verilerin aktar\u0131ld\u0131\u011f\u0131 \u00fc\u00e7\u00fcnc\u00fc ki\u015filere bildirilmesini isteme <strong>(KVKK 11.1.f)<\/strong>, i\u015flenen verilerin m\u00fcnhas\u0131ran otomatik sistemler vas\u0131tas\u0131yla analiz edilmesi suretiyle ki\u015finin kendisi aleyhine bir sonucun ortaya \u00e7\u0131kmas\u0131na itiraz etme <strong>(KVKK 11.1.g)<\/strong>, ki\u015fisel verilerin kanuna ayk\u0131r\u0131 olarak i\u015flenmesi sebebiyle zarara u\u011framas\u0131 h\u00e2linde zarar\u0131n giderilmesini talep etme <strong>(KVKK 11.1.\u011f)<\/strong> gibi bir tak\u0131m haklar tan\u0131nm\u0131\u015ft\u0131r.<\/p>\n\n\n\n<p>\u0130\u015fbu kapsamdaki taleplerinizi <strong>G\u00dcNE\u015e METALURJ\u0130 VE K\u0130MYA L\u0130M\u0130TED \u015e\u0130RKET\u0130\u2019<\/strong>ne a\u015fa\u011f\u0131da detayl\u0131 olarak a\u00e7\u0131klanan usul ve y\u00f6ntemlerle iletebilirsiniz. Taleplerinize daha h\u0131zl\u0131 ve do\u011fru bilgiler verebilmemiz ve talepleriniz do\u011frultusunda daha etkin bir aksiyon alabilmemiz i\u00e7in sizin i\u00e7in haz\u0131rlam\u0131\u015f oldu\u011fumuz haz\u0131r Ba\u015fvuru Formu\u2019nu doldurarak bize iletebilirsiniz.<\/p>\n\n\n\n<p>Kanunu\u2019nun 13\u2019\u00fcnc\u00fc maddesi ile Veri Sorumlusuna Ba\u015fvuru Usul ve Esaslar\u0131 Hakk\u0131nda Tebli\u011f\u2019in 5\u2019inci maddesi uyar\u0131nca; bu haklara ili\u015fkin olarak yap\u0131lacak ba\u015fvurular\u0131n <strong><u>T\u00fcrk\u00e7e<\/u><\/strong> <strong><u>yaz\u0131l\u0131 olarak<\/u><\/strong> veya Ki\u015fisel Verilerin Korunmas\u0131 Kurulu (\u201cKurul\u201d) taraf\u0131ndan belirlenen di\u011fer y\u00f6ntemlerle taraf\u0131m\u0131za iletilmesi gerekmektedir.<\/p>\n\n\n\n<p><strong><u>Ba\u015fvuru Kanallar\u0131<\/u><\/strong><\/p>\n\n\n\n<p>A\u015fa\u011f\u0131da, yaz\u0131l\u0131 ba\u015fvurular\u0131n ne \u015fekilde taraf\u0131m\u0131za ula\u015ft\u0131r\u0131labilece\u011fine ili\u015fkin bilgiler verilmektedir.<\/p>\n\n\n\n<figure class=\"wp-block-table\"><table><thead><tr><td><strong>BA\u015eVURU Y\u00d6NTEM\u0130<\/strong><\/td><td><strong>BA\u015eVURUNUN YAPILACA\u011eI ADRES<\/strong><\/td><td><strong>BA\u015eVURU G\u00d6NDER\u0130M\u0130NDE<br>BEL\u0130RT\u0130LECEK B\u0130LG\u0130<\/strong><\/td><\/tr><\/thead><tbody><tr><td>Yaz\u0131l\u0131 Ba\u015fvuru (Ba\u015fvuru sahibinin kimli\u011fini tevsik edici belge ile \u015fahsen ba\u015fvurusu)<\/td><td>Mevlana Mahallesi 885, Avrupa Konutlar\u0131, TEM 2,B4,Gaziosmanpa\u015fa \u0130stanbul<\/td><td>Zarf\u0131n \u00fczerine \u201cKVKK Bilgi Talebi\u201d yaz\u0131lacakt\u0131r.<\/td><\/tr><tr><td>Noter Kanal\u0131yla<\/td><td>Mevlana Mahallesi 885, Avrupa Konutlar\u0131, TEM 2,B4,Gaziosmanpa\u015fa \u0130stanbul<\/td><td>Tebligat\u0131n konu k\u0131sm\u0131na \u201cKVKK Bilgi Talebi\u201d<br>yaz\u0131lacakt\u0131r.<\/td><\/tr><tr><td>G\u00fcvenli elektronik imza,<br>Mobil \u0130mza ya da<br>Sistemimizde kay\u0131tl\u0131 E-posta adresi yoluyla<\/td><td>kvkk@gunesmetalurji.com<\/td><td>E-posta\u2019n\u0131n konu k\u0131sm\u0131na<br>\u201cKVKK Bilgi Talebi\u201d<br>yaz\u0131lacakt\u0131r.<\/td><\/tr><\/tbody><\/table><\/figure>\n\n\n\n<p><strong><br><\/strong><\/p>\n\n\n\n<p><strong><u>Ba\u015fvuru Usul\u00fc<\/u><\/strong><\/p>\n\n\n\n<p>Veri Sorumlusuna Ba\u015fvuru Usul ve Esaslar\u0131 Hakk\u0131nda Tebli\u011f(10\/03\/2018 tarih ve 30356 say\u0131l\u0131 R.G.) uyar\u0131nca ba\u015fvurular\u0131n\u0131zda (a) <strong><u>ad\u0131n\u0131z\u0131n, soyad\u0131n\u0131z\u0131n ve imzan\u0131z\u0131n<\/u><\/strong>, (b) <strong><u>T\u00fcrkiye Cumhuriyeti vatanda\u015flar\u0131 i\u00e7in T.C. kimlik numaras\u0131, yabanc\u0131lar i\u00e7in uyru\u011fu, pasaport numaras\u0131 veya varsa kimlik numaras\u0131n\u0131n,<\/u><\/strong> (c) <strong><u>tebligata esas yerle\u015fim yerinizin veya i\u015f yeri adresinizin,<\/u><\/strong> (\u00e7) <strong><u>varsa bildirime esas elektronik posta adresinizin, telefonunuzun ve faks numaras\u0131n\u0131n,<\/u><\/strong> (d) <strong><u>talep konusunun<\/u><\/strong> ve ayr\u0131ca <strong><u>konuya ili\u015fkin bilgi ve belgelerinizin<\/u><\/strong> ba\u015fvuruya eklenmesi gerekmektedir.<\/p>\n\n\n\n<p>Ba\u015fkas\u0131 ad\u0131na ba\u015fvuruda bulunmaktaysan\u0131z, yetkili makamlar taraf\u0131ndan d\u00fczenlenmi\u015f veya onaylanm\u0131\u015f ve <strong>Kanun kapsam\u0131nda ba\u015fvuru yapmaya yetkili oldu\u011funuzu g\u00f6steren<\/strong> belgeleri (ki\u015fisel veri sahibinin velisi \/vasisi oldu\u011funu g\u00f6sterir belge, ki\u015fisel verileriniz kapsam\u0131nda talepte bulunma yetkisini a\u00e7\u0131k\u00e7a i\u00e7erir vekaletname gibi) ba\u015fvurunun ekinde g\u00f6nderiniz.<\/p>\n\n\n\n<p>Ki\u015fisel verilerinizle ilgili olarak a\u015fa\u011f\u0131daki Ba\u015fvuru Formu\u2019nu kullanabilirsiniz. Hukuka ayk\u0131r\u0131 ve haks\u0131z bir \u015fekilde veri payla\u015f\u0131m\u0131ndan kaynaklanabilecek hukuki risklerin bertaraf edilmesi ve \u00f6zellikle ki\u015fisel verilerinizin g\u00fcvenli\u011finin sa\u011flanmas\u0131 amac\u0131yla, kimlik ve yetki tespiti i\u00e7in \u015eirketimiz ek evrak ve malumat (n\u00fcfus c\u00fczdan\u0131 veya s\u00fcr\u00fcc\u00fc belgesi sureti vb.) talep etme hakk\u0131n\u0131 sakl\u0131 tutar. Form kapsam\u0131nda iletmekte oldu\u011funuz taleplerinize ili\u015fkin bilgilerin do\u011fru ve g\u00fcncel olmamas\u0131 ya da yetkisiz bir ba\u015fvuru yap\u0131lmas\u0131 halinde \u015eirketimiz, s\u00f6z konusu yanl\u0131\u015f bilgi ya da yetkisiz ba\u015fvuru kaynakl\u0131 taleplerden dolay\u0131 mesuliyet kabul etmemektedir.<\/p>\n\n\n\n<p>Taraf\u0131m\u0131za iletilmi\u015f olan ba\u015fvurular\u0131n\u0131z Kanunu\u2019nun 13\u2019\u00fcnc\u00fc maddesinin 2\u2019inci f\u0131kras\u0131 gere\u011fince, talebin niteli\u011fine g\u00f6re talebinizin bizlere ula\u015ft\u0131\u011f\u0131 tarihten itibaren en ge\u00e7 otuz g\u00fcn i\u00e7inde yaz\u0131l\u0131 olarak \u00fccretsiz yan\u0131tland\u0131r\u0131lacakt\u0131r. Ancak, yaz\u0131l\u0131 cevap verilecek durumlarda on sayfaya kadar \u00fccret al\u0131nmayacak, on sayfay\u0131 ge\u00e7en her bir sayfa i\u00e7in <strong>Kurulca belirlenen<\/strong> i\u015flem \u00fccreti (1 TL) al\u0131nacakt\u0131r.<\/p>\n\n\n\n<p><strong>BA\u015eVURU FORMU<\/strong><\/p>\n\n\n\n<p><strong><u>1. Talepte Bulunan Ba\u015fvuru Sahibi\u2019nin<\/u><\/strong><\/p>\n\n\n\n<p>Ad\u0131 Soyad\u0131&nbsp;&nbsp;&nbsp;&nbsp;&nbsp;&nbsp;&nbsp;&nbsp;&nbsp;&nbsp;&nbsp;&nbsp;&nbsp;&nbsp;&nbsp;&nbsp;&nbsp;&nbsp;&nbsp;&nbsp;&nbsp;&nbsp;&nbsp;&nbsp;&nbsp;&nbsp;&nbsp;&nbsp;&nbsp;&nbsp;&nbsp;&nbsp;&nbsp;&nbsp;&nbsp;&nbsp;&nbsp;&nbsp;&nbsp;&nbsp;&nbsp;&nbsp;&nbsp; : \u2026\u2026\u2026\u2026\u2026\u2026\u2026\u2026\u2026\u2026\u2026\u2026\u2026\u2026\u2026\u2026\u2026\u2026<\/p>\n\n\n\n<p>TC Kimlik Numaras\u0131&nbsp;&nbsp;&nbsp;&nbsp;&nbsp;&nbsp;&nbsp;&nbsp;&nbsp;&nbsp;&nbsp;&nbsp;&nbsp;&nbsp;&nbsp;&nbsp;&nbsp;&nbsp;&nbsp;&nbsp;&nbsp;&nbsp;&nbsp;&nbsp;&nbsp;&nbsp;&nbsp; : \u2026\u2026\u2026\u2026\u2026\u2026\u2026\u2026\u2026\u2026\u2026\u2026\u2026\u2026\u2026\u2026\u2026\u2026<\/p>\n\n\n\n<p>Yabanc\u0131lar \u0130\u00e7in Uyruk<\/p>\n\n\n\n<p>ve Pasaport Numaras\u0131 &nbsp;&nbsp;&nbsp;&nbsp;&nbsp;&nbsp;&nbsp;&nbsp;&nbsp;&nbsp;&nbsp;&nbsp;&nbsp;&nbsp;&nbsp;&nbsp;&nbsp;&nbsp;&nbsp;&nbsp;&nbsp;&nbsp;&nbsp; : \u2026\u2026\u2026\u2026\u2026\u2026\u2026\u2026\u2026\u2026\u2026\u2026\u2026\u2026\u2026\u2026\u2026\u2026<\/p>\n\n\n\n<p>Tebligata Esas \u0130\u015fyeri<\/p>\n\n\n\n<p>veya \u0130kamet Adresi&nbsp;&nbsp;&nbsp;&nbsp;&nbsp;&nbsp;&nbsp;&nbsp;&nbsp;&nbsp;&nbsp;&nbsp;&nbsp;&nbsp;&nbsp;&nbsp;&nbsp; &nbsp;&nbsp;&nbsp;&nbsp;&nbsp;&nbsp;&nbsp;&nbsp;&nbsp;&nbsp;&nbsp; : \u2026\u2026\u2026\u2026\u2026\u2026\u2026\u2026\u2026\u2026\u2026\u2026\u2026\u2026\u2026\u2026\u2026\u2026<\/p>\n\n\n\n<p>Bildirime Esas E-posta Adresi&nbsp;&nbsp;&nbsp;&nbsp;&nbsp;&nbsp;&nbsp;&nbsp;&nbsp;&nbsp;&nbsp;&nbsp;&nbsp;&nbsp;&nbsp;&nbsp;&nbsp;&nbsp;&nbsp;&nbsp;&nbsp;&nbsp; : \u2026\u2026\u2026\u2026\u2026\u2026\u2026\u2026\u2026\u2026\u2026\u2026\u2026\u2026\u2026\u2026\u2026\u2026<\/p>\n\n\n\n<p>Telefon Numaras\u0131&nbsp;&nbsp;&nbsp;&nbsp;&nbsp;&nbsp;&nbsp;&nbsp;&nbsp;&nbsp;&nbsp;&nbsp;&nbsp;&nbsp;&nbsp;&nbsp;&nbsp;&nbsp;&nbsp;&nbsp;&nbsp;&nbsp;&nbsp;&nbsp;&nbsp;&nbsp;&nbsp;&nbsp;&nbsp;&nbsp;&nbsp; : \u2026\u2026\u2026\u2026\u2026\u2026\u2026\u2026\u2026\u2026\u2026\u2026\u2026\u2026\u2026\u2026\u2026\u2026<\/p>\n\n\n\n<p>Ba\u015fkas\u0131 ad\u0131na ba\u015fvuruda bulunulmakta ise<\/p>\n\n\n\n<p>A\u00e7\u0131klamalar&nbsp;&nbsp;&nbsp;&nbsp;&nbsp;&nbsp;&nbsp;&nbsp;&nbsp;&nbsp;&nbsp;&nbsp;&nbsp;&nbsp;&nbsp;&nbsp;&nbsp;&nbsp;&nbsp;&nbsp;&nbsp;&nbsp;&nbsp;&nbsp;&nbsp;&nbsp;&nbsp;&nbsp;&nbsp;&nbsp;&nbsp;&nbsp;&nbsp;&nbsp;&nbsp;&nbsp;&nbsp;&nbsp;&nbsp;&nbsp;&nbsp;&nbsp; : \u2026\u2026\u2026\u2026\u2026\u2026\u2026\u2026\u2026\u2026\u2026\u2026\u2026\u2026\u2026\u2026\u2026\u2026<\/p>\n\n\n\n<p><strong><u>2. Ba\u015fvuru Sahibi\u2019nin \u015eirketimiz ile olan ili\u015fkisi<\/u><\/strong><\/p>\n\n\n\n<ul class=\"wp-block-list\"><li><strong>Firma \u00c7al\u0131\u015fan\u0131 <\/strong><strong><\/strong><\/li><\/ul>\n\n\n\n<p><strong>\u00c7al\u0131\u015ft\u0131\u011f\u0131 B\u00f6l\u00fcm: ..\u2026\u2026\u2026\u2026\u2026\u2026\u2026\u2026\u2026\u2026\u2026\u2026\u2026\u2026\u2026\u2026\u2026\u2026\u2026\u2026\u2026\u2026\u2026\u2026\u2026\u2026&#8230;<\/strong><strong><\/strong><\/p>\n\n\n\n<p><strong>\u2026\u2026\u2026\u2026\u2026\u2026\u2026\u2026\u2026\u2026\u2026\u2026\u2026\u2026\u2026\u2026\u2026\u2026\u2026\u2026\u2026\u2026\u2026\u2026\u2026\u2026.\u2026\u2026\u2026\u2026\u2026\u2026\u2026\u2026..<\/strong><strong><\/strong><\/p>\n\n\n\n<ul class=\"wp-block-list\"><li><strong>Eski \u00c7al\u0131\u015fan<\/strong><strong><\/strong><\/li><\/ul>\n\n\n\n<p><strong>\u00c7al\u0131\u015ft\u0131\u011f\u0131 b\u00f6l\u00fcm ve d\u00f6nem: \u2026\u2026\u2026\u2026\u2026\u2026\u2026\u2026\u2026\u2026&#8230;\u2026\u2026\u2026\u2026\u2026\u2026\u2026\u2026\u2026\u2026\u2026\u2026<\/strong><strong><\/strong><\/p>\n\n\n\n<p><strong>\u2026\u2026\u2026\u2026\u2026\u2026\u2026\u2026\u2026\u2026\u2026\u2026\u2026\u2026\u2026\u2026\u2026\u2026\u2026\u2026\u2026\u2026\u2026\u2026\u2026\u2026.\u2026\u2026\u2026\u2026\u2026\u2026\u2026\u2026..<\/strong><strong><\/strong><\/p>\n\n\n\n<ul class=\"wp-block-list\"><li><strong>Tedarik\u00e7i<\/strong><strong><\/strong><\/li><\/ul>\n\n\n\n<p><strong>Sunulan \u00fcr\u00fcn ve\/veya hizmet ve zaman\u0131: &#8230;\u2026\u2026\u2026\u2026\u2026\u2026.\u2026\u2026\u2026\u2026\u2026\u2026\u2026\u2026\u2026.<\/strong><strong><\/strong><\/p>\n\n\n\n<p><strong>\u2026\u2026\u2026\u2026\u2026\u2026\u2026\u2026\u2026\u2026\u2026\u2026\u2026\u2026\u2026\u2026\u2026\u2026\u2026\u2026\u2026\u2026\u2026\u2026\u2026\u2026.\u2026\u2026\u2026\u2026\u2026\u2026\u2026\u2026..<\/strong><strong><\/strong><\/p>\n\n\n\n<ul class=\"wp-block-list\"><li><strong>M\u00fc\u015fteri<\/strong><strong><\/strong><\/li><\/ul>\n\n\n\n<p><strong>Hizmet al\u0131nan d\u00f6nem: \u2026\u2026\u2026\u2026\u2026\u2026\u2026\u2026\u2026\u2026\u2026\u2026\u2026\u2026\u2026\u2026\u2026\u2026\u2026\u2026\u2026\u2026\u2026\u2026&#8230;<\/strong><strong><\/strong><\/p>\n\n\n\n<p><strong>\u2026\u2026\u2026\u2026\u2026\u2026\u2026\u2026\u2026\u2026\u2026\u2026\u2026\u2026\u2026\u2026\u2026\u2026\u2026\u2026\u2026\u2026\u2026\u2026\u2026\u2026.\u2026\u2026\u2026\u2026\u2026\u2026\u2026\u2026..<\/strong><strong><\/strong><\/p>\n\n\n\n<ul class=\"wp-block-list\"><li><strong>\u0130nternet Sitesi Kullan\u0131c\u0131s\u0131<\/strong><strong><\/strong><\/li><li><strong>Ziyaret\u00e7i<\/strong><strong><\/strong><\/li><\/ul>\n\n\n\n<p><strong>Ziyaret etme nedeni ve zaman\u0131: \u2026\u2026\u2026\u2026&#8230;.\u2026\u2026\u2026\u2026\u2026\u2026\u2026\u2026\u2026\u2026\u2026\u2026\u2026\u2026\u2026.<\/strong><strong><\/strong><\/p>\n\n\n\n<p><strong>\u2026\u2026\u2026\u2026\u2026\u2026\u2026\u2026\u2026\u2026\u2026\u2026\u2026\u2026\u2026\u2026\u2026\u2026\u2026\u2026\u2026\u2026\u2026\u2026\u2026\u2026.\u2026\u2026\u2026\u2026\u2026\u2026\u2026\u2026..<\/strong><strong><\/strong><\/p>\n\n\n\n<ul class=\"wp-block-list\"><li><strong>Di\u011fer<\/strong><strong><\/strong><\/li><li><strong>\u0130\u015f Ba\u015fvurusu\/CV Payla\u015f\u0131m\u0131 yapt\u0131m.<\/strong><strong><\/strong><\/li><li><strong>Destek almak i\u00e7in ileti\u015fime ge\u00e7tim.<\/strong><strong><\/strong><\/li><li><strong>\u0130nternet Sitesi \u0130leti\u015fim B\u00f6l\u00fcm\u00fc \u00fczerinden mesaj g\u00f6nderdim.<\/strong><strong><\/strong><\/li><li><strong>3. Ki\u015fi Firma \u00c7al\u0131\u015fan\u0131<\/strong><strong><\/strong><\/li><li><strong>Di\u011fer: \u2026\u2026\u2026\u2026\u2026\u2026\u2026\u2026\u2026\u2026\u2026\u2026\u2026\u2026\u2026\u2026\u2026\u2026\u2026\u2026\u2026\u2026\u2026\u2026\u2026\u2026.\u2026\u2026\u2026..<\/strong><strong><\/strong><\/li><\/ul>\n\n\n\n<p><strong>\u2026\u2026\u2026\u2026\u2026\u2026\u2026\u2026\u2026\u2026\u2026\u2026\u2026\u2026\u2026\u2026\u2026\u2026\u2026\u2026\u2026\u2026\u2026\u2026\u2026\u2026.\u2026\u2026\u2026\u2026\u2026\u2026\u2026\u2026.<\/strong><strong><\/strong><\/p>\n\n\n\n<p><strong>\u2026\u2026\u2026\u2026\u2026\u2026\u2026\u2026\u2026\u2026\u2026\u2026\u2026\u2026\u2026\u2026\u2026\u2026\u2026\u2026\u2026\u2026\u2026\u2026\u2026\u2026.\u2026\u2026\u2026\u2026\u2026\u2026\u2026\u2026.<\/strong><strong><\/strong><\/p>\n\n\n\n<p><strong>\u2026\u2026\u2026\u2026\u2026\u2026\u2026\u2026\u2026\u2026\u2026\u2026\u2026\u2026\u2026\u2026\u2026\u2026\u2026\u2026\u2026\u2026\u2026\u2026\u2026\u2026.\u2026\u2026\u2026\u2026\u2026\u2026\u2026\u2026.<\/strong><strong><\/strong><\/p>\n\n\n\n<p><strong>\u2026\u2026\u2026\u2026\u2026\u2026\u2026\u2026\u2026\u2026\u2026\u2026\u2026\u2026\u2026\u2026\u2026\u2026\u2026\u2026\u2026\u2026\u2026\u2026\u2026\u2026.\u2026\u2026\u2026\u2026\u2026\u2026\u2026\u2026.<\/strong><strong><\/strong><\/p>\n\n\n\n<p><strong>\u2026\u2026\u2026\u2026\u2026\u2026\u2026\u2026\u2026\u2026\u2026\u2026\u2026\u2026\u2026\u2026\u2026\u2026\u2026\u2026\u2026\u2026\u2026\u2026\u2026\u2026.\u2026\u2026\u2026\u2026\u2026\u2026\u2026\u2026.<\/strong><strong><\/strong><strong><br><\/strong><\/p>\n\n\n\n<p><strong><u>3. L\u00fctfen Kanun kapsam\u0131ndaki talebinizi detayl\u0131 olarak belirtiniz.<\/u><\/strong><\/p>\n\n\n\n<p><strong>\u2026\u2026\u2026\u2026\u2026\u2026\u2026\u2026\u2026\u2026\u2026\u2026\u2026\u2026\u2026\u2026\u2026\u2026\u2026\u2026\u2026\u2026\u2026\u2026\u2026\u2026.\u2026\u2026\u2026\u2026\u2026\u2026\u2026\u2026.<\/strong><strong><\/strong><\/p>\n\n\n\n<p><strong>\u2026\u2026\u2026\u2026\u2026\u2026\u2026\u2026\u2026\u2026\u2026\u2026\u2026\u2026\u2026\u2026\u2026\u2026\u2026\u2026\u2026\u2026\u2026\u2026\u2026\u2026.\u2026\u2026\u2026\u2026\u2026\u2026\u2026\u2026.<\/strong><strong><\/strong><\/p>\n\n\n\n<p><strong>\u2026\u2026\u2026\u2026\u2026\u2026\u2026\u2026\u2026\u2026\u2026\u2026\u2026\u2026\u2026\u2026\u2026\u2026\u2026\u2026\u2026\u2026\u2026\u2026\u2026\u2026.\u2026\u2026\u2026\u2026\u2026\u2026\u2026\u2026.<\/strong><strong><\/strong><\/p>\n\n\n\n<p><strong>\u2026\u2026\u2026\u2026\u2026\u2026\u2026\u2026\u2026\u2026\u2026\u2026\u2026\u2026\u2026\u2026\u2026\u2026\u2026\u2026\u2026\u2026\u2026\u2026\u2026\u2026.\u2026\u2026\u2026\u2026\u2026\u2026\u2026\u2026.<\/strong><strong><\/strong><\/p>\n\n\n\n<p><strong>\u2026\u2026\u2026\u2026\u2026\u2026\u2026\u2026\u2026\u2026\u2026\u2026\u2026\u2026\u2026\u2026\u2026\u2026\u2026\u2026\u2026\u2026\u2026\u2026\u2026\u2026.\u2026\u2026\u2026\u2026\u2026\u2026\u2026\u2026.<\/strong><strong><\/strong><\/p>\n\n\n\n<p><strong>\u2026\u2026\u2026\u2026\u2026\u2026\u2026\u2026\u2026\u2026\u2026\u2026\u2026\u2026\u2026\u2026\u2026\u2026\u2026\u2026\u2026\u2026\u2026\u2026\u2026\u2026.\u2026\u2026\u2026\u2026\u2026\u2026\u2026\u2026.<\/strong><strong><\/strong><\/p>\n\n\n\n<p><strong>\u2026\u2026\u2026\u2026\u2026\u2026\u2026\u2026\u2026\u2026\u2026\u2026\u2026\u2026\u2026\u2026\u2026\u2026\u2026\u2026\u2026\u2026\u2026\u2026\u2026\u2026.\u2026\u2026\u2026\u2026\u2026\u2026\u2026\u2026.<\/strong><strong><\/strong><\/p>\n\n\n\n<p><strong>\u2026\u2026\u2026\u2026\u2026\u2026\u2026\u2026\u2026\u2026\u2026\u2026\u2026\u2026\u2026\u2026\u2026\u2026\u2026\u2026\u2026\u2026\u2026\u2026\u2026\u2026.\u2026\u2026\u2026\u2026\u2026\u2026\u2026\u2026.<\/strong><strong><\/strong><\/p>\n\n\n\n<p><strong>\u2026\u2026\u2026\u2026\u2026\u2026\u2026\u2026\u2026\u2026\u2026\u2026\u2026\u2026\u2026\u2026\u2026\u2026\u2026\u2026\u2026\u2026\u2026\u2026\u2026\u2026.\u2026\u2026\u2026\u2026\u2026\u2026\u2026\u2026.<\/strong><strong><\/strong><\/p>\n\n\n\n<p><strong>\u2026\u2026\u2026\u2026\u2026\u2026\u2026\u2026\u2026\u2026\u2026\u2026\u2026\u2026\u2026\u2026\u2026\u2026\u2026\u2026\u2026\u2026\u2026\u2026\u2026\u2026.\u2026\u2026\u2026\u2026\u2026\u2026\u2026\u2026.<\/strong><strong><\/strong><\/p>\n\n\n\n<p><strong><u>4. Konuya ili\u015fkin sair bilgi ve Ba\u015fvuru Formu\u2019na eklemek istedi\u011finiz belgeleriniz.<\/u><\/strong><\/p>\n\n\n\n<p><strong>\u2026\u2026\u2026\u2026\u2026\u2026\u2026\u2026\u2026\u2026\u2026\u2026\u2026\u2026\u2026\u2026\u2026\u2026\u2026\u2026\u2026\u2026\u2026\u2026\u2026\u2026.\u2026\u2026\u2026\u2026\u2026\u2026\u2026\u2026.<\/strong><strong><\/strong><\/p>\n\n\n\n<p><strong>\u2026\u2026\u2026\u2026\u2026\u2026\u2026\u2026\u2026\u2026\u2026\u2026\u2026\u2026\u2026\u2026\u2026\u2026\u2026\u2026\u2026\u2026\u2026\u2026\u2026\u2026.\u2026\u2026\u2026\u2026\u2026\u2026\u2026\u2026.<\/strong><strong><\/strong><\/p>\n\n\n\n<p><strong>\u2026\u2026\u2026\u2026\u2026\u2026\u2026\u2026\u2026\u2026\u2026\u2026\u2026\u2026\u2026\u2026\u2026\u2026\u2026\u2026\u2026\u2026\u2026\u2026\u2026\u2026.\u2026\u2026\u2026\u2026\u2026\u2026\u2026\u2026.<\/strong><strong><\/strong><\/p>\n\n\n\n<p><strong>\u2026\u2026\u2026\u2026\u2026\u2026\u2026\u2026\u2026\u2026\u2026\u2026\u2026\u2026\u2026\u2026\u2026\u2026\u2026\u2026\u2026\u2026\u2026\u2026\u2026\u2026.\u2026\u2026\u2026\u2026\u2026\u2026\u2026\u2026.<\/strong><strong><\/strong><\/p>\n\n\n\n<p><strong>\u2026\u2026\u2026\u2026\u2026\u2026\u2026\u2026\u2026\u2026\u2026\u2026\u2026\u2026\u2026\u2026\u2026\u2026\u2026\u2026\u2026\u2026\u2026\u2026\u2026\u2026.\u2026\u2026\u2026\u2026\u2026\u2026\u2026\u2026.<\/strong><strong><\/strong><\/p>\n\n\n\n<p><strong><u>5. L\u00fctfen ba\u015fvurunuza verece\u011fimiz yan\u0131t\u0131n taraf\u0131n\u0131za bildirilme y\u00f6ntemini se\u00e7iniz.<\/u><\/strong><\/p>\n\n\n\n<ul class=\"wp-block-list\"><li>A\u015fa\u011f\u0131da belirtti\u011fim adresime kargo ile g\u00f6nderilmesini istiyorum: <strong>\u2026\u2026\u2026\u2026\u2026\u2026\u2026\u2026\u2026\u2026\u2026\u2026\u2026\u2026\u2026\u2026\u2026\u2026\u2026\u2026\u2026\u2026\u2026\u2026\u2026\u2026.\u2026\u2026\u2026\u2026\u2026\u2026\u2026\u2026.<\/strong><\/li><li>A\u015fa\u011f\u0131da belirtti\u011fim adresime e-posta ile g\u00f6nderilmesini istiyorum: <strong>\u2026\u2026\u2026\u2026\u2026\u2026\u2026\u2026\u2026\u2026\u2026\u2026\u2026\u2026\u2026\u2026\u2026\u2026\u2026\u2026\u2026\u2026\u2026\u2026\u2026\u2026.\u2026\u2026\u2026\u2026\u2026\u2026\u2026\u2026.<\/strong><\/li><li>Elden teslim almak istiyorum.<\/li><\/ul>\n\n\n\n<p>Yukar\u0131da belirtti\u011fim talepler do\u011frultusunda, \u015eirketinize yapm\u0131\u015f oldu\u011fum ba\u015fvurumun Kanun\u2019un 13\u2019\u00fcnc\u00fc maddesi uyar\u0131nca de\u011ferlendirilerek taraf\u0131ma bilgi verilmesini rica ederim.<\/p>\n\n\n\n<p>\u0130\u015fbu ba\u015fvuruda taraf\u0131n\u0131za sa\u011flam\u0131\u015f oldu\u011fum belge ve bilgilerimin do\u011fru ve g\u00fcncel oldu\u011fu, \u015fahs\u0131ma ait oldu\u011funu beyan ve taahh\u00fct ederim.<\/p>\n\n\n\n<p><strong>Ba\u015fvuru Sahibi<\/strong><\/p>\n\n\n\n<p><strong>Ad\u0131 Soyad\u0131&nbsp;&nbsp;&nbsp;&nbsp;&nbsp;&nbsp;&nbsp;&nbsp;&nbsp;&nbsp;&nbsp;&nbsp;&nbsp;&nbsp;&nbsp;&nbsp;&nbsp;&nbsp;&nbsp;<\/strong><\/p>\n\n\n\n<p><strong>Ba\u015fvuru Tarihi <\/strong>&nbsp;&nbsp;&nbsp;&nbsp;&nbsp;&nbsp;&nbsp;&nbsp;&nbsp;&nbsp;<\/p>\n\n\n\n<p><strong>\u0130mza<\/strong><\/p>\n","protected":false},"excerpt":{"rendered":"<p>G\u00dcNE\u015e METALURJ\u0130 VE K\u0130MYA L\u0130M\u0130TED \u015e\u0130RKET\u0130 K\u0130\u015e\u0130SEL VER\u0130 BA\u015eVURU FORMU GENEL A\u00c7IKLAMALAR Haklar\u0131n\u0131z 6698 Say\u0131l\u0131 Ki\u015fisel Verilerin Korunmas\u0131 Kanunu\u2019nun (\u201cKanun\u201d) 11. Maddesinde, ilgili ki\u015fi olarak tan\u0131mlanan ki\u015fisel veri sahiplerine (bundan sonra \u201cBa\u015fvuru Sahibi\u201d olarak an\u0131lacakt\u0131r), kendisiyle ilgili ki\u015fisel verilerin i\u015flenip &hellip; <a href=\"https:\/\/gunesmetalurji.com\/de\/kvkk-basvuru-formu\/\">Devam\u0131n\u0131 Oku<\/a><\/p>\n","protected":false},"author":10,"featured_media":0,"parent":0,"menu_order":0,"comment_status":"closed","ping_status":"closed","template":"","meta":{"footnotes":""},"class_list":["post-5761","page","type-page","status-publish","hentry"],"_links":{"self":[{"href":"https:\/\/gunesmetalurji.com\/de\/wp-json\/wp\/v2\/pages\/5761","targetHints":{"allow":["GET"]}}],"collection":[{"href":"https:\/\/gunesmetalurji.com\/de\/wp-json\/wp\/v2\/pages"}],"about":[{"href":"https:\/\/gunesmetalurji.com\/de\/wp-json\/wp\/v2\/types\/page"}],"author":[{"embeddable":true,"href":"https:\/\/gunesmetalurji.com\/de\/wp-json\/wp\/v2\/users\/10"}],"replies":[{"embeddable":true,"href":"https:\/\/gunesmetalurji.com\/de\/wp-json\/wp\/v2\/comments?post=5761"}],"version-history":[{"count":2,"href":"https:\/\/gunesmetalurji.com\/de\/wp-json\/wp\/v2\/pages\/5761\/revisions"}],"predecessor-version":[{"id":6007,"href":"https:\/\/gunesmetalurji.com\/de\/wp-json\/wp\/v2\/pages\/5761\/revisions\/6007"}],"wp:attachment":[{"href":"https:\/\/gunesmetalurji.com\/de\/wp-json\/wp\/v2\/media?parent=5761"}],"curies":[{"name":"wp","href":"https:\/\/api.w.org\/{rel}","templated":true}]}}