{"id":6057,"date":"2023-09-22T15:43:55","date_gmt":"2023-09-22T15:43:55","guid":{"rendered":"https:\/\/gunesmetalurji.com\/de\/?page_id=6057"},"modified":"2023-10-12T16:43:42","modified_gmt":"2023-10-12T16:43:42","slug":"geschmiedeter-stahl","status":"publish","type":"page","link":"https:\/\/gunesmetalurji.com\/de\/geschmiedeter-stahl\/","title":{"rendered":"Geschmiedeter Stahl"},"content":{"rendered":"\t\t<div data-elementor-type=\"wp-page\" data-elementor-id=\"6057\" class=\"elementor elementor-6057\">\n\t\t\t\t\t\t<section class=\"elementor-section elementor-top-section elementor-element elementor-element-56d141d elementor-section-boxed elementor-section-height-default elementor-section-height-default\" data-id=\"56d141d\" data-element_type=\"section\" data-e-type=\"section\">\n\t\t\t\t\t\t<div class=\"elementor-container elementor-column-gap-default\">\n\t\t\t\t\t<div class=\"elementor-column elementor-col-50 elementor-top-column elementor-element elementor-element-a88f3b2\" data-id=\"a88f3b2\" data-element_type=\"column\" data-e-type=\"column\">\n\t\t\t<div class=\"elementor-widget-wrap elementor-element-populated\">\n\t\t\t\t\t\t<div class=\"elementor-element elementor-element-fc22f80 elementor-widget elementor-widget-image\" data-id=\"fc22f80\" data-element_type=\"widget\" data-e-type=\"widget\" data-widget_type=\"image.default\">\n\t\t\t\t<div class=\"elementor-widget-container\">\n\t\t\t\t\t\t\t\t\t\t\t\t\t\t\t<img decoding=\"async\" width=\"227\" height=\"181\" src=\"https:\/\/gunesmetalurji.com\/de\/wp-content\/uploads\/2023\/09\/forge.png\" class=\"attachment-large size-large wp-image-6243\" alt=\"\" srcset=\"https:\/\/gunesmetalurji.com\/de\/wp-content\/uploads\/2023\/09\/forge.png 227w, https:\/\/gunesmetalurji.com\/de\/wp-content\/uploads\/2023\/09\/forge-100x80.png 100w\" sizes=\"(max-width: 227px) 100vw, 227px\" \/>\t\t\t\t\t\t\t\t\t\t\t\t\t\t\t<\/div>\n\t\t\t\t<\/div>\n\t\t\t\t\t<\/div>\n\t\t<\/div>\n\t\t\t\t<div class=\"elementor-column elementor-col-50 elementor-top-column elementor-element elementor-element-1906da9\" data-id=\"1906da9\" data-element_type=\"column\" data-e-type=\"column\">\n\t\t\t<div class=\"elementor-widget-wrap elementor-element-populated\">\n\t\t\t\t\t\t<div class=\"elementor-element elementor-element-26cf878 elementor-widget elementor-widget-text-editor\" data-id=\"26cf878\" data-element_type=\"widget\" data-e-type=\"widget\" data-widget_type=\"text-editor.default\">\n\t\t\t\t<div class=\"elementor-widget-container\">\n\t\t\t\t\t\t\t\t\t<p><span style=\"font-size: small;\"><strong>Grade:<\/strong> C45 &#8211; 42CrMo4 &#8211; S355J2 &#8211; 16\/20 MnCr5 &#8211; 18CrNiMo7 &#8211; etc<br \/><strong>Formen: Rund &#8211; Flach:<\/strong> Yuvarlak &#8211; D\u00fcz<br \/><strong>Ma\u00dfe:<\/strong> 180mm &#8211; 1500mm<br \/><strong>L\u00e4nge:<\/strong> 1000mm &#8211; 12000mm<br \/><strong>W\u00e4rmebehandlung:<\/strong> Normalisiert &#8211; gegl\u00fcht &#8211; geh\u00e4rtet und angelassen<br \/><\/span><\/p>\t\t\t\t\t\t\t\t<\/div>\n\t\t\t\t<\/div>\n\t\t\t\t\t<\/div>\n\t\t<\/div>\n\t\t\t\t\t<\/div>\n\t\t<\/section>\n\t\t\t\t<section class=\"elementor-section elementor-top-section elementor-element elementor-element-d6c0dd8 elementor-section-boxed elementor-section-height-default elementor-section-height-default\" data-id=\"d6c0dd8\" data-element_type=\"section\" data-e-type=\"section\">\n\t\t\t\t\t\t<div class=\"elementor-container elementor-column-gap-default\">\n\t\t\t\t\t<div class=\"elementor-column elementor-col-33 elementor-top-column elementor-element elementor-element-22509a0\" data-id=\"22509a0\" data-element_type=\"column\" data-e-type=\"column\">\n\t\t\t<div class=\"elementor-widget-wrap elementor-element-populated\">\n\t\t\t\t\t\t<div class=\"elementor-element elementor-element-840813f elementor-widget elementor-widget-image\" data-id=\"840813f\" data-element_type=\"widget\" data-e-type=\"widget\" data-widget_type=\"image.default\">\n\t\t\t\t<div class=\"elementor-widget-container\">\n\t\t\t\t\t\t\t\t\t\t\t\t<figure class=\"wp-caption\">\n\t\t\t\t\t\t\t\t\t\t<img fetchpriority=\"high\" decoding=\"async\" width=\"1024\" height=\"768\" src=\"https:\/\/gunesmetalurji.com\/de\/wp-content\/uploads\/2023\/09\/s2-forged-aloyed-steel-bars-1024x768.jpg\" class=\"attachment-large size-large wp-image-6063\" alt=\"\" srcset=\"https:\/\/gunesmetalurji.com\/de\/wp-content\/uploads\/2023\/09\/s2-forged-aloyed-steel-bars-1024x768.jpg 1024w, https:\/\/gunesmetalurji.com\/de\/wp-content\/uploads\/2023\/09\/s2-forged-aloyed-steel-bars-300x225.jpg 300w, https:\/\/gunesmetalurji.com\/de\/wp-content\/uploads\/2023\/09\/s2-forged-aloyed-steel-bars-768x576.jpg 768w, https:\/\/gunesmetalurji.com\/de\/wp-content\/uploads\/2023\/09\/s2-forged-aloyed-steel-bars-267x200.jpg 267w, https:\/\/gunesmetalurji.com\/de\/wp-content\/uploads\/2023\/09\/s2-forged-aloyed-steel-bars-107x80.jpg 107w, https:\/\/gunesmetalurji.com\/de\/wp-content\/uploads\/2023\/09\/s2-forged-aloyed-steel-bars-394x296.jpg 394w, https:\/\/gunesmetalurji.com\/de\/wp-content\/uploads\/2023\/09\/s2-forged-aloyed-steel-bars-915x686.jpg 915w, https:\/\/gunesmetalurji.com\/de\/wp-content\/uploads\/2023\/09\/s2-forged-aloyed-steel-bars-1240x930.jpg 1240w, https:\/\/gunesmetalurji.com\/de\/wp-content\/uploads\/2023\/09\/s2-forged-aloyed-steel-bars.jpg 1280w\" sizes=\"(max-width: 1024px) 100vw, 1024px\" \/>\t\t\t\t\t\t\t\t\t\t\t<figcaption class=\"widget-image-caption wp-caption-text\"><\/figcaption>\n\t\t\t\t\t\t\t\t\t\t<\/figure>\n\t\t\t\t\t\t\t\t\t<\/div>\n\t\t\t\t<\/div>\n\t\t\t\t\t<\/div>\n\t\t<\/div>\n\t\t\t\t<div class=\"elementor-column elementor-col-66 elementor-top-column elementor-element elementor-element-9a578ba\" data-id=\"9a578ba\" data-element_type=\"column\" data-e-type=\"column\">\n\t\t\t<div class=\"elementor-widget-wrap elementor-element-populated\">\n\t\t\t\t\t\t<div class=\"elementor-element elementor-element-dfd3937 elementor-widget elementor-widget-text-editor\" data-id=\"dfd3937\" data-element_type=\"widget\" data-e-type=\"widget\" data-widget_type=\"text-editor.default\">\n\t\t\t\t<div class=\"elementor-widget-container\">\n\t\t\t\t\t\t\t\t\t<p>Das Herstellungsverfahren der geschmiedeten St\u00e4hle des Unternehmens umfasst die folgenden Merkmale:<\/p><ul><li>Moderne Vakuumanlagen (VD, VOD) f\u00fcr die Entgasung und Produktion von Spezial- und Edelst\u00e4hlen<\/li><li>Ausgestattet mit EBT-Ventil<\/li><li>Vakuum-Dekontamination (VD)<\/li><li>Vakuum-Entkohlung durch Einblasen von Sauerstoff (VOD)<\/li><li>Vakuum-Blockgie\u00dfen (VIC)<\/li><li>Gie\u00dfen unter Argongas, um den Kontakt der Schmelze mit der umgebenden Atmosph\u00e4re zu verhindern (Argonschutzkappe)<\/li><\/ul>\t\t\t\t\t\t\t\t<\/div>\n\t\t\t\t<\/div>\n\t\t\t\t\t<\/div>\n\t\t<\/div>\n\t\t\t\t\t<\/div>\n\t\t<\/section>\n\t\t\t\t<section class=\"elementor-section elementor-top-section elementor-element elementor-element-f31eb6f elementor-section-boxed elementor-section-height-default elementor-section-height-default\" data-id=\"f31eb6f\" data-element_type=\"section\" data-e-type=\"section\">\n\t\t\t\t\t\t<div class=\"elementor-container elementor-column-gap-default\">\n\t\t\t\t\t<div class=\"elementor-column elementor-col-33 elementor-top-column elementor-element elementor-element-64755e8\" data-id=\"64755e8\" data-element_type=\"column\" data-e-type=\"column\">\n\t\t\t<div class=\"elementor-widget-wrap elementor-element-populated\">\n\t\t\t\t\t\t<div class=\"elementor-element elementor-element-ae74f63 elementor-widget elementor-widget-image\" data-id=\"ae74f63\" data-element_type=\"widget\" data-e-type=\"widget\" data-widget_type=\"image.default\">\n\t\t\t\t<div class=\"elementor-widget-container\">\n\t\t\t\t\t\t\t\t\t\t\t\t<figure class=\"wp-caption\">\n\t\t\t\t\t\t\t\t\t\t<img decoding=\"async\" width=\"1024\" height=\"768\" src=\"https:\/\/gunesmetalurji.com\/de\/wp-content\/uploads\/2023\/09\/forged-1-1024x768.jpg\" class=\"attachment-large size-large wp-image-6120\" alt=\"\" srcset=\"https:\/\/gunesmetalurji.com\/de\/wp-content\/uploads\/2023\/09\/forged-1-1024x768.jpg 1024w, https:\/\/gunesmetalurji.com\/de\/wp-content\/uploads\/2023\/09\/forged-1-300x225.jpg 300w, https:\/\/gunesmetalurji.com\/de\/wp-content\/uploads\/2023\/09\/forged-1-768x576.jpg 768w, https:\/\/gunesmetalurji.com\/de\/wp-content\/uploads\/2023\/09\/forged-1-267x200.jpg 267w, https:\/\/gunesmetalurji.com\/de\/wp-content\/uploads\/2023\/09\/forged-1-107x80.jpg 107w, https:\/\/gunesmetalurji.com\/de\/wp-content\/uploads\/2023\/09\/forged-1-394x296.jpg 394w, https:\/\/gunesmetalurji.com\/de\/wp-content\/uploads\/2023\/09\/forged-1-915x687.jpg 915w, https:\/\/gunesmetalurji.com\/de\/wp-content\/uploads\/2023\/09\/forged-1.jpg 1210w\" sizes=\"(max-width: 1024px) 100vw, 1024px\" \/>\t\t\t\t\t\t\t\t\t\t\t<figcaption class=\"widget-image-caption wp-caption-text\"><\/figcaption>\n\t\t\t\t\t\t\t\t\t\t<\/figure>\n\t\t\t\t\t\t\t\t\t<\/div>\n\t\t\t\t<\/div>\n\t\t\t\t<div class=\"elementor-element elementor-element-8206f84 elementor-widget elementor-widget-image\" data-id=\"8206f84\" data-element_type=\"widget\" data-e-type=\"widget\" data-widget_type=\"image.default\">\n\t\t\t\t<div class=\"elementor-widget-container\">\n\t\t\t\t\t\t\t\t\t\t\t\t<figure class=\"wp-caption\">\n\t\t\t\t\t\t\t\t\t\t<img loading=\"lazy\" decoding=\"async\" width=\"832\" height=\"463\" src=\"https:\/\/gunesmetalurji.com\/de\/wp-content\/uploads\/2023\/09\/rolledtwo.jpg\" class=\"attachment-large size-large wp-image-6249\" alt=\"\" srcset=\"https:\/\/gunesmetalurji.com\/de\/wp-content\/uploads\/2023\/09\/rolledtwo.jpg 832w, https:\/\/gunesmetalurji.com\/de\/wp-content\/uploads\/2023\/09\/rolledtwo-300x167.jpg 300w, https:\/\/gunesmetalurji.com\/de\/wp-content\/uploads\/2023\/09\/rolledtwo-768x427.jpg 768w, https:\/\/gunesmetalurji.com\/de\/wp-content\/uploads\/2023\/09\/rolledtwo-359x200.jpg 359w, https:\/\/gunesmetalurji.com\/de\/wp-content\/uploads\/2023\/09\/rolledtwo-144x80.jpg 144w, https:\/\/gunesmetalurji.com\/de\/wp-content\/uploads\/2023\/09\/rolledtwo-394x219.jpg 394w\" sizes=\"(max-width: 832px) 100vw, 832px\" \/>\t\t\t\t\t\t\t\t\t\t\t<figcaption class=\"widget-image-caption wp-caption-text\"><\/figcaption>\n\t\t\t\t\t\t\t\t\t\t<\/figure>\n\t\t\t\t\t\t\t\t\t<\/div>\n\t\t\t\t<\/div>\n\t\t\t\t\t<\/div>\n\t\t<\/div>\n\t\t\t\t<div class=\"elementor-column elementor-col-33 elementor-top-column elementor-element elementor-element-fbae151\" data-id=\"fbae151\" data-element_type=\"column\" data-e-type=\"column\">\n\t\t\t<div class=\"elementor-widget-wrap elementor-element-populated\">\n\t\t\t\t\t\t<div class=\"elementor-element elementor-element-3fa9b4f elementor-widget elementor-widget-text-editor\" data-id=\"3fa9b4f\" data-element_type=\"widget\" data-e-type=\"widget\" data-widget_type=\"text-editor.default\">\n\t\t\t\t<div class=\"elementor-widget-container\">\n\t\t\t\t\t\t\t\t\t<p>Die weitere Ausstattung der Schmelz- und Gie\u00dfanlage f\u00fcr legierten Stahl ist wie folgt:<\/p><ul><li>Hochmoderne Anlage zur Herstellung von hochreinem Argon mit einer Reinheit von 99,999 % und Sauerstoff mit einer Reinheit von 99,995 %<\/li><li>W\u00e4rmebehandlungs\u00f6fen f\u00fcr Zug-, Gl\u00fch- und Anlassgl\u00fchzyklen von Produktionsbl\u00f6cken<\/li><li>Barrenk\u00fchlkammern (K\u00fchlbox)<\/li><li>Ausr\u00fcstung f\u00fcr die Qualit\u00e4tskontrolle<\/li><li>Gemeinschaftlich anerkanntes Symbol<\/li><li>Stranggussanlage<\/li><li>Ausgestattet mit einem radioaktiven Kokillenf\u00fcllstandskontrollsystem (Radioactive Mould Level Control)<\/li><li>Ausgestattet mit einem Magnetr\u00fchrer-System (EMS)<\/li><li>Automatische Brennschneidanlage mit Pulverinjektion zum Schneiden von rostfreien Stahlsorten (Pulverbrennschneidmaschine)<\/li><li>Kokille mit hydraulischem Oszillationssystem<\/li><\/ul>\t\t\t\t\t\t\t\t<\/div>\n\t\t\t\t<\/div>\n\t\t\t\t\t<\/div>\n\t\t<\/div>\n\t\t\t\t<div class=\"elementor-column elementor-col-33 elementor-top-column elementor-element elementor-element-01615ec\" data-id=\"01615ec\" data-element_type=\"column\" data-e-type=\"column\">\n\t\t\t<div class=\"elementor-widget-wrap elementor-element-populated\">\n\t\t\t\t\t\t<div class=\"elementor-element elementor-element-ed2c81d elementor-widget elementor-widget-text-editor\" data-id=\"ed2c81d\" data-element_type=\"widget\" data-e-type=\"widget\" data-widget_type=\"text-editor.default\">\n\t\t\t\t<div class=\"elementor-widget-container\">\n\t\t\t\t\t\t\t\t\t<p>Folgende W\u00e4rmebehandlungsverfahren sind anwendbar:<\/p><ul><li>Gl\u00fcharten<\/li><li>Erl\u00f6schen in verschiedenen K\u00fchlmedien<\/li><li>Anlassen<\/li><li>Normalisieren<\/li><li>Spannungsarmgl\u00fchen<\/li><li>Induktives H\u00e4rten<\/li><li>Oberfl\u00e4chenh\u00e4rten oder Spr\u00fchabschrecken<\/li><li>Umschmelztropfen unter neutraler Gasatmosph\u00e4re (Schutzgasatmosph\u00e4re ESR)<\/li><li>Radial-Schmiedemaschinen =<\/li><li>SPANNUNGSFREISCHALTUNG<\/li><li>H\u00c4RTEN &amp; ANLASSEN<\/li><li>AUSSCHEIDUNGSH\u00c4RTEN<\/li><li>TIC (Temperatur-Indikator-Steuerung)<\/li><li>BIC (Brenner-Z\u00fcndsteuerung)<\/li><\/ul>\t\t\t\t\t\t\t\t<\/div>\n\t\t\t\t<\/div>\n\t\t\t\t\t<\/div>\n\t\t<\/div>\n\t\t\t\t\t<\/div>\n\t\t<\/section>\n\t\t\t\t<section class=\"elementor-section elementor-top-section elementor-element elementor-element-0ef6973 elementor-section-boxed elementor-section-height-default elementor-section-height-default\" data-id=\"0ef6973\" data-element_type=\"section\" data-e-type=\"section\">\n\t\t\t\t\t\t<div class=\"elementor-container elementor-column-gap-default\">\n\t\t\t\t\t<div class=\"elementor-column elementor-col-100 elementor-top-column elementor-element elementor-element-2b49f11\" data-id=\"2b49f11\" data-element_type=\"column\" data-e-type=\"column\">\n\t\t\t<div class=\"elementor-widget-wrap\">\n\t\t\t\t\t\t\t<\/div>\n\t\t<\/div>\n\t\t\t\t\t<\/div>\n\t\t<\/section>\n\t\t\t\t<\/div>\n\t\t","protected":false},"excerpt":{"rendered":"<p>Grade: C45 &#8211; 42CrMo4 &#8211; S355J2 &#8211; 16\/20 MnCr5 &#8211; 18CrNiMo7 &#8211; etcFormen: Rund &#8211; Flach: Yuvarlak &#8211; D\u00fczMa\u00dfe: 180mm &#8211; 1500mmL\u00e4nge: 1000mm &#8211; 12000mmW\u00e4rmebehandlung: Normalisiert &#8211; gegl\u00fcht &#8211; geh\u00e4rtet und angelassen Das Herstellungsverfahren der geschmiedeten St\u00e4hle des Unternehmens umfasst &hellip; <a href=\"https:\/\/gunesmetalurji.com\/de\/geschmiedeter-stahl\/\">Devam\u0131n\u0131 Oku<\/a><\/p>\n","protected":false},"author":10,"featured_media":0,"parent":0,"menu_order":0,"comment_status":"closed","ping_status":"closed","template":"","meta":{"footnotes":""},"class_list":["post-6057","page","type-page","status-publish","hentry"],"_links":{"self":[{"href":"https:\/\/gunesmetalurji.com\/de\/wp-json\/wp\/v2\/pages\/6057","targetHints":{"allow":["GET"]}}],"collection":[{"href":"https:\/\/gunesmetalurji.com\/de\/wp-json\/wp\/v2\/pages"}],"about":[{"href":"https:\/\/gunesmetalurji.com\/de\/wp-json\/wp\/v2\/types\/page"}],"author":[{"embeddable":true,"href":"https:\/\/gunesmetalurji.com\/de\/wp-json\/wp\/v2\/users\/10"}],"replies":[{"embeddable":true,"href":"https:\/\/gunesmetalurji.com\/de\/wp-json\/wp\/v2\/comments?post=6057"}],"version-history":[{"count":54,"href":"https:\/\/gunesmetalurji.com\/de\/wp-json\/wp\/v2\/pages\/6057\/revisions"}],"predecessor-version":[{"id":6418,"href":"https:\/\/gunesmetalurji.com\/de\/wp-json\/wp\/v2\/pages\/6057\/revisions\/6418"}],"wp:attachment":[{"href":"https:\/\/gunesmetalurji.com\/de\/wp-json\/wp\/v2\/media?parent=6057"}],"curies":[{"name":"wp","href":"https:\/\/api.w.org\/{rel}","templated":true}]}}