{"id":6106,"date":"2023-09-23T06:22:11","date_gmt":"2023-09-23T06:22:11","guid":{"rendered":"https:\/\/gunesmetalurji.com\/de\/?page_id=6106"},"modified":"2023-10-12T16:53:05","modified_gmt":"2023-10-12T16:53:05","slug":"kaltgezogene-stahle","status":"publish","type":"page","link":"https:\/\/gunesmetalurji.com\/de\/kaltgezogene-stahle\/","title":{"rendered":"Kaltgezogene St\u00e4hle"},"content":{"rendered":"\t\t<div data-elementor-type=\"wp-page\" data-elementor-id=\"6106\" class=\"elementor elementor-6106\">\n\t\t\t\t\t\t<section class=\"elementor-section elementor-top-section elementor-element elementor-element-62bfe76 elementor-section-boxed elementor-section-height-default elementor-section-height-default\" data-id=\"62bfe76\" data-element_type=\"section\" data-e-type=\"section\">\n\t\t\t\t\t\t<div class=\"elementor-container elementor-column-gap-default\">\n\t\t\t\t\t<div class=\"elementor-column elementor-col-50 elementor-top-column elementor-element elementor-element-b4f6c76\" data-id=\"b4f6c76\" data-element_type=\"column\" data-e-type=\"column\">\n\t\t\t<div class=\"elementor-widget-wrap elementor-element-populated\">\n\t\t\t\t\t\t<div class=\"elementor-element elementor-element-2530d7e elementor-widget elementor-widget-image\" data-id=\"2530d7e\" data-element_type=\"widget\" data-e-type=\"widget\" data-widget_type=\"image.default\">\n\t\t\t\t<div class=\"elementor-widget-container\">\n\t\t\t\t\t\t\t\t\t\t\t\t\t\t\t<img decoding=\"async\" width=\"237\" height=\"188\" src=\"https:\/\/gunesmetalurji.com\/de\/wp-content\/uploads\/2023\/09\/cold.png\" class=\"attachment-large size-large wp-image-6259\" alt=\"\" srcset=\"https:\/\/gunesmetalurji.com\/de\/wp-content\/uploads\/2023\/09\/cold.png 237w, https:\/\/gunesmetalurji.com\/de\/wp-content\/uploads\/2023\/09\/cold-101x80.png 101w\" sizes=\"(max-width: 237px) 100vw, 237px\" \/>\t\t\t\t\t\t\t\t\t\t\t\t\t\t\t<\/div>\n\t\t\t\t<\/div>\n\t\t\t\t\t<\/div>\n\t\t<\/div>\n\t\t\t\t<div class=\"elementor-column elementor-col-50 elementor-top-column elementor-element elementor-element-f64b06c\" data-id=\"f64b06c\" data-element_type=\"column\" data-e-type=\"column\">\n\t\t\t<div class=\"elementor-widget-wrap elementor-element-populated\">\n\t\t\t\t\t\t<div class=\"elementor-element elementor-element-fa98305 elementor-widget elementor-widget-text-editor\" data-id=\"fa98305\" data-element_type=\"widget\" data-e-type=\"widget\" data-widget_type=\"text-editor.default\">\n\t\t\t\t<div class=\"elementor-widget-container\">\n\t\t\t\t\t\t\t\t\t<p><span style=\"font-size: small;\"><strong>Grade:<\/strong> 11SMnPb30 &#8211; 11SMnPb37 &#8211; 11SMn30 &#8211; etc<br \/><strong>Formen: <\/strong>Rund &#8211; Quadratisch \u2013 Sechseck<strong><br \/>Ma\u00dfe:<\/strong> 5mm &#8211; 60mm<br \/><strong>L\u00e4nge:<\/strong> 3000mm<br \/><\/span><\/p>\t\t\t\t\t\t\t\t<\/div>\n\t\t\t\t<\/div>\n\t\t\t\t\t<\/div>\n\t\t<\/div>\n\t\t\t\t\t<\/div>\n\t\t<\/section>\n\t\t\t\t<section class=\"elementor-section elementor-top-section elementor-element elementor-element-d6c0dd8 elementor-section-boxed elementor-section-height-default elementor-section-height-default\" data-id=\"d6c0dd8\" data-element_type=\"section\" data-e-type=\"section\">\n\t\t\t\t\t\t<div class=\"elementor-container elementor-column-gap-default\">\n\t\t\t\t\t<div class=\"elementor-column elementor-col-33 elementor-top-column elementor-element elementor-element-22509a0\" data-id=\"22509a0\" data-element_type=\"column\" data-e-type=\"column\">\n\t\t\t<div class=\"elementor-widget-wrap elementor-element-populated\">\n\t\t\t\t\t\t<div class=\"elementor-element elementor-element-840813f elementor-widget elementor-widget-image\" data-id=\"840813f\" data-element_type=\"widget\" data-e-type=\"widget\" data-widget_type=\"image.default\">\n\t\t\t\t<div class=\"elementor-widget-container\">\n\t\t\t\t\t\t\t\t\t\t\t\t<figure class=\"wp-caption\">\n\t\t\t\t\t\t\t\t\t\t<img fetchpriority=\"high\" decoding=\"async\" width=\"1024\" height=\"946\" src=\"https:\/\/gunesmetalurji.com\/de\/wp-content\/uploads\/2023\/09\/cold-drawn-1-1024x946.jpg\" class=\"attachment-large size-large wp-image-6275\" alt=\"\" srcset=\"https:\/\/gunesmetalurji.com\/de\/wp-content\/uploads\/2023\/09\/cold-drawn-1-1024x946.jpg 1024w, https:\/\/gunesmetalurji.com\/de\/wp-content\/uploads\/2023\/09\/cold-drawn-1-300x277.jpg 300w, https:\/\/gunesmetalurji.com\/de\/wp-content\/uploads\/2023\/09\/cold-drawn-1-768x710.jpg 768w, https:\/\/gunesmetalurji.com\/de\/wp-content\/uploads\/2023\/09\/cold-drawn-1-216x200.jpg 216w, https:\/\/gunesmetalurji.com\/de\/wp-content\/uploads\/2023\/09\/cold-drawn-1-87x80.jpg 87w, https:\/\/gunesmetalurji.com\/de\/wp-content\/uploads\/2023\/09\/cold-drawn-1-328x303.jpg 328w, https:\/\/gunesmetalurji.com\/de\/wp-content\/uploads\/2023\/09\/cold-drawn-1-758x700.jpg 758w, https:\/\/gunesmetalurji.com\/de\/wp-content\/uploads\/2023\/09\/cold-drawn-1-1028x950.jpg 1028w, https:\/\/gunesmetalurji.com\/de\/wp-content\/uploads\/2023\/09\/cold-drawn-1-1169x1080.jpg 1169w, https:\/\/gunesmetalurji.com\/de\/wp-content\/uploads\/2023\/09\/cold-drawn-1.jpg 1512w\" sizes=\"(max-width: 1024px) 100vw, 1024px\" \/>\t\t\t\t\t\t\t\t\t\t\t<figcaption class=\"widget-image-caption wp-caption-text\"><\/figcaption>\n\t\t\t\t\t\t\t\t\t\t<\/figure>\n\t\t\t\t\t\t\t\t\t<\/div>\n\t\t\t\t<\/div>\n\t\t\t\t\t<\/div>\n\t\t<\/div>\n\t\t\t\t<div class=\"elementor-column elementor-col-66 elementor-top-column elementor-element elementor-element-9a578ba\" data-id=\"9a578ba\" data-element_type=\"column\" data-e-type=\"column\">\n\t\t\t<div class=\"elementor-widget-wrap elementor-element-populated\">\n\t\t\t\t\t\t<div class=\"elementor-element elementor-element-dfd3937 elementor-widget elementor-widget-text-editor\" data-id=\"dfd3937\" data-element_type=\"widget\" data-e-type=\"widget\" data-widget_type=\"text-editor.default\">\n\t\t\t\t<div class=\"elementor-widget-container\">\n\t\t\t\t\t\t\t\t\t<p>Das Herstellungsverfahren der kaltgezogenen Stahlst\u00e4be des Unternehmens umfasst die folgenden Merkmale:<\/p><ul><li>Es handelt sich um ein Verfahren zur Erh\u00f6hung der Durchmessertoleranz, der Linearit\u00e4t und der Glanzqualit\u00e4t der Oberfl\u00e4che durch Verengung des Querschnitts bei Umgebungstemperatur, ohne dass das Material erw\u00e4rmt werden muss. Die Qualit\u00e4ten, auf die das Verfahren angewendet wird, sind Kohlenstoffst\u00e4hle, Verg\u00fctungsst\u00e4hle, Aufkohlungsst\u00e4hle, Automatenst\u00e4hle und Federst\u00e4hle.<\/li><li>Das Ziehen wird auf zwei Arten durchgef\u00fchrt: Rund-, Sechskant- und Vierkantmaterial<\/li><li>Risskontrolle (gem\u00e4\u00df der Norm EN10277-1)<\/li><li>Kontrolle der Lasergr\u00f6\u00dfe und -abmessung<\/li><li>Kontrolle der Linearit\u00e4t<\/li><li>Chemische Qualit\u00e4tskontrolle der Werkstoffe<\/li><\/ul>\t\t\t\t\t\t\t\t<\/div>\n\t\t\t\t<\/div>\n\t\t\t\t\t<\/div>\n\t\t<\/div>\n\t\t\t\t\t<\/div>\n\t\t<\/section>\n\t\t\t\t<section class=\"elementor-section elementor-top-section elementor-element elementor-element-42032ae elementor-section-boxed elementor-section-height-default elementor-section-height-default\" data-id=\"42032ae\" data-element_type=\"section\" data-e-type=\"section\">\n\t\t\t\t\t\t<div class=\"elementor-container elementor-column-gap-default\">\n\t\t\t\t\t<div class=\"elementor-column elementor-col-33 elementor-top-column elementor-element elementor-element-d38baa7\" data-id=\"d38baa7\" data-element_type=\"column\" data-e-type=\"column\">\n\t\t\t<div class=\"elementor-widget-wrap elementor-element-populated\">\n\t\t\t\t\t\t<div class=\"elementor-element elementor-element-ba3def6 elementor-widget elementor-widget-image\" data-id=\"ba3def6\" data-element_type=\"widget\" data-e-type=\"widget\" data-widget_type=\"image.default\">\n\t\t\t\t<div class=\"elementor-widget-container\">\n\t\t\t\t\t\t\t\t\t\t\t\t<figure class=\"wp-caption\">\n\t\t\t\t\t\t\t\t\t\t<img decoding=\"async\" width=\"1008\" height=\"465\" src=\"https:\/\/gunesmetalurji.com\/de\/wp-content\/uploads\/2023\/09\/cold.jpg\" class=\"attachment-large size-large wp-image-6128\" alt=\"\" srcset=\"https:\/\/gunesmetalurji.com\/de\/wp-content\/uploads\/2023\/09\/cold.jpg 1008w, https:\/\/gunesmetalurji.com\/de\/wp-content\/uploads\/2023\/09\/cold-300x138.jpg 300w, https:\/\/gunesmetalurji.com\/de\/wp-content\/uploads\/2023\/09\/cold-768x354.jpg 768w, https:\/\/gunesmetalurji.com\/de\/wp-content\/uploads\/2023\/09\/cold-434x200.jpg 434w, https:\/\/gunesmetalurji.com\/de\/wp-content\/uploads\/2023\/09\/cold-173x80.jpg 173w, https:\/\/gunesmetalurji.com\/de\/wp-content\/uploads\/2023\/09\/cold-394x182.jpg 394w, https:\/\/gunesmetalurji.com\/de\/wp-content\/uploads\/2023\/09\/cold-915x422.jpg 915w\" sizes=\"(max-width: 1008px) 100vw, 1008px\" \/>\t\t\t\t\t\t\t\t\t\t\t<figcaption class=\"widget-image-caption wp-caption-text\"><\/figcaption>\n\t\t\t\t\t\t\t\t\t\t<\/figure>\n\t\t\t\t\t\t\t\t\t<\/div>\n\t\t\t\t<\/div>\n\t\t\t\t<div class=\"elementor-element elementor-element-60c83a9 elementor-widget elementor-widget-image\" data-id=\"60c83a9\" data-element_type=\"widget\" data-e-type=\"widget\" data-widget_type=\"image.default\">\n\t\t\t\t<div class=\"elementor-widget-container\">\n\t\t\t\t\t\t\t\t\t\t\t\t<figure class=\"wp-caption\">\n\t\t\t\t\t\t\t\t\t\t<img loading=\"lazy\" decoding=\"async\" width=\"1024\" height=\"768\" src=\"https:\/\/gunesmetalurji.com\/de\/wp-content\/uploads\/2023\/09\/cold-drawn-2.jpg\" class=\"attachment-large size-large wp-image-6300\" alt=\"\" srcset=\"https:\/\/gunesmetalurji.com\/de\/wp-content\/uploads\/2023\/09\/cold-drawn-2.jpg 1024w, https:\/\/gunesmetalurji.com\/de\/wp-content\/uploads\/2023\/09\/cold-drawn-2-300x225.jpg 300w, https:\/\/gunesmetalurji.com\/de\/wp-content\/uploads\/2023\/09\/cold-drawn-2-768x576.jpg 768w, https:\/\/gunesmetalurji.com\/de\/wp-content\/uploads\/2023\/09\/cold-drawn-2-267x200.jpg 267w, https:\/\/gunesmetalurji.com\/de\/wp-content\/uploads\/2023\/09\/cold-drawn-2-107x80.jpg 107w, https:\/\/gunesmetalurji.com\/de\/wp-content\/uploads\/2023\/09\/cold-drawn-2-394x296.jpg 394w, https:\/\/gunesmetalurji.com\/de\/wp-content\/uploads\/2023\/09\/cold-drawn-2-915x686.jpg 915w\" sizes=\"(max-width: 1024px) 100vw, 1024px\" \/>\t\t\t\t\t\t\t\t\t\t\t<figcaption class=\"widget-image-caption wp-caption-text\"><\/figcaption>\n\t\t\t\t\t\t\t\t\t\t<\/figure>\n\t\t\t\t\t\t\t\t\t<\/div>\n\t\t\t\t<\/div>\n\t\t\t\t\t<\/div>\n\t\t<\/div>\n\t\t\t\t<div class=\"elementor-column elementor-col-66 elementor-top-column elementor-element elementor-element-fd863eb\" data-id=\"fd863eb\" data-element_type=\"column\" data-e-type=\"column\">\n\t\t\t<div class=\"elementor-widget-wrap\">\n\t\t\t\t\t\t\t<\/div>\n\t\t<\/div>\n\t\t\t\t\t<\/div>\n\t\t<\/section>\n\t\t\t\t<\/div>\n\t\t","protected":false},"excerpt":{"rendered":"<p>Grade: 11SMnPb30 &#8211; 11SMnPb37 &#8211; 11SMn30 &#8211; etcFormen: Rund &#8211; Quadratisch \u2013 SechseckMa\u00dfe: 5mm &#8211; 60mmL\u00e4nge: 3000mm Das Herstellungsverfahren der kaltgezogenen Stahlst\u00e4be des Unternehmens umfasst die folgenden Merkmale: Es handelt sich um ein Verfahren zur Erh\u00f6hung der Durchmessertoleranz, der Linearit\u00e4t &hellip; <a href=\"https:\/\/gunesmetalurji.com\/de\/kaltgezogene-stahle\/\">Devam\u0131n\u0131 Oku<\/a><\/p>\n","protected":false},"author":10,"featured_media":0,"parent":0,"menu_order":0,"comment_status":"closed","ping_status":"closed","template":"","meta":{"footnotes":""},"class_list":["post-6106","page","type-page","status-publish","hentry"],"_links":{"self":[{"href":"https:\/\/gunesmetalurji.com\/de\/wp-json\/wp\/v2\/pages\/6106","targetHints":{"allow":["GET"]}}],"collection":[{"href":"https:\/\/gunesmetalurji.com\/de\/wp-json\/wp\/v2\/pages"}],"about":[{"href":"https:\/\/gunesmetalurji.com\/de\/wp-json\/wp\/v2\/types\/page"}],"author":[{"embeddable":true,"href":"https:\/\/gunesmetalurji.com\/de\/wp-json\/wp\/v2\/users\/10"}],"replies":[{"embeddable":true,"href":"https:\/\/gunesmetalurji.com\/de\/wp-json\/wp\/v2\/comments?post=6106"}],"version-history":[{"count":36,"href":"https:\/\/gunesmetalurji.com\/de\/wp-json\/wp\/v2\/pages\/6106\/revisions"}],"predecessor-version":[{"id":6436,"href":"https:\/\/gunesmetalurji.com\/de\/wp-json\/wp\/v2\/pages\/6106\/revisions\/6436"}],"wp:attachment":[{"href":"https:\/\/gunesmetalurji.com\/de\/wp-json\/wp\/v2\/media?parent=6106"}],"curies":[{"name":"wp","href":"https:\/\/api.w.org\/{rel}","templated":true}]}}