{"id":179,"date":"2017-09-13T17:48:21","date_gmt":"2017-09-14T00:48:21","guid":{"rendered":"http:\/\/import.themovation.com\/stratus\/?page_id=171"},"modified":"2023-10-18T08:40:16","modified_gmt":"2023-10-18T08:40:16","slug":"home-product-vr-3-2","status":"publish","type":"page","link":"https:\/\/gunesmetalurji.com\/tr\/","title":{"rendered":"Anasayfa"},"content":{"rendered":"\t\t<div data-elementor-type=\"wp-post\" data-elementor-id=\"179\" class=\"elementor elementor-179\">\n\t\t\t\t\t\t<section class=\"elementor-section elementor-top-section elementor-element elementor-element-fc46fcd elementor-section-stretched elementor-section-full_width elementor-section-height-default elementor-section-height-default\" data-id=\"fc46fcd\" data-element_type=\"section\" data-e-type=\"section\" data-settings=\"{&quot;stretch_section&quot;:&quot;section-stretched&quot;}\">\n\t\t\t\t\t\t<div class=\"elementor-container elementor-column-gap-no\">\n\t\t\t\t\t<div class=\"elementor-column elementor-col-100 elementor-top-column elementor-element elementor-element-e1f0106\" data-id=\"e1f0106\" data-element_type=\"column\" data-e-type=\"column\">\n\t\t\t<div class=\"elementor-widget-wrap elementor-element-populated\">\n\t\t\t\t\t\t<div class=\"elementor-element elementor-element-5655da0 elementor-widget elementor-widget-themo-slider\" data-id=\"5655da0\" data-element_type=\"widget\" data-e-type=\"widget\" data-widget_type=\"themo-slider.default\">\n\t\t\t\t<div class=\"elementor-widget-container\">\n\t\t\t\t\t\n\t\t<div id=\"main-flex-slider\" class=\"flexslider\">\n\t\t\t<ul class=\"slides\">\n\t\t\t\t\n                    \n                    \n\t\t\t\t\t\t\t\t\t\t                    \n                    <li class=\"elementor-repeater-item-16269e5\">\n\t\t\t\t\t\t<div class=\"slider-bg slide-cal-center \">\n                            <div class=\"th-slide-wrap has-image-bg\">\n                                <div class=\"th-slide-inner  th-centered\">\n                                    <div class=\"th-slide-content\">\n                                        \n                                                                                \n                                        \n                                                                                                                                                                            \n                                            <div><\/div>                                                                            <\/div>\n                                <\/div>\n\t\t\t\t\t\t\t<\/div>\n\t\t\t\t\t\t<\/div>\n\t\t\t\t\t<\/li>\n\t\t\t\t\n                    \n                    \n\t\t\t\t\t\t\t\t\t\t                    \n                    <li class=\"elementor-repeater-item-1b73b24\">\n\t\t\t\t\t\t<div class=\"slider-bg slide-cal-center  \">\n                            <div class=\"th-slide-wrap has-image-bg th-slide-wrap has-image-bg\">\n                                <div class=\"th-slide-inner  th-centered\">\n                                    <div class=\"th-slide-content\">\n                                        \n                                                                                \n                                        \n                                                                                                                                                                            \n                                            <div><\/div>                                                                            <\/div>\n                                <\/div>\n\t\t\t\t\t\t\t<\/div>\n\t\t\t\t\t\t<\/div>\n\t\t\t\t\t<\/li>\n\t\t\t\t\n                    \n                    \n\t\t\t\t\t\t\t\t\t\t                    \n                    <li class=\"elementor-repeater-item-e958382\">\n\t\t\t\t\t\t<div class=\"slider-bg slide-cal-center   \">\n                            <div class=\"th-slide-wrap has-image-bg th-slide-wrap has-image-bg th-slide-wrap has-image-bg\">\n                                <div class=\"th-slide-inner  th-centered\">\n                                    <div class=\"th-slide-content\">\n                                        \n                                                                                \n                                        \n                                                                                                                                                                            \n                                            <div><\/div>                                                                            <\/div>\n                                <\/div>\n\t\t\t\t\t\t\t<\/div>\n\t\t\t\t\t\t<\/div>\n\t\t\t\t\t<\/li>\n\t\t\t\t\n                    \n                    \n\t\t\t\t\t\t\t\t\t\t                    \n                    <li class=\"elementor-repeater-item-6ce116d\">\n\t\t\t\t\t\t<div class=\"slider-bg slide-cal-center    \">\n                            <div class=\"th-slide-wrap has-image-bg th-slide-wrap has-image-bg th-slide-wrap has-image-bg th-slide-wrap has-image-bg\">\n                                <div class=\"th-slide-inner  th-centered\">\n                                    <div class=\"th-slide-content\">\n                                        \n                                                                                \n                                        \n                                                                                                                                                                            \n                                            <div><\/div>                                                                            <\/div>\n                                <\/div>\n\t\t\t\t\t\t\t<\/div>\n\t\t\t\t\t\t<\/div>\n\t\t\t\t\t<\/li>\n\t\t\t\t\n                    \n                    \n\t\t\t\t\t\t\t\t\t\t                    \n                    <li class=\"elementor-repeater-item-9b9696b\">\n\t\t\t\t\t\t<div class=\"slider-bg slide-cal-center     \">\n                            <div class=\"th-slide-wrap has-image-bg th-slide-wrap has-image-bg th-slide-wrap has-image-bg th-slide-wrap has-image-bg th-slide-wrap has-image-bg\">\n                                <div class=\"th-slide-inner  th-centered\">\n                                    <div class=\"th-slide-content\">\n                                        \n                                                                                \n                                        \n                                                                                                                                                                            \n                                            <div><\/div>                                                                            <\/div>\n                                <\/div>\n\t\t\t\t\t\t\t<\/div>\n\t\t\t\t\t\t<\/div>\n\t\t\t\t\t<\/li>\n\t\t\t\t\t\t\t<\/ul>\n\n\t\t\t\t\t<\/div>\n\n\t\t<script>\n\t\t\tjQuery( function ( $ ) {\n\n\t\t\t\tthemo_start_flex_slider(\n\t\t\t\t\t'.flexslider',\n                    true,\n\t\t\t\t\t'slide',\n\t\t\t\t\t'linear',\n\t\t\t\t\ttrue,\n\t\t\t\t\ttrue,\n\t\t\t\t\t3000,\n\t\t\t\t\t800,\n\t\t\t\t\tfalse,\n\t\t\t\t\tfalse,\n\t\t\t\t\ttrue,\n\t\t\t\t\ttrue,\n\t\t\t\t\ttrue\t\t\t\t);\n\t\t\t} );\n\t\t<\/script>\n\t\t\t\t\t\t<\/div>\n\t\t\t\t<\/div>\n\t\t\t\t\t<\/div>\n\t\t<\/div>\n\t\t\t\t\t<\/div>\n\t\t<\/section>\n\t\t\t\t<section class=\"elementor-section elementor-top-section elementor-element elementor-element-888abd8 elementor-section-full_width elementor-section-height-default elementor-section-height-default\" data-id=\"888abd8\" data-element_type=\"section\" data-e-type=\"section\">\n\t\t\t\t\t\t<div class=\"elementor-container elementor-column-gap-no\">\n\t\t\t\t\t<div class=\"elementor-column elementor-col-100 elementor-top-column elementor-element elementor-element-e7f8e3f\" data-id=\"e7f8e3f\" data-element_type=\"column\" data-e-type=\"column\">\n\t\t\t<div class=\"elementor-widget-wrap elementor-element-populated\">\n\t\t\t\t\t\t<div class=\"elementor-element elementor-element-242e869 elementor-widget elementor-widget-spacer\" data-id=\"242e869\" data-element_type=\"widget\" data-e-type=\"widget\" data-widget_type=\"spacer.default\">\n\t\t\t\t<div class=\"elementor-widget-container\">\n\t\t\t\t\t\t\t<div class=\"elementor-spacer\">\n\t\t\t<div class=\"elementor-spacer-inner\"><\/div>\n\t\t<\/div>\n\t\t\t\t\t\t<\/div>\n\t\t\t\t<\/div>\n\t\t\t\t\t<\/div>\n\t\t<\/div>\n\t\t\t\t\t<\/div>\n\t\t<\/section>\n\t\t\t\t<section class=\"elementor-section elementor-top-section elementor-element elementor-element-5f4df71 elementor-section-boxed elementor-section-height-default elementor-section-height-default\" data-id=\"5f4df71\" data-element_type=\"section\" data-e-type=\"section\" data-settings=\"{&quot;background_background&quot;:&quot;classic&quot;}\">\n\t\t\t\t\t\t<div class=\"elementor-container elementor-column-gap-default\">\n\t\t\t\t\t<div class=\"elementor-column elementor-col-100 elementor-top-column elementor-element elementor-element-2f88cd4\" data-id=\"2f88cd4\" data-element_type=\"column\" data-e-type=\"column\">\n\t\t\t<div class=\"elementor-widget-wrap elementor-element-populated\">\n\t\t\t\t\t\t<div class=\"elementor-element elementor-element-734772d elementor-widget elementor-widget-text-editor\" data-id=\"734772d\" data-element_type=\"widget\" data-e-type=\"widget\" data-widget_type=\"text-editor.default\">\n\t\t\t\t<div class=\"elementor-widget-container\">\n\t\t\t\t\t\t\t\t\t<div id=\"th-portfolio-content-5f93c44025bce\" class=\"th-portfolio\">\n<div id=\"th-portfolio-row\" class=\"th-portfolio-row row portfolio_content four-columns th-port-gutter\" style=\"position: relative; height: 290.362px;\">\n<div id=\"post-5285\" class=\"th-portfolio-item item col-md-3 col-sm-6 p-agency post-5285 themo_portfolio type-themo_portfolio status-publish format-standard has-post-thumbnail hentry themo_project_type-agency\" style=\"position: absolute; left: 0px; top: 0px;\">\n<div class=\"th-port-wrap\">\n<a href=\"https:\/\/gunesmetalurji.com\/tr\/tabaka-levhalar\">\n<img loading=\"lazy\" decoding=\"async\" loading=\"lazy\" class=\"img-responsive th-port-img wp-post-image\" src=\"https:\/\/gunesmetalurji.com\/tr\/wp-content\/uploads\/2023\/09\/1.png\" alt=\"\" width=\"605\" height=\"605\">\n<div class=\"th-port-overlay\"><\/div>\n<\/a><div class=\"th-port-inner\"><a href=\"https:\/\/gunesmetalurji.com\/tr\/tabaka-levhalar\">\n<\/a><div class=\"th-port-center\"><a href=\"https:\/\/gunesmetalurji.com\/tr\/tabaka-levhalar\">\n<h3 class=\"th-port-title\">Sac ve Levha \u00c7elikleri<\/h3>\n<p class=\"th-port-sub\">Sertifikal\u0131 Yass\u0131 \u00c7elik Levha-Sac<\/p>\n<\/a>\n<\/div>\n<\/div>\n<\/div>\n<\/div>\n<div id=\"post-5317\" class=\"th-portfolio-item item col-md-3 col-sm-6 p-agency post-5317 themo_portfolio type-themo_portfolio status-publish format-standard has-post-thumbnail hentry themo_project_type-agency\" style=\"position: absolute; left: 280px; top: 0px;\">\n<div class=\"th-port-wrap\">\n<a href=\"https:\/\/gunesmetalurji.com\/tr\/dovme-celik\">\n<img loading=\"lazy\" decoding=\"async\" loading=\"lazy\" class=\"img-responsive th-port-img wp-post-image\" src=\"https:\/\/gunesmetalurji.com\/tr\/wp-content\/uploads\/2023\/09\/2.png\" alt=\"\" width=\"605\" height=\"605\">\n<div class=\"th-port-overlay\"><\/div>\n<\/a><div class=\"th-port-inner\"><a href=\"https:\/\/gunesmetalurji.com\/tr\/dovme-celik\">\n<\/a><div class=\"th-port-center\"><a href=\"https:\/\/gunesmetalurji.com\/tr\/dovme-celik\/\">\n<h3 class=\"th-port-title\">D\u00f6vme \u00c7elik<\/h3>\n<p class=\"th-port-sub\">D\u00f6vme \u00c7elik &amp; \u00c7atlak Kontrol\u00fc<\/p>\n<\/a>\n<\/div>\n<\/div>\n<\/div>\n<\/div>\n<div id=\"post-53177\" class=\"th-portfolio-item item col-md-3 col-sm-6 p-agency post-5317 themo_portfolio type-themo_portfolio status-publish format-standard has-post-thumbnail hentry themo_project_type-agency\" style=\"position: absolute; left: 560px; top: 0px;\">\n<div class=\"th-port-wrap\">\n<a href=\"https:\/\/gunesmetalurji.com\/tr\/sicak-hadde-celikleri\">\n<img loading=\"lazy\" decoding=\"async\" loading=\"lazy\" class=\"img-responsive th-port-img wp-post-image\" src=\"https:\/\/gunesmetalurji.com\/tr\/wp-content\/uploads\/2023\/09\/3.png\" alt=\"\" width=\"605\" height=\"605\">\n<div class=\"th-port-overlay\"><\/div>\n<\/a><div class=\"th-port-inner\"><a href=\"https:\/\/gunesmetalurji.com\/tr\/sicak-hadde-celikleri\">\n<\/a><div class=\"th-port-center\"><a href=\"https:\/\/gunesmetalurji.com\/tr\/sicak-hadde-celikleri\">\n<h3 class=\"th-port-title\">S\u0131cak Hadde \u00c7elikleri<\/h3>\n<p class=\"th-port-sub\">S\u0131cak Hadde \u00c7ekilleri<\/p>\n<\/a>\n<\/div>\n<\/div>\n<\/div>\n<\/div>\n<div id=\"post-5321\" class=\"th-portfolio-item item col-md-3 col-sm-6 p-agency post-5321 themo_portfolio type-themo_portfolio status-publish format-standard has-post-thumbnail hentry themo_project_type-agency\" style=\"position: absolute; left: 840px; top: 0px;\">\n<div class=\"th-port-wrap\">\n<a href=\"https:\/\/gunesmetalurji.com\/tr\/soguk-cekim-celikleri\">\n<img loading=\"lazy\" decoding=\"async\" loading=\"lazy\" class=\"img-responsive th-port-img wp-post-image\" src=\"https:\/\/gunesmetalurji.com\/tr\/wp-content\/uploads\/2023\/09\/4-1.png\" alt=\"\" width=\"605\" height=\"605\">\n<div class=\"th-port-overlay\"><\/div>\n<\/a><div class=\"th-port-inner\"><a href=\"https:\/\/gunesmetalurji.com\/tr\/soguk-cekim-celikleri\">\n<\/a><div class=\"th-port-center\"><a href=\"https:\/\/gunesmetalurji.com\/tr\/soguk-cekim-celikleri\">\n<h3 class=\"th-port-title\">So\u011fuk \u00c7ekim \u00c7elikleri<\/h3>\n<p class=\"th-port-sub\">Yuvarlak-Alt\u0131nk\u00f6\u015fe-K\u00f6\u015feli \u00c7elikler<\/p>\n<\/a>\n<\/div>\n<\/div>\n<\/div>\n<\/div>\n<\/div>\n<\/div>\t\t\t\t\t\t\t\t<\/div>\n\t\t\t\t<\/div>\n\t\t\t\t\t<\/div>\n\t\t<\/div>\n\t\t\t\t\t<\/div>\n\t\t<\/section>\n\t\t\t\t<section class=\"elementor-section elementor-top-section elementor-element elementor-element-af85faf elementor-section-boxed elementor-section-height-default elementor-section-height-default\" data-id=\"af85faf\" data-element_type=\"section\" data-e-type=\"section\" data-settings=\"{&quot;background_background&quot;:&quot;classic&quot;}\">\n\t\t\t\t\t\t<div class=\"elementor-container elementor-column-gap-default\">\n\t\t\t\t\t<div class=\"elementor-column elementor-col-50 elementor-top-column elementor-element elementor-element-156c885\" data-id=\"156c885\" data-element_type=\"column\" data-e-type=\"column\">\n\t\t\t<div class=\"elementor-widget-wrap elementor-element-populated\">\n\t\t\t\t\t\t<div class=\"elementor-element elementor-element-83541ad elementor-widget elementor-widget-text-editor\" data-id=\"83541ad\" data-element_type=\"widget\" data-e-type=\"widget\" data-widget_type=\"text-editor.default\">\n\t\t\t\t<div class=\"elementor-widget-container\">\n\t\t\t\t\t\t\t\t\t<h3><span style=\"color: #ffffff;\"><strong>G\u00dcNE\u015e METALURJ\u0130<\/strong><\/span><\/h3>\n\n<hr \/>\n\n<section class=\"content-editor\">\n<div class=\"elementor elementor-5577\" data-elementor-type=\"wp-page\" data-elementor-id=\"5577\" data-elementor-settings=\"[]\">\n<div class=\"elementor-inner\">\n<div class=\"elementor-section-wrap\"><section class=\"elementor-section elementor-top-section elementor-element elementor-element-f77c718 elementor-section-boxed elementor-section-height-default elementor-section-height-default\" data-id=\"f77c718\" data-element_type=\"section\">\n<div class=\"elementor-container elementor-column-gap-default\">\n<div class=\"elementor-row\">\n<div class=\"elementor-column elementor-col-100 elementor-top-column elementor-element elementor-element-6e1e784\" data-id=\"6e1e784\" data-element_type=\"column\">\n<div class=\"elementor-column-wrap elementor-element-populated\">\n<div class=\"elementor-widget-wrap\">\n<div class=\"elementor-element elementor-element-5f17b38 elementor-widget elementor-widget-text-editor\" data-id=\"5f17b38\" data-element_type=\"widget\" data-widget_type=\"text-editor.default\">\n<div class=\"elementor-widget-container\">\n<div class=\"elementor-text-editor elementor-clearfix\">\n\n<span style=\"color: #ffffff;\">G\u00dcNE\u015e METALURJ\u0130, \u00e7ok \u00e7e\u015fitli kalite ve ko\u015fullarda kullan\u0131lan d\u00f6vme \u00e7elik ve yuvarlak \u00e7ubuk \u00e7eli\u011fi i\u00e7in Orta Do\u011fu&#8217;nun en b\u00fcy\u00fck distrib\u00fct\u00f6rlerinden biridir. S\u0131cak haddelenmi\u015f, d\u00f6vme veya parlak \u00e7ubuk durumunda, Soyma, so\u011fuk \u00e7ekme ve ta\u015flamada y\u00fcksek kaliteli ala\u015f\u0131ml\u0131, ala\u015f\u0131ms\u0131z uzun \u00e7elik \u00fcr\u00fcnler. 6 mm. \u2013 1500 mm aras\u0131 t\u00fcm \u00e7aplarda, ala\u015f\u0131ml\u0131, ala\u015f\u0131ms\u0131z yuvarlak, kare, alt\u0131gen, d\u00fcz \u015fekilli, s\u0131cak haddelenmi\u015f, d\u00f6v\u00fclm\u00fc\u015f, soyulmu\u015f, so\u011fuk \u00e7ekilmi\u015f ve \u00f6\u011f\u00fct\u00fclm\u00fc\u015f uzun \u00fcr\u00fcnlerde Avrupa&#8217;n\u0131n en b\u00fcy\u00fck \u00e7elik servis merkezidir. Firmam\u0131z geni\u015f bir \u00fcr\u00fcn yelpazesi sunmaktad\u0131r; pik demirler, d\u00f6vme ala\u015f\u0131ml\u0131 \u00e7elik, haddelenmi\u015f ala\u015f\u0131ml\u0131 \u00e7elik, ferro ala\u015f\u0131mlar\u0131, metal ala\u015f\u0131mlar, kok ve karbon \u00fcr\u00fcnleri, metaller ve mineraller, \u00e7e\u015fitli \u00f6zl\u00fc teller, \u0131s\u0131ya dayan\u0131kl\u0131 \u00fcr\u00fcnler, kimyasallar ve demir ve demir d\u0131\u015f\u0131 end\u00fcstriler i\u00e7in yar\u0131 mamul \/ bitmi\u015f \u00fcr\u00fcnler.<\/span>\n\n<\/div>\n<\/div>\n<\/div>\n<\/div>\n<\/div>\n<\/div>\n<\/div>\n<\/div>\n<\/section><\/div>\n<\/div>\n<\/div>\n<\/section>\n<div class=\"container\">\n<div class=\"row\"><\/div>\n<\/div>\t\t\t\t\t\t\t\t<\/div>\n\t\t\t\t<\/div>\n\t\t\t\t\t<\/div>\n\t\t<\/div>\n\t\t\t\t<div class=\"elementor-column elementor-col-50 elementor-top-column elementor-element elementor-element-fbb7988\" data-id=\"fbb7988\" data-element_type=\"column\" data-e-type=\"column\">\n\t\t\t<div class=\"elementor-widget-wrap elementor-element-populated\">\n\t\t\t\t\t\t<div class=\"elementor-element elementor-element-68a32f5 elementor-widget elementor-widget-text-editor\" data-id=\"68a32f5\" data-element_type=\"widget\" data-e-type=\"widget\" data-widget_type=\"text-editor.default\">\n\t\t\t\t<div class=\"elementor-widget-container\">\n\t\t\t\t\t\t\t\t\t<img decoding=\"async\" src=\"https:\/\/gunesmetalurji.com\/tr\/wp-content\/uploads\/2020\/09\/logowhite.png\"> \t\t\t\t\t\t\t\t<\/div>\n\t\t\t\t<\/div>\n\t\t\t\t\t<\/div>\n\t\t<\/div>\n\t\t\t\t\t<\/div>\n\t\t<\/section>\n\t\t\t\t<\/div>\n\t\t","protected":false},"excerpt":{"rendered":"<p>Sac ve Levha \u00c7elikleri Sertifikal\u0131 Yass\u0131 \u00c7elik Levha-Sac D\u00f6vme \u00c7elik D\u00f6vme \u00c7elik &amp; \u00c7atlak Kontrol\u00fc S\u0131cak Hadde \u00c7elikleri S\u0131cak Hadde \u00c7ekilleri So\u011fuk \u00c7ekim \u00c7elikleri Yuvarlak-Alt\u0131nk\u00f6\u015fe-K\u00f6\u015feli \u00c7elikler G\u00dcNE\u015e METALURJ\u0130 G\u00dcNE\u015e METALURJ\u0130, \u00e7ok \u00e7e\u015fitli kalite ve ko\u015fullarda kullan\u0131lan d\u00f6vme \u00e7elik ve yuvarlak &hellip; <a href=\"https:\/\/gunesmetalurji.com\/tr\/\">Devam\u0131n\u0131 Oku<\/a><\/p>\n","protected":false},"author":10,"featured_media":0,"parent":0,"menu_order":-20,"comment_status":"closed","ping_status":"closed","template":"","meta":{"footnotes":""},"class_list":["post-179","page","type-page","status-publish","hentry"],"_links":{"self":[{"href":"https:\/\/gunesmetalurji.com\/tr\/wp-json\/wp\/v2\/pages\/179","targetHints":{"allow":["GET"]}}],"collection":[{"href":"https:\/\/gunesmetalurji.com\/tr\/wp-json\/wp\/v2\/pages"}],"about":[{"href":"https:\/\/gunesmetalurji.com\/tr\/wp-json\/wp\/v2\/types\/page"}],"author":[{"embeddable":true,"href":"https:\/\/gunesmetalurji.com\/tr\/wp-json\/wp\/v2\/users\/10"}],"replies":[{"embeddable":true,"href":"https:\/\/gunesmetalurji.com\/tr\/wp-json\/wp\/v2\/comments?post=179"}],"version-history":[{"count":191,"href":"https:\/\/gunesmetalurji.com\/tr\/wp-json\/wp\/v2\/pages\/179\/revisions"}],"predecessor-version":[{"id":6397,"href":"https:\/\/gunesmetalurji.com\/tr\/wp-json\/wp\/v2\/pages\/179\/revisions\/6397"}],"wp:attachment":[{"href":"https:\/\/gunesmetalurji.com\/tr\/wp-json\/wp\/v2\/media?parent=179"}],"curies":[{"name":"wp","href":"https:\/\/api.w.org\/{rel}","templated":true}]}}