{"id":5552,"date":"2020-09-24T12:56:48","date_gmt":"2020-09-24T12:56:48","guid":{"rendered":"https:\/\/gunesmetalurji.com\/tr\/?page_id=5552"},"modified":"2023-10-03T16:52:06","modified_gmt":"2023-10-03T16:52:06","slug":"misyon-vizyon","status":"publish","type":"page","link":"https:\/\/gunesmetalurji.com\/tr\/misyon-vizyon\/","title":{"rendered":"Misyon &#038; Vizyon"},"content":{"rendered":"\t\t<div data-elementor-type=\"wp-page\" data-elementor-id=\"5552\" class=\"elementor elementor-5552\">\n\t\t\t\t\t\t<section class=\"elementor-section elementor-top-section elementor-element elementor-element-f77c718 elementor-section-boxed elementor-section-height-default elementor-section-height-default\" data-id=\"f77c718\" data-element_type=\"section\" data-e-type=\"section\">\n\t\t\t\t\t\t<div class=\"elementor-container elementor-column-gap-default\">\n\t\t\t\t\t<div class=\"elementor-column elementor-col-100 elementor-top-column elementor-element elementor-element-6e1e784\" data-id=\"6e1e784\" data-element_type=\"column\" data-e-type=\"column\">\n\t\t\t<div class=\"elementor-widget-wrap elementor-element-populated\">\n\t\t\t\t\t\t<div class=\"elementor-element elementor-element-5f17b38 elementor-widget elementor-widget-text-editor\" data-id=\"5f17b38\" data-element_type=\"widget\" data-e-type=\"widget\" data-widget_type=\"text-editor.default\">\n\t\t\t\t<div class=\"elementor-widget-container\">\n\t\t\t\t\t\t\t\t\t<p>Misyonumuz<\/p><div class=\"lRu31\"><span class=\"HwtZe\" lang=\"tr\"><span class=\"jCAhz ChMk0b\"><span class=\"ryNqvb\">M\u00fc\u015fterilerimizin ala\u015f\u0131ml\u0131 veya ala\u015f\u0131ms\u0131z kalite \u00e7elik taleplerini en k\u0131sa s\u00fcrede, en iyi fiyat ve talep edilen kalitede kar\u015f\u0131lamakt\u0131r.<\/span><\/span><\/span><\/div><div class=\"UdTY9 WdefRb\" aria-hidden=\"true\" data-location=\"2\">\u00a0<\/div><p><br \/>Vizyonumuz<\/p><p>T\u00fcm \u00e7al\u0131\u015fanlar\u0131m\u0131zla hizmet verdi\u011fimiz sekt\u00f6rlerde de\u011fer yaratan bir \u015firket olmak. Avrupa&#8217;daki sa\u011flam konumunu g\u00fc\u00e7lendirmek, d\u00fcnya pazar\u0131nda liderli\u011fini s\u00fcrd\u00fcrmek ve d\u00fcnya \u00e7ap\u0131nda tan\u0131nan bir marka olmakt\u0131r.<\/p>\t\t\t\t\t\t\t\t<\/div>\n\t\t\t\t<\/div>\n\t\t\t\t\t<\/div>\n\t\t<\/div>\n\t\t\t\t\t<\/div>\n\t\t<\/section>\n\t\t\t\t<\/div>\n\t\t","protected":false},"excerpt":{"rendered":"<p>Misyonumuz M\u00fc\u015fterilerimizin ala\u015f\u0131ml\u0131 veya ala\u015f\u0131ms\u0131z kalite \u00e7elik taleplerini en k\u0131sa s\u00fcrede, en iyi fiyat ve talep edilen kalitede kar\u015f\u0131lamakt\u0131r.\u00a0 Vizyonumuz T\u00fcm \u00e7al\u0131\u015fanlar\u0131m\u0131zla hizmet verdi\u011fimiz sekt\u00f6rlerde de\u011fer yaratan bir \u015firket olmak. Avrupa&#8217;daki sa\u011flam konumunu g\u00fc\u00e7lendirmek, d\u00fcnya pazar\u0131nda liderli\u011fini s\u00fcrd\u00fcrmek ve d\u00fcnya &hellip; <a href=\"https:\/\/gunesmetalurji.com\/tr\/misyon-vizyon\/\">Devam\u0131n\u0131 Oku<\/a><\/p>\n","protected":false},"author":10,"featured_media":0,"parent":0,"menu_order":0,"comment_status":"closed","ping_status":"closed","template":"","meta":{"footnotes":""},"class_list":["post-5552","page","type-page","status-publish","hentry"],"_links":{"self":[{"href":"https:\/\/gunesmetalurji.com\/tr\/wp-json\/wp\/v2\/pages\/5552","targetHints":{"allow":["GET"]}}],"collection":[{"href":"https:\/\/gunesmetalurji.com\/tr\/wp-json\/wp\/v2\/pages"}],"about":[{"href":"https:\/\/gunesmetalurji.com\/tr\/wp-json\/wp\/v2\/types\/page"}],"author":[{"embeddable":true,"href":"https:\/\/gunesmetalurji.com\/tr\/wp-json\/wp\/v2\/users\/10"}],"replies":[{"embeddable":true,"href":"https:\/\/gunesmetalurji.com\/tr\/wp-json\/wp\/v2\/comments?post=5552"}],"version-history":[{"count":7,"href":"https:\/\/gunesmetalurji.com\/tr\/wp-json\/wp\/v2\/pages\/5552\/revisions"}],"predecessor-version":[{"id":6338,"href":"https:\/\/gunesmetalurji.com\/tr\/wp-json\/wp\/v2\/pages\/5552\/revisions\/6338"}],"wp:attachment":[{"href":"https:\/\/gunesmetalurji.com\/tr\/wp-json\/wp\/v2\/media?parent=5552"}],"curies":[{"name":"wp","href":"https:\/\/api.w.org\/{rel}","templated":true}]}}