{"id":5561,"date":"2020-09-24T13:04:05","date_gmt":"2020-09-24T13:04:05","guid":{"rendered":"https:\/\/gunesmetalurji.com\/tr\/?page_id=5561"},"modified":"2023-10-03T16:53:23","modified_gmt":"2023-10-03T16:53:23","slug":"kalite-politikasi","status":"publish","type":"page","link":"https:\/\/gunesmetalurji.com\/tr\/kalite-politikasi\/","title":{"rendered":"Kalite Politikas\u0131"},"content":{"rendered":"\t\t<div data-elementor-type=\"wp-page\" data-elementor-id=\"5561\" class=\"elementor elementor-5561\">\n\t\t\t\t\t\t<section class=\"elementor-section elementor-top-section elementor-element elementor-element-f77c718 elementor-section-boxed elementor-section-height-default elementor-section-height-default\" data-id=\"f77c718\" data-element_type=\"section\" data-e-type=\"section\">\n\t\t\t\t\t\t<div class=\"elementor-container elementor-column-gap-default\">\n\t\t\t\t\t<div class=\"elementor-column elementor-col-100 elementor-top-column elementor-element elementor-element-6e1e784\" data-id=\"6e1e784\" data-element_type=\"column\" data-e-type=\"column\">\n\t\t\t<div class=\"elementor-widget-wrap elementor-element-populated\">\n\t\t\t\t\t\t<div class=\"elementor-element elementor-element-5f17b38 elementor-widget elementor-widget-text-editor\" data-id=\"5f17b38\" data-element_type=\"widget\" data-e-type=\"widget\" data-widget_type=\"text-editor.default\">\n\t\t\t\t<div class=\"elementor-widget-container\">\n\t\t\t\t\t\t\t\t\t<p>Kalite politikam\u0131z\u0131n temeli:<br \/>\u201c H\u0130\u00c7B\u0130R SORUN YA\u015eAMIYORUM \u201d<br \/>\u00dcr\u00fcn ve hizmetlerimizin t\u00fcm a\u015famalar\u0131nda.<br \/>\u201cBu prensip \u00fczerine kurgulanan sistemimizin tamamlay\u0131c\u0131 unsuru \u201cdo\u011fru i\u015fi belirlemek\u201d ve bunu do\u011fru yapmakt\u0131r\u201d \u201cilk seferde, en h\u0131zl\u0131 \u015fekilde\u201d<\/p>\t\t\t\t\t\t\t\t<\/div>\n\t\t\t\t<\/div>\n\t\t\t\t\t<\/div>\n\t\t<\/div>\n\t\t\t\t\t<\/div>\n\t\t<\/section>\n\t\t\t\t<\/div>\n\t\t","protected":false},"excerpt":{"rendered":"<p>Kalite politikam\u0131z\u0131n temeli:\u201c H\u0130\u00c7B\u0130R SORUN YA\u015eAMIYORUM \u201d\u00dcr\u00fcn ve hizmetlerimizin t\u00fcm a\u015famalar\u0131nda.\u201cBu prensip \u00fczerine kurgulanan sistemimizin tamamlay\u0131c\u0131 unsuru \u201cdo\u011fru i\u015fi belirlemek\u201d ve bunu do\u011fru yapmakt\u0131r\u201d \u201cilk seferde, en h\u0131zl\u0131 \u015fekilde\u201d<\/p>\n","protected":false},"author":10,"featured_media":0,"parent":0,"menu_order":0,"comment_status":"closed","ping_status":"closed","template":"","meta":{"footnotes":""},"class_list":["post-5561","page","type-page","status-publish","hentry"],"_links":{"self":[{"href":"https:\/\/gunesmetalurji.com\/tr\/wp-json\/wp\/v2\/pages\/5561","targetHints":{"allow":["GET"]}}],"collection":[{"href":"https:\/\/gunesmetalurji.com\/tr\/wp-json\/wp\/v2\/pages"}],"about":[{"href":"https:\/\/gunesmetalurji.com\/tr\/wp-json\/wp\/v2\/types\/page"}],"author":[{"embeddable":true,"href":"https:\/\/gunesmetalurji.com\/tr\/wp-json\/wp\/v2\/users\/10"}],"replies":[{"embeddable":true,"href":"https:\/\/gunesmetalurji.com\/tr\/wp-json\/wp\/v2\/comments?post=5561"}],"version-history":[{"count":6,"href":"https:\/\/gunesmetalurji.com\/tr\/wp-json\/wp\/v2\/pages\/5561\/revisions"}],"predecessor-version":[{"id":6342,"href":"https:\/\/gunesmetalurji.com\/tr\/wp-json\/wp\/v2\/pages\/5561\/revisions\/6342"}],"wp:attachment":[{"href":"https:\/\/gunesmetalurji.com\/tr\/wp-json\/wp\/v2\/media?parent=5561"}],"curies":[{"name":"wp","href":"https:\/\/api.w.org\/{rel}","templated":true}]}}