{"id":5567,"date":"2020-09-24T13:04:52","date_gmt":"2020-09-24T13:04:52","guid":{"rendered":"https:\/\/gunesmetalurji.com\/tr\/?page_id=5567"},"modified":"2023-10-05T09:30:40","modified_gmt":"2023-10-05T09:30:40","slug":"satis-pazarlama","status":"publish","type":"page","link":"https:\/\/gunesmetalurji.com\/tr\/satis-pazarlama\/","title":{"rendered":"Sat\u0131\u015f &#038; Pazarlama"},"content":{"rendered":"\t\t<div data-elementor-type=\"wp-page\" data-elementor-id=\"5567\" class=\"elementor elementor-5567\">\n\t\t\t\t\t\t<section class=\"elementor-section elementor-top-section elementor-element elementor-element-f77c718 elementor-section-boxed elementor-section-height-default elementor-section-height-default\" data-id=\"f77c718\" data-element_type=\"section\" data-e-type=\"section\">\n\t\t\t\t\t\t<div class=\"elementor-container elementor-column-gap-default\">\n\t\t\t\t\t<div class=\"elementor-column elementor-col-100 elementor-top-column elementor-element elementor-element-6e1e784\" data-id=\"6e1e784\" data-element_type=\"column\" data-e-type=\"column\">\n\t\t\t<div class=\"elementor-widget-wrap elementor-element-populated\">\n\t\t\t\t\t\t<div class=\"elementor-element elementor-element-5f17b38 elementor-widget elementor-widget-text-editor\" data-id=\"5f17b38\" data-element_type=\"widget\" data-e-type=\"widget\" data-widget_type=\"text-editor.default\">\n\t\t\t\t<div class=\"elementor-widget-container\">\n\t\t\t\t\t\t\t\t\t<p>Sat\u0131\u015f ve Pazarlama Stratejisi<\/p><p>Y\u00fcksek nitelikli sat\u0131\u015f ve pazarlama ekibimizle hem i\u00e7 hem de d\u0131\u015f pazarlarda hedeflerimize ad\u0131m ad\u0131m yakla\u015f\u0131yoruz.<\/p><p>G\u00dcNE\u015e METALURJ\u0130, farkl\u0131 b\u00f6lge ve depolar\u0131n stoklar\u0131 kontrol edebilmesini, sat\u0131\u015f ve sat\u0131n alma faaliyetlerini birbirinden ba\u011f\u0131ms\u0131z olarak ayn\u0131 anda etkilemesini sa\u011flayan ileri teknolojili bir bili\u015fim sistemleri teknolojisi kurmu\u015ftur.<\/p><p>G\u00dcNE\u015e METALURJ\u0130, Avrupa ve Orta Do\u011fu fabrikalar\u0131ndan \u00f6ncelikli \u00fcretimi i\u00e7in m\u00fc\u015fterilerinin hammadde olarak ihtiya\u00e7lar\u0131n\u0131 yurt i\u00e7i ve yurt d\u0131\u015f\u0131 pazar\u0131ndan ta\u015f\u0131maktad\u0131r. Ala\u015f\u0131ml\u0131, ala\u015f\u0131ms\u0131z, bobin, uzun malzeme ve d\u00f6vme malzemeler.<\/p><p>Otomotiv, makine imalat\u0131, tar\u0131m, denizcilik, madencilik, savunma, uzay, havac\u0131l\u0131k ve ev teknolojileri i\u00e7in hammadde sa\u011fl\u0131yoruz.<\/p><p>M\u00fc\u015fterilerimiz i\u00e7in do\u011frudan sat\u0131\u015f s\u00fcrecini uygulayarak servis merkezlerimizden ve lojistik merkezlerimizden d\u00fcnyan\u0131n her k\u00f6\u015fesine hizmet vermeye her zaman haz\u0131r\u0131z.<\/p><p>\u00dcretim hatt\u0131m\u0131zdaki s\u00fcrecin her ad\u0131m\u0131 i\u00e7in bir dizi kat\u0131 denetim ger\u00e7ekle\u015ftirilmektedir. Her ekipman muayene seti, etkili bir kontrol s\u00fcrecini garanti etmek i\u00e7in y\u00fcksek hassasiyetli kalibrasyondan ge\u00e7er.<\/p><p>\u00a0<\/p>\t\t\t\t\t\t\t\t<\/div>\n\t\t\t\t<\/div>\n\t\t\t\t\t<\/div>\n\t\t<\/div>\n\t\t\t\t\t<\/div>\n\t\t<\/section>\n\t\t\t\t<\/div>\n\t\t","protected":false},"excerpt":{"rendered":"<p>Sat\u0131\u015f ve Pazarlama Stratejisi Y\u00fcksek nitelikli sat\u0131\u015f ve pazarlama ekibimizle hem i\u00e7 hem de d\u0131\u015f pazarlarda hedeflerimize ad\u0131m ad\u0131m yakla\u015f\u0131yoruz. G\u00dcNE\u015e METALURJ\u0130, farkl\u0131 b\u00f6lge ve depolar\u0131n stoklar\u0131 kontrol edebilmesini, sat\u0131\u015f ve sat\u0131n alma faaliyetlerini birbirinden ba\u011f\u0131ms\u0131z olarak ayn\u0131 anda etkilemesini &hellip; <a href=\"https:\/\/gunesmetalurji.com\/tr\/satis-pazarlama\/\">Devam\u0131n\u0131 Oku<\/a><\/p>\n","protected":false},"author":10,"featured_media":0,"parent":0,"menu_order":0,"comment_status":"closed","ping_status":"closed","template":"","meta":{"footnotes":""},"class_list":["post-5567","page","type-page","status-publish","hentry"],"_links":{"self":[{"href":"https:\/\/gunesmetalurji.com\/tr\/wp-json\/wp\/v2\/pages\/5567","targetHints":{"allow":["GET"]}}],"collection":[{"href":"https:\/\/gunesmetalurji.com\/tr\/wp-json\/wp\/v2\/pages"}],"about":[{"href":"https:\/\/gunesmetalurji.com\/tr\/wp-json\/wp\/v2\/types\/page"}],"author":[{"embeddable":true,"href":"https:\/\/gunesmetalurji.com\/tr\/wp-json\/wp\/v2\/users\/10"}],"replies":[{"embeddable":true,"href":"https:\/\/gunesmetalurji.com\/tr\/wp-json\/wp\/v2\/comments?post=5567"}],"version-history":[{"count":9,"href":"https:\/\/gunesmetalurji.com\/tr\/wp-json\/wp\/v2\/pages\/5567\/revisions"}],"predecessor-version":[{"id":6360,"href":"https:\/\/gunesmetalurji.com\/tr\/wp-json\/wp\/v2\/pages\/5567\/revisions\/6360"}],"wp:attachment":[{"href":"https:\/\/gunesmetalurji.com\/tr\/wp-json\/wp\/v2\/media?parent=5567"}],"curies":[{"name":"wp","href":"https:\/\/api.w.org\/{rel}","templated":true}]}}