{"id":5577,"date":"2020-09-24T13:06:40","date_gmt":"2020-09-24T13:06:40","guid":{"rendered":"https:\/\/gunesmetalurji.com\/tr\/?page_id=5577"},"modified":"2020-09-24T13:07:06","modified_gmt":"2020-09-24T13:07:06","slug":"our-business","status":"publish","type":"page","link":"https:\/\/gunesmetalurji.com\/tr\/our-business\/","title":{"rendered":"Our Business"},"content":{"rendered":"\t\t<div data-elementor-type=\"wp-page\" data-elementor-id=\"5577\" class=\"elementor elementor-5577\">\n\t\t\t\t\t\t<section class=\"elementor-section elementor-top-section elementor-element elementor-element-f77c718 elementor-section-boxed elementor-section-height-default elementor-section-height-default\" data-id=\"f77c718\" data-element_type=\"section\" data-e-type=\"section\">\n\t\t\t\t\t\t<div class=\"elementor-container elementor-column-gap-default\">\n\t\t\t\t\t<div class=\"elementor-column elementor-col-100 elementor-top-column elementor-element elementor-element-6e1e784\" data-id=\"6e1e784\" data-element_type=\"column\" data-e-type=\"column\">\n\t\t\t<div class=\"elementor-widget-wrap elementor-element-populated\">\n\t\t\t\t\t\t<div class=\"elementor-element elementor-element-5f17b38 elementor-widget elementor-widget-text-editor\" data-id=\"5f17b38\" data-element_type=\"widget\" data-e-type=\"widget\" data-widget_type=\"text-editor.default\">\n\t\t\t\t<div class=\"elementor-widget-container\">\n\t\t\t\t\t\t\t\t\t<p>G\u00dcNE\u015e METALURJ\u0130 is one of the middle east\u2019s largest distributors for forged steel and round bar steel used in a wide range of grades &amp; conditions. High quality alloyed, non-alloyed long steel products in hot rolled, forged or bright bar condition, Peeling, cold drawing and grinding.The biggest steel service center in Europe in all diameters between 6 mm. \u2013 1500 mm, in alloyed, non-alloyed round, square, hexagon, flat shaped as hot rolled, forged, peeled, cold drawn and grinded long products.our company offers a wide range of products including; pig irons,forge alloy steel,rolled alloy steel, ferro alloys, noble alloys, coke and carbon products, metals and minerals, a veriety of cored wires, refractory products, chemicals and semi-finished\/finished products for ferrous and non-ferrous industries.<\/p>\t\t\t\t\t\t\t\t<\/div>\n\t\t\t\t<\/div>\n\t\t\t\t\t<\/div>\n\t\t<\/div>\n\t\t\t\t\t<\/div>\n\t\t<\/section>\n\t\t\t\t<\/div>\n\t\t","protected":false},"excerpt":{"rendered":"<p>G\u00dcNE\u015e METALURJ\u0130 is one of the middle east\u2019s largest distributors for forged steel and round bar steel used in a wide range of grades &amp; conditions. High quality alloyed, non-alloyed long steel products in hot rolled, forged or bright bar &hellip; <a href=\"https:\/\/gunesmetalurji.com\/tr\/our-business\/\">Devam\u0131n\u0131 Oku<\/a><\/p>\n","protected":false},"author":10,"featured_media":0,"parent":0,"menu_order":0,"comment_status":"closed","ping_status":"closed","template":"","meta":{"footnotes":""},"class_list":["post-5577","page","type-page","status-publish","hentry"],"_links":{"self":[{"href":"https:\/\/gunesmetalurji.com\/tr\/wp-json\/wp\/v2\/pages\/5577","targetHints":{"allow":["GET"]}}],"collection":[{"href":"https:\/\/gunesmetalurji.com\/tr\/wp-json\/wp\/v2\/pages"}],"about":[{"href":"https:\/\/gunesmetalurji.com\/tr\/wp-json\/wp\/v2\/types\/page"}],"author":[{"embeddable":true,"href":"https:\/\/gunesmetalurji.com\/tr\/wp-json\/wp\/v2\/users\/10"}],"replies":[{"embeddable":true,"href":"https:\/\/gunesmetalurji.com\/tr\/wp-json\/wp\/v2\/comments?post=5577"}],"version-history":[{"count":2,"href":"https:\/\/gunesmetalurji.com\/tr\/wp-json\/wp\/v2\/pages\/5577\/revisions"}],"predecessor-version":[{"id":5582,"href":"https:\/\/gunesmetalurji.com\/tr\/wp-json\/wp\/v2\/pages\/5577\/revisions\/5582"}],"wp:attachment":[{"href":"https:\/\/gunesmetalurji.com\/tr\/wp-json\/wp\/v2\/media?parent=5577"}],"curies":[{"name":"wp","href":"https:\/\/api.w.org\/{rel}","templated":true}]}}