{"id":5741,"date":"2021-01-12T10:49:34","date_gmt":"2021-01-12T10:49:34","guid":{"rendered":"https:\/\/gunesmetalurji.com\/tr\/?page_id=5741"},"modified":"2021-02-09T09:54:19","modified_gmt":"2021-02-09T09:54:19","slug":"cerezler-hakkinda-aydinlatma-metni","status":"publish","type":"page","link":"https:\/\/gunesmetalurji.com\/tr\/cerezler-hakkinda-aydinlatma-metni\/","title":{"rendered":"\u00c7erezler Hakk\u0131nda Ayd\u0131nlatma Metni"},"content":{"rendered":"\n<p>G\u00fcne\u015f Metalurji Ve Kimya Limited \u015eirketi olarak veri sorumlusu s\u0131fat\u0131yla (KVKK 10.a), internet sayfam\u0131z\u0131n kullan\u0131m\u0131n\u0131 kolayla\u015ft\u0131rmak, \u00fcr\u00fcnlerimizi ilgi ve ihtiya\u00e7lar\u0131n\u0131z do\u011frultusunda daha iyi bir \u015fekilde \u00f6zelle\u015ftirmek, gelecekte sitelerimiz \u00fczerinde ger\u00e7ekle\u015ftirece\u011finiz faaliyet ve deneyimleri h\u0131zland\u0131rmak, ziyaret\u00e7ilerimizin internet sayfam\u0131z\u0131 nas\u0131l kulland\u0131klar\u0131n\u0131 anlayabilmek, sayfam\u0131z\u0131n yap\u0131s\u0131n\u0131 ve i\u00e7eri\u011fini iyile\u015ftirebilmek, internet sayfam\u0131z\u0131 geli\u015ftirmek, kullan\u0131\u015fl\u0131, etkili ve g\u00fcvenli hale getirmek amac\u0131yla <strong>(KVKK 10.b)<\/strong> \u00e7erezler (cookies) vas\u0131tas\u0131yla verileriniz \u201cilgili ki\u015finin temel hak ve \u00f6zg\u00fcrl\u00fcklerine zarar vermemek kayd\u0131yla, veri sorumlusunun me\u015fru menfaatleri i\u00e7in veri i\u015flenmesinin zorunlu olmas\u0131\u201d hukuki sebebi ile tamamen veya k\u0131smen otomatik yolla i\u015flenmektedir <strong>(KVKK 10.\u00e7)<\/strong>. Bu verileri, herhangi bir 3. ki\u015fiye aktarm\u0131yoruz <strong>(KVKK 10.c)<\/strong>. KVKK\u2019n\u0131n 11. Maddesi kapsam\u0131nda a) ki\u015fisel verilerinizin i\u015flenip i\u015flenmedi\u011fini \u00f6\u011frenme; b) ki\u015fisel verileriniz i\u015flenmi\u015fse buna ili\u015fkin bilgi talep etme; c) ki\u015fisel verilerinizin i\u015flenme amac\u0131n\u0131 ve amac\u0131na uygun kullan\u0131l\u0131p kullan\u0131lmad\u0131\u011f\u0131n\u0131 \u00f6\u011frenme; \u00e7) ki\u015fisel verilerinizin yurt i\u00e7inde veya yurt d\u0131\u015f\u0131nda aktar\u0131ld\u0131\u011f\u0131 \u00fc\u00e7\u00fcnc\u00fc ki\u015fileri bilme; d) ki\u015fisel verilerinizin eksik veya yanl\u0131\u015f i\u015flenmi\u015f ise d\u00fczeltilmesini isteme; e) Kanun\u2019un 7. Maddesinde \u00f6ng\u00f6r\u00fclen \u015fartlar \u00e7er\u00e7evesinde ki\u015fisel verilerinizin silinmesini veya yok edilmesini isteme; f) ki\u015fisel verilerinizin aktar\u0131ld\u0131\u011f\u0131 \u00fc\u00e7\u00fcnc\u00fc ki\u015filere yukar\u0131da say\u0131lan (d) ve (e) bentleri uyar\u0131nca yap\u0131lan i\u015flemlerin bildirilmesini isteme; g) ki\u015fisel verilerinizin m\u00fcnhas\u0131ran otomatik sistemler ile analiz edilmesi nedeniyle aleyhinize bir sonucun ortaya \u00e7\u0131kmas\u0131na itiraz etme; ve \u011f) ki\u015fisel verilerinizin kanuna ayk\u0131r\u0131 olarak i\u015flenmesi sebebiyle zarara u\u011fran\u0131lmas\u0131 halinde zarar\u0131n giderilmesini talep etme haklar\u0131n\u0131z bulunmaktad\u0131r <strong>(KVKK 10.d)<\/strong>. Kanun\u2019un 11. Maddesinde say\u0131lan haklar\u0131n\u0131z konusunda taleplerinizi bize (G\u00fcne\u015f Metalurji Ve Kimya Limited \u015eirketi) iletebilir ve sizin i\u00e7in haz\u0131rlad\u0131\u011f\u0131m\u0131z <strong><u><a href=\"https:\/\/gunesmetalurji.com\/tr\/kvkk-basvuru-formu\/\" data-type=\"URL\" data-id=\"https:\/\/gunesmetalurji.com\/tr\/kvkk-basvuru-formu\/\">KVKK Talep Formu<\/a><\/u><\/strong>\u2019muzu kullanabilirsiniz. Sitemizde gezinmeye devam etmeniz halinde cihaz\u0131n\u0131zdaki \u00e7erezlere eri\u015febilece\u011fimizi de kabul ediyorsunuz. Ayr\u0131nt\u0131l\u0131 bilgiye ve \u00e7erezleri engelleme y\u00f6ntemlerine <strong><u><a href=\"https:\/\/gunesmetalurji.com\/tr\/cerez-politikasi\">\u00c7erez Politikas\u0131<\/a><\/u><\/strong>\u2019ndan ula\u015fabilirsiniz.<\/p>\n","protected":false},"excerpt":{"rendered":"<p>G\u00fcne\u015f Metalurji Ve Kimya Limited \u015eirketi olarak veri sorumlusu s\u0131fat\u0131yla (KVKK 10.a), internet sayfam\u0131z\u0131n kullan\u0131m\u0131n\u0131 kolayla\u015ft\u0131rmak, \u00fcr\u00fcnlerimizi ilgi ve ihtiya\u00e7lar\u0131n\u0131z do\u011frultusunda daha iyi bir \u015fekilde \u00f6zelle\u015ftirmek, gelecekte sitelerimiz \u00fczerinde ger\u00e7ekle\u015ftirece\u011finiz faaliyet ve deneyimleri h\u0131zland\u0131rmak, ziyaret\u00e7ilerimizin internet sayfam\u0131z\u0131 nas\u0131l kulland\u0131klar\u0131n\u0131 anlayabilmek, &hellip; <a href=\"https:\/\/gunesmetalurji.com\/tr\/cerezler-hakkinda-aydinlatma-metni\/\">Devam\u0131n\u0131 Oku<\/a><\/p>\n","protected":false},"author":10,"featured_media":0,"parent":0,"menu_order":0,"comment_status":"closed","ping_status":"closed","template":"","meta":{"footnotes":""},"class_list":["post-5741","page","type-page","status-publish","hentry"],"_links":{"self":[{"href":"https:\/\/gunesmetalurji.com\/tr\/wp-json\/wp\/v2\/pages\/5741","targetHints":{"allow":["GET"]}}],"collection":[{"href":"https:\/\/gunesmetalurji.com\/tr\/wp-json\/wp\/v2\/pages"}],"about":[{"href":"https:\/\/gunesmetalurji.com\/tr\/wp-json\/wp\/v2\/types\/page"}],"author":[{"embeddable":true,"href":"https:\/\/gunesmetalurji.com\/tr\/wp-json\/wp\/v2\/users\/10"}],"replies":[{"embeddable":true,"href":"https:\/\/gunesmetalurji.com\/tr\/wp-json\/wp\/v2\/comments?post=5741"}],"version-history":[{"count":2,"href":"https:\/\/gunesmetalurji.com\/tr\/wp-json\/wp\/v2\/pages\/5741\/revisions"}],"predecessor-version":[{"id":6006,"href":"https:\/\/gunesmetalurji.com\/tr\/wp-json\/wp\/v2\/pages\/5741\/revisions\/6006"}],"wp:attachment":[{"href":"https:\/\/gunesmetalurji.com\/tr\/wp-json\/wp\/v2\/media?parent=5741"}],"curies":[{"name":"wp","href":"https:\/\/api.w.org\/{rel}","templated":true}]}}