{"id":5751,"date":"2021-01-12T10:53:03","date_gmt":"2021-01-12T10:53:03","guid":{"rendered":"https:\/\/gunesmetalurji.com\/tr\/?page_id=5751"},"modified":"2021-01-12T10:53:04","modified_gmt":"2021-01-12T10:53:04","slug":"cerez-politikasi","status":"publish","type":"page","link":"https:\/\/gunesmetalurji.com\/tr\/cerez-politikasi\/","title":{"rendered":"\u00c7erez Politikas\u0131"},"content":{"rendered":"\n<p>Son g\u00fcncelleme tarihi: 06.01.2021<\/p>\n\n\n\n<p>\u0130\u015fbu \u00c7erez Uygulamalar\u0131 Politikas\u0131, G\u00fcne\u015f Metalurji Ve Kimya Limited \u015eirketi (\u201c<strong>G\u00fcne\u015f Metalurji<\/strong>\u201d) taraf\u0131ndan y\u00fcr\u00fct\u00fclen <a href=\"http:\/\/profiloinsaat.com.tr\/\">https:\/\/gunesmetalurji.com\/tr\/<\/a> internet sitesi (\u201c<strong>G\u00fcne\u015f Metalurji \u0130nternet Sitesi<\/strong>\u201d) i\u00e7in ge\u00e7erlidir.<\/p>\n\n\n\n<p>G\u00fcne\u015f Metalurji deneyimlerinizi geli\u015ftirmek i\u00e7in G\u00fcne\u015f Metalurji \u0130nternet Sitesi\u2019nde \u00e7erezler kullanabilir. Kullan\u0131lan \u00e7erezler sisteminizden ve\/veya sabit diskinizden herhangi bir bilgi toplamaz.<\/p>\n\n\n\n<p>G\u00fcne\u015f Metalurji \u0130nternet Sitesi\u2019nde isim ve e-posta adresi ile tan\u0131mlanmazs\u0131n\u0131z; bununla beraber ilk giri\u015finizde say\u0131 ve dizinler atan\u0131r.<\/p>\n\n\n\n<p><strong>\u00c7erezler nedir?<\/strong><\/p>\n\n\n\n<p>\u00c7erezler, bilgisayar\u0131n\u0131zda veya mobil cihaz\u0131n\u0131zda ziyaret etti\u011finiz internet sitesi taraf\u0131ndan taray\u0131c\u0131n\u0131za g\u00f6nderilen k\u00fc\u00e7\u00fck bir metin par\u00e7as\u0131d\u0131r ve ziyaretinizle ilgili bilgileri (\u00f6rne\u011fin, tercih etti\u011finiz dil ve di\u011fer ayarlar) hat\u0131rlamas\u0131na yard\u0131mc\u0131 olur. \u00c7erezler sayesinde bir sonraki ziyaretinizde daha iyi ve ki\u015fiselle\u015ftirilmi\u015f m\u00fc\u015fteri deneyimi ya\u015fars\u0131n\u0131z. \u00c7erezlerin kullan\u0131lma amac\u0131, internet sitesini ziyaret eden kullan\u0131c\u0131ya kolayl\u0131k sa\u011flamakt\u0131r.<\/p>\n\n\n\n<p><strong>\u00c7erez T\u00fcrleri ve \u00d6zellikleri<\/strong><\/p>\n\n\n\n<p><strong>\u00c7erez T\u00fcrleri<\/strong><\/p>\n\n\n\n<ul class=\"wp-block-list\"><li><strong>A. Ge\u00e7ici \u00e7erezler:<\/strong><ul><li>Ge\u00e7ici \u00e7erezler, sadece oturum s\u0131ras\u0131nda ge\u00e7ici olarak depolan\u0131r ve en k\u0131sa s\u00fcrede taray\u0131c\u0131n\u0131z\u0131 kapatt\u0131ktan sonra kald\u0131r\u0131l\u0131r.<\/li><\/ul><\/li><li><strong>B. Kal\u0131c\u0131 \u00e7erezler:<\/strong><ul><li>Kal\u0131c\u0131 \u00e7erezler taray\u0131c\u0131 veya uygulamay\u0131 kapatt\u0131ktan sonra bilgisayar\/ mobil cihazda kal\u0131r ve internet sitesine d\u00f6nd\u00fc\u011f\u00fcm\u00fczde sizi tan\u0131mak i\u00e7in kullan\u0131l\u0131r. Kal\u0131c\u0131 \u00e7erezlerin s\u00fcreleri dolana kadar yeni bir \u00e7erez y\u00fcklenir, bilgisayar\u0131n\u0131zda veya mobil cihaz\u0131n\u0131zda kal\u0131r.<\/li><\/ul><\/li><li><strong>C. Hedef\/Reklam \u00c7erezleri:<\/strong><ul><li>Reklam \u00e7erezleri, bir uygulama\/internet sitesine veya kullan\u0131m ziyareti s\u0131ras\u0131nda \u00fc\u00e7\u00fcnc\u00fc bir \u015fah\u0131s taraf\u0131ndan y\u00fcklenen \u00e7erezlerdir. Reklam \u00e7erezleri, \u00fc\u00e7\u00fcnc\u00fc bir \u015fahsa sitemize ziyaretinizle ilgili baz\u0131 bilgileri iletmek i\u00e7in kullan\u0131l\u0131r. Bu \u00e7erezlerin kullan\u0131m ama\u00e7lar\u0131; ilgili ve ki\u015fiselle\u015ftirilmi\u015f reklamlar\u0131 g\u00f6stermek; g\u00f6sterilen reklam say\u0131s\u0131n\u0131 s\u0131n\u0131rlamak; reklam kampanyas\u0131n\u0131n etkinli\u011fini \u00f6l\u00e7mek; ziyaret tercihlerinizi hat\u0131rlamak.<\/li><\/ul><\/li><li><strong>D. Zorunlu \u00c7erezler:<\/strong><ul><li>Gerekli ve \u00f6nemli \u00e7erezlerdir. Kullan\u0131c\u0131 hesab\u0131 olu\u015fturman\u0131za, giri\u015f yapman\u0131za ve internet sitemizde gezinti yapman\u0131za olanak sa\u011flar. Kal\u0131c\u0131 \u00e7erezler taray\u0131c\u0131 veya uygulamay\u0131 kapatt\u0131ktan sonra bilgisayar\u0131n\u0131zda veya mobil cihaz\u0131n\u0131zda kal\u0131r ve internet sitemize d\u00f6nd\u00fc\u011f\u00fcn\u00fczde sizi tan\u0131mak i\u00e7in kullan\u0131l\u0131r.<\/li><\/ul><\/li><li><strong>E. Performans ve analiz \u00e7erezleri:<\/strong><ul><li>Ziyaret\u00e7ilere daha iyi, h\u0131zl\u0131 ve g\u00fcvenli bir kullan\u0131m sa\u011flamak amac\u0131yla internet siteleri ve uygulamalar i\u00e7in kullan\u0131lan \u00e7erezlerdir. Bu \u00e7erez t\u00fcr\u00fc ile m\u00fc\u015fteri deneyimini iyile\u015ftirme ve ki\u015fiselle\u015ftirme yapmak m\u00fcmk\u00fcnd\u00fcr. Elde edilen veriler aras\u0131nda giri\u015f yap\u0131lan sayfalar, y\u00f6nlendirmeler, eri\u015fim yapan ki\u015finin platform tipi, tarih\/saat bilgileri, arama terimleri ve kullan\u0131rken girilen di\u011fer metinler gibi ayr\u0131nt\u0131lar\u0131 i\u00e7erir.&nbsp;<\/li><\/ul><\/li><li><strong>F. \u0130\u015flevsellik \u00e7erezleri:&nbsp;<\/strong><ul><li>\u0130\u015flevsellik \u00e7erezleri, internet sitesinde ziyareti kolayla\u015ft\u0131rmak ve tarama deneyiminizi geli\u015ftirmek i\u00e7in kullan\u0131lan \u00e7erezlerdir. Tercih etti\u011finiz dil, d\u00fczen veya renk \u015femas\u0131 gibi belirli ayarlar\u0131, hat\u0131rlamak i\u00e7in izin verir.<\/li><\/ul><\/li><li><strong>H. \u0130zleme \u00e7erezleri:<\/strong><ul><li>\u0130zleme \u00e7erezleri ziyaret\u00e7ilerin Internet tarama davran\u0131\u015flar\u0131n\u0131 izlemek ve ziyaret ettikleri \u00e7e\u015fitli internet sitelerinden kendi tarama davran\u0131\u015f\u0131na veri ve bilgi toplamak i\u00e7in kullan\u0131l\u0131r.<\/li><\/ul><\/li><\/ul>\n\n\n\n<p><strong>Kullan\u0131m Ama\u00e7lar\u0131na G\u00f6re \u00c7erez T\u00fcrleri<\/strong><\/p>\n\n\n\n<p>Kullan\u0131m ama\u00e7lar\u0131na g\u00f6re d\u00f6rt \u00e7e\u015fit \u00e7erez bulunmaktad\u0131r: Oturum \u00c7erezleri, Performans \u00c7erezleri, Fonksiyonel \u00c7erezler ve Reklam ve \u00dc\u00e7\u00fcnc\u00fc Taraf \u00c7erezleri.<\/p>\n\n\n\n<ul class=\"wp-block-list\"><li><strong>Oturum \u00c7erezleri:<\/strong><ul><li>Bu t\u00fcr \u00e7erezler internet sitelerinin d\u00fczg\u00fcn bir \u015fekilde \u00e7al\u0131\u015fabilmesi i\u00e7in gereklidir. \u0130nternet sitesinin ziyaret edilebilmesini ve \u00f6zelliklerinden faydalan\u0131lmas\u0131n\u0131 bu \u00e7erezler sa\u011flar. Oturum \u00e7erezleri, internet sitesinde sayfalar aras\u0131nda bilgileri ta\u015f\u0131yabilmek ve bilgileri tekrardan girmek zorunlulu\u011funu ortadan kald\u0131rmak i\u00e7in kullan\u0131lmaktad\u0131r.<\/li><\/ul><\/li><li><strong>Performans \u00c7erezleri:<\/strong><ul><li>Bu \u00e7erezler arac\u0131l\u0131\u011f\u0131yla, sayfalar\u0131n ziyaret s\u0131kl\u0131\u011f\u0131, varsa ilgili hata iletileri, sayfalarda ge\u00e7irilen zaman ve kullan\u0131c\u0131n\u0131n internet sitesini kullanma \u015fekliyle ilgili bilgileri toplan\u0131r. Bu bilgiler arac\u0131l\u0131\u011f\u0131yla, internet sitesinin performans\u0131n\u0131n artt\u0131r\u0131lmas\u0131 sa\u011flan\u0131r.<\/li><\/ul><\/li><li><strong>Fonksiyonel \u00c7erezler:<\/strong><ul><li>Bu \u00e7erezler ile kullan\u0131c\u0131n\u0131n site i\u00e7inde yapm\u0131\u015f oldu\u011fu se\u00e7eneklerin hat\u0131rlanmas\u0131 sa\u011flan\u0131r ve b\u00f6ylelikle kullan\u0131c\u0131ya kolayl\u0131k sa\u011flanm\u0131\u015f olur. Bu \u00e7erezler ile kullan\u0131c\u0131lara geli\u015fmi\u015f internet \u00f6zellikleri sa\u011flan\u0131r.<\/li><\/ul><\/li><li><strong>Reklam Ve \u00dc\u00e7\u00fcnc\u00fc Taraf \u00c7erezleri:<\/strong><ul><li>\u0130nternet sitelerinde baz\u0131 fonksiyonlar\u0131n kullan\u0131m\u0131 amac\u0131yla \u00fc\u00e7\u00fcnc\u00fc taraf tedarik\u00e7ilerine ait \u00e7erezler kullan\u0131l\u0131r.<\/li><\/ul><\/li><\/ul>\n\n\n\n<p><strong>Ne T\u00fcr \u00c7erezler Kullan\u0131yoruz?<\/strong><\/p>\n\n\n\n<p>G\u00fcne\u015f Metalurji \u0130nternet Sitesi\u2019nde, Oturum \u00c7erezleri, Performans \u00c7erezleri ve \u00dc\u00e7\u00fcnc\u00fc Taraf \u00c7erezleri kullanmaktad\u0131r.<\/p>\n\n\n\n<p>G\u00fcne\u015f Metalurji \u0130nternet Sitesi\u2019nde kullan\u0131lan \u00e7erezler;<\/p>\n\n\n\n<figure class=\"wp-block-table\"><table><tbody><tr><td><strong>\u00c7erez T\u00fcr\u00fc<\/strong><\/td><td><strong>Ne i\u015fe yarar?<\/strong><\/td><td><strong>Bu \u00e7erezler ki\u015fisel bilgilerinizi toplar m\u0131 \/ kimli\u011finizi tan\u0131mlayabilir mi?<\/strong><\/td><\/tr><tr><td>Zorunlu<\/td><td>Bu \u00e7erezler, G\u00fcne\u015f Metalurji&nbsp; \u0130nternet Sitesi\u2019nin d\u00fczg\u00fcn bir \u015fekilde \u00e7al\u0131\u015fabilmesi i\u00e7in gereklidir, sitemizde gezinmenizi ve site \u00f6zelliklerinden faydalanman\u0131z\u0131 sa\u011flarlar. Ayn\u0131 oturum i\u00e7erisinde bir sayfaya geri d\u00f6n\u00fcld\u00fc\u011f\u00fcnde \u00f6nceki eylemleri hat\u0131rlama (\u00f6r. metin giri\u015fi) buna \u00f6rnek verilebilir.<\/td><td>Bu \u00e7erezler kimli\u011finizi tan\u0131mlamaz. E\u011fer bu \u00e7erezleri kabul etmezseniz, internet sitesindeki veya sitenin baz\u0131 b\u00f6l\u00fcmlerindeki performans etkilenebilir.<\/td><\/tr><tr><td>Performans<\/td><td>Bu \u00e7erezler; ziyaret edilen alanlar, sitede ge\u00e7irilen zaman ve kar\u015f\u0131la\u015f\u0131lan hata mesajlar\u0131 gibi sorunlar hakk\u0131nda bilgiler sa\u011flayarak ziyaret\u00e7ilerin internet sitemizle nas\u0131l bir etkile\u015fime girdi\u011fini anlamam\u0131za yard\u0131mc\u0131 olur. Bu da internet sitemizin performans\u0131n\u0131 iyile\u015ftirebilmemizi sa\u011flar.<\/td><td>Bu \u00e7erezler kimli\u011finizi tan\u0131mlamaz. T\u00fcm veriler isimsiz bir \u015fekilde al\u0131n\u0131r ve bir araya getirilir.<\/td><\/tr><tr><td>Hedefleme \/ reklam<\/td><td>Bu \u00e7erezler size ve ilgi alanlar\u0131n\u0131za yak\u0131n olan i\u00e7erikleri sunmak amac\u0131yla kullan\u0131l\u0131r. Hedefli reklamlar sunmak veya bir reklam\u0131n size g\u00f6r\u00fcnt\u00fclenme say\u0131s\u0131n\u0131 k\u0131s\u0131tlamak amac\u0131yla kullan\u0131labilir. G\u00fcne\u015f Metalurji ve G\u00fcne\u015f Metalurji d\u0131\u015f\u0131 web sitelerindeki reklam kampanyalar\u0131n\u0131n verimlili\u011fini \u00f6l\u00e7memize de yard\u0131mc\u0131 olur. Bu \u00e7erezleri, ziyaret etti\u011finiz internet sitelerini hat\u0131rlamak amac\u0131yla kullanabilir ve bu bilgileri reklam verenler ve kendi firmalar\u0131m\u0131z dahil olmak \u00fczere \u00fc\u00e7\u00fcnc\u00fc partilerle payla\u015fabiliriz.<\/td><td>Bu \u00e7erezlerin bir\u00e7ok t\u00fcr\u00fc, t\u00fcketicileri IP adresleri ile takip ederek kimlik tan\u0131mlay\u0131c\u0131 bilgiler toplayabilir. Toplanan bilgi ve bu bilgilerin nas\u0131l kullan\u0131ld\u0131\u011f\u0131 hakk\u0131nda ayr\u0131nt\u0131l\u0131 bilgi i\u00e7in, yukar\u0131daki Hedefleme \/ Reklam b\u00f6l\u00fcm\u00fcne bak\u0131n.<\/td><\/tr><\/tbody><\/table><\/figure>\n\n\n\n<p>G\u00fcne\u015f Metalurji, \u00e7erezler arac\u0131l\u0131\u011f\u0131yla toplad\u0131\u011f\u0131 bilgileri <strong><u>G\u00fcne\u015f Metalurji &nbsp;Gizlilik Politikas\u0131<\/u><\/strong>\u2019na uygun olarak kullanmaktad\u0131r.<\/p>\n\n\n\n<p>G\u00fcne\u015f Metalurji internet sitesini ziyaret etmeye devam ederek \u00e7erezlerin cihaz\u0131n\u0131za yerle\u015ftirilmesine izin vermi\u015f oluyorsunuz. Cihaz\u0131n\u0131za \u00e7erezler yerle\u015ftirilmesini istemiyorsan\u0131z taray\u0131c\u0131n\u0131z\u0131n ayarlar\u0131 veya se\u00e7eneklerinden \u00e7erezlerin kullan\u0131m\u0131n\u0131 reddedebilirsiniz veya G\u00fcne\u015f Metalurji&nbsp; sitesini kullanmamal\u0131s\u0131n\u0131z. \u0130nternet sitesi ziyaretinizde en iyi deneyimi ya\u015fayabilmek i\u00e7in \u00e7erezlerin kullan\u0131m\u0131n\u0131 reddetmemenizi \u00f6neririz.<\/p>\n\n\n\n<p><strong>\u00c7erezleri ne ama\u00e7la kullan\u0131r\u0131z?<\/strong><\/p>\n\n\n\n<p>\u00c7erezleri, G\u00fcne\u015f Metalurji internet sitesinin kullan\u0131m\u0131n\u0131 kolayla\u015ft\u0131rmak, G\u00fcne\u015f Metalurji internet sitesi ve \u00fcr\u00fcnlerimizi ilgi ve ihtiya\u00e7lar\u0131n\u0131z do\u011frultusunda daha iyi bir \u015fekilde \u00f6zelle\u015ftirmek amac\u0131yla kullan\u0131r\u0131z.<\/p>\n\n\n\n<p>\u00c7erezler ayn\u0131 zamanda gelecekte sitelerimiz \u00fczerinde ger\u00e7ekle\u015ftirece\u011finiz faaliyet ve deneyimleri h\u0131zland\u0131rmak amac\u0131yla da kullan\u0131l\u0131r. Ayr\u0131ca \u00e7erezleri, kullan\u0131c\u0131lar\u0131n sitelerimizi nas\u0131l kulland\u0131klar\u0131n\u0131 anlamam\u0131z\u0131 sa\u011flayan isimsiz ve toplu istatistiki verileri bir araya getirmemize ve sitelerimizin yap\u0131lar\u0131n\u0131 ve i\u00e7eriklerini geli\u015ftirmemize yard\u0131mc\u0131 olmalar\u0131 amac\u0131yla kullanmaktay\u0131z.<\/p>\n\n\n\n<p>Ziyaret etti\u011finiz baz\u0131 sayfalar, piksel etiketleri (temiz gif olarak da adland\u0131r\u0131l\u0131r) kullanarak, tan\u0131t\u0131m faaliyetlerimizi ve internet sitesi geli\u015ftirmelerimizi do\u011frudan desteklemekte olan \u00fc\u00e7\u00fcnc\u00fc partilerle payla\u015f\u0131labilecek bilgileri alabilir. \u00d6rne\u011fin, G\u00fcne\u015f Metalurji internet sitesine gelen ziyaret\u00e7ilere dair internet sitesi kullan\u0131m bilgileri, internet sitemizdeki banner reklamlar\u0131n\u0131n daha etkili bir \u015fekilde g\u00f6r\u00fcn\u00fcrl\u00fc\u011f\u00fcn\u00fc sa\u011flamak amac\u0131yla \u00fc\u00e7\u00fcnc\u00fc parti reklam ajanslar\u0131m\u0131zla payla\u015f\u0131labilir.<\/p>\n\n\n\n<p><strong>\u00dc\u00e7\u00fcnc\u00fc parti \u00e7erezleri nas\u0131l kullan\u0131yoruz?<\/strong><\/p>\n\n\n\n<p>Sa\u011flad\u0131klar\u0131 servisleri size sunabilmeleri i\u00e7in, G\u00fcne\u015f Metalurji internet sitesini ziyaret etti\u011finizde cihaz\u0131n\u0131zda sizin ad\u0131n\u0131za \u00e7erez ayarlar\u0131 yapan baz\u0131 \u00fc\u00e7\u00fcnc\u00fc parti tedarik\u00e7ilerle \u00e7al\u0131\u015f\u0131yoruz. Bu \u00e7erezler ve bu \u00e7erezleri almaktan nas\u0131l vazge\u00e7ebilece\u011finiz hakk\u0131nda ayr\u0131nt\u0131l\u0131 bilgi i\u00e7in, a\u015fa\u011f\u0131daki ilgili b\u00f6l\u00fcmlere bak\u0131n.<\/p>\n\n\n\n<p>G\u00fcne\u015f Metalurji internet sitesini ziyaret etti\u011finizde \u00fc\u00e7\u00fcnc\u00fc parti internet siteleri veya domainlerinden \u00e7erezler alabilirsiniz. Bu \u00e7erezler hakk\u0131nda ayr\u0131nt\u0131l\u0131 bilgiler, ilgili \u00fc\u00e7\u00fcnc\u00fc parti internet sitesinde mevcut olabilir.<\/p>\n\n\n\n<p><strong>\u00c7erezleri nas\u0131l kontrol edebilir veya silebilirsiniz?<\/strong><\/p>\n\n\n\n<p>Genel olarak internet taray\u0131c\u0131lar\u0131, \u00e7erezleri otomatik olarak kabul edecek \u015fekilde \u00f6n tan\u0131ml\u0131d\u0131r. Taray\u0131c\u0131lar, \u00e7erezleri engelleyecek veya cihaza \u00e7erez g\u00f6nderildi\u011finde kullan\u0131c\u0131ya uyar\u0131 verecek \u015fekilde ayarlanabilir.<\/p>\n\n\n\n<p>\u00c7erezleri y\u00f6netmek taray\u0131c\u0131dan taray\u0131c\u0131ya farkl\u0131l\u0131k g\u00f6sterdi\u011finden ayr\u0131nt\u0131l\u0131 bilgi almak i\u00e7in taray\u0131c\u0131n\u0131n yard\u0131m men\u00fcs\u00fcne bak\u0131labilir. \u00c7erezlerin silinmesi veya engellenmesi ile ilgili ayr\u0131nt\u0131lar ve \u00e7erezlerle ilgili genel bilgi i\u00e7in <strong><u>www.allaboutcookies.org<\/u><\/strong> adresinden bilgi alabilirsiniz.<\/p>\n\n\n\n<p>Kal\u0131c\u0131 \u00e7erezleri veya oturum \u00e7erezlerini reddetmeniz durumunda, internet sitesini kullanmaya devam edebilirsiniz, fakat internet sitesinin t\u00fcm i\u015flevlerine eri\u015femeyebilir veya eri\u015fiminiz s\u0131n\u0131rl\u0131 olabilir.<\/p>\n\n\n\n<ul class=\"wp-block-list\"><li>\u00c7erezleri kapatmak i\u00e7in;<ul><li>Chrome\u2019da taray\u0131c\u0131 ayarlar\u0131n\u0131zda \u201cAyarlar\/Gizlilik\/\u0130\u00e7erik Ayarlar\u0131\/\u00c7erez kullan\u0131m\u0131n\u0131 kapat\u201d se\u00e7ene\u011fini kullanabilirsiniz. Daha fazla bilgi i\u00e7in: <a href=\"https:\/\/support.google.com\/accounts\/answer\/61416?hl=tr\" target=\"_blank\" rel=\"noreferrer noopener\">Cookies in Chrome(Yeni sekmede a\u00e7)<\/a>.<\/li><\/ul><ul><li>Internet Explorer kullan\u0131c\u0131lar\u0131 i\u00e7in: \u201cSe\u00e7enekler\/\u0130nternet Ayarlar\u0131\/Gizlilik\/Ayarlar\u201d se\u00e7eneklerini kullanabilirsiniz. Daha fazla bilgi i\u00e7in: <a href=\"https:\/\/support.microsoft.com\/tr-tr\/help\/17442\/windows-internet-explorer-delete-manage-cookies#ie=ie-11\" target=\"_blank\" rel=\"noreferrer noopener\">Cookies in Internet Explorer(Yeni sekmede a\u00e7)<\/a>.<\/li><\/ul><ul><li>Firefox kullan\u0131c\u0131lar\u0131 i\u00e7in: \u201cAra\u00e7lar\/ Se\u00e7enekler&#8217;\/ Gizlilik\/ \u00c7erez kabul y\u00f6ntemi\/Firefox kapat\u0131lana kadar\u201d se\u00e7eneklerini kullanabilirsiniz. Daha fazla bilgi i\u00e7in: <a href=\"https:\/\/support.mozilla.org\/tr\/kb\/%C3%87erezleri%20a%C3%A7%C4%B1p%20kapatma\" target=\"_blank\" rel=\"noreferrer noopener\">Cookies in Mozilla Firefox<\/a><\/li><\/ul><\/li><\/ul>\n","protected":false},"excerpt":{"rendered":"<p>Son g\u00fcncelleme tarihi: 06.01.2021 \u0130\u015fbu \u00c7erez Uygulamalar\u0131 Politikas\u0131, G\u00fcne\u015f Metalurji Ve Kimya Limited \u015eirketi (\u201cG\u00fcne\u015f Metalurji\u201d) taraf\u0131ndan y\u00fcr\u00fct\u00fclen https:\/\/gunesmetalurji.com\/tr\/ internet sitesi (\u201cG\u00fcne\u015f Metalurji \u0130nternet Sitesi\u201d) i\u00e7in ge\u00e7erlidir. G\u00fcne\u015f Metalurji deneyimlerinizi geli\u015ftirmek i\u00e7in G\u00fcne\u015f Metalurji \u0130nternet Sitesi\u2019nde \u00e7erezler kullanabilir. Kullan\u0131lan \u00e7erezler &hellip; <a href=\"https:\/\/gunesmetalurji.com\/tr\/cerez-politikasi\/\">Devam\u0131n\u0131 Oku<\/a><\/p>\n","protected":false},"author":10,"featured_media":0,"parent":0,"menu_order":0,"comment_status":"closed","ping_status":"closed","template":"","meta":{"footnotes":""},"class_list":["post-5751","page","type-page","status-publish","hentry"],"_links":{"self":[{"href":"https:\/\/gunesmetalurji.com\/tr\/wp-json\/wp\/v2\/pages\/5751","targetHints":{"allow":["GET"]}}],"collection":[{"href":"https:\/\/gunesmetalurji.com\/tr\/wp-json\/wp\/v2\/pages"}],"about":[{"href":"https:\/\/gunesmetalurji.com\/tr\/wp-json\/wp\/v2\/types\/page"}],"author":[{"embeddable":true,"href":"https:\/\/gunesmetalurji.com\/tr\/wp-json\/wp\/v2\/users\/10"}],"replies":[{"embeddable":true,"href":"https:\/\/gunesmetalurji.com\/tr\/wp-json\/wp\/v2\/comments?post=5751"}],"version-history":[{"count":1,"href":"https:\/\/gunesmetalurji.com\/tr\/wp-json\/wp\/v2\/pages\/5751\/revisions"}],"predecessor-version":[{"id":5755,"href":"https:\/\/gunesmetalurji.com\/tr\/wp-json\/wp\/v2\/pages\/5751\/revisions\/5755"}],"wp:attachment":[{"href":"https:\/\/gunesmetalurji.com\/tr\/wp-json\/wp\/v2\/media?parent=5751"}],"curies":[{"name":"wp","href":"https:\/\/api.w.org\/{rel}","templated":true}]}}