{"id":6057,"date":"2023-09-22T15:43:55","date_gmt":"2023-09-22T15:43:55","guid":{"rendered":"https:\/\/gunesmetalurji.com\/tr\/?page_id=6057"},"modified":"2023-10-18T08:43:40","modified_gmt":"2023-10-18T08:43:40","slug":"dovme-celik","status":"publish","type":"page","link":"https:\/\/gunesmetalurji.com\/tr\/dovme-celik\/","title":{"rendered":"D\u00f6vme \u00c7elik"},"content":{"rendered":"\t\t<div data-elementor-type=\"wp-page\" data-elementor-id=\"6057\" class=\"elementor elementor-6057\">\n\t\t\t\t\t\t<section class=\"elementor-section elementor-top-section elementor-element elementor-element-56d141d elementor-section-boxed elementor-section-height-default elementor-section-height-default\" data-id=\"56d141d\" data-element_type=\"section\" data-e-type=\"section\">\n\t\t\t\t\t\t<div class=\"elementor-container elementor-column-gap-default\">\n\t\t\t\t\t<div class=\"elementor-column elementor-col-50 elementor-top-column elementor-element elementor-element-a88f3b2\" data-id=\"a88f3b2\" data-element_type=\"column\" data-e-type=\"column\">\n\t\t\t<div class=\"elementor-widget-wrap elementor-element-populated\">\n\t\t\t\t\t\t<div class=\"elementor-element elementor-element-fc22f80 elementor-widget elementor-widget-image\" data-id=\"fc22f80\" data-element_type=\"widget\" data-e-type=\"widget\" data-widget_type=\"image.default\">\n\t\t\t\t<div class=\"elementor-widget-container\">\n\t\t\t\t\t\t\t\t\t\t\t\t\t\t\t<img decoding=\"async\" width=\"227\" height=\"181\" src=\"https:\/\/gunesmetalurji.com\/tr\/wp-content\/uploads\/2023\/09\/forge.png\" class=\"attachment-large size-large wp-image-6243\" alt=\"\" srcset=\"https:\/\/gunesmetalurji.com\/tr\/wp-content\/uploads\/2023\/09\/forge.png 227w, https:\/\/gunesmetalurji.com\/tr\/wp-content\/uploads\/2023\/09\/forge-100x80.png 100w\" sizes=\"(max-width: 227px) 100vw, 227px\" \/>\t\t\t\t\t\t\t\t\t\t\t\t\t\t\t<\/div>\n\t\t\t\t<\/div>\n\t\t\t\t\t<\/div>\n\t\t<\/div>\n\t\t\t\t<div class=\"elementor-column elementor-col-50 elementor-top-column elementor-element elementor-element-1906da9\" data-id=\"1906da9\" data-element_type=\"column\" data-e-type=\"column\">\n\t\t\t<div class=\"elementor-widget-wrap elementor-element-populated\">\n\t\t\t\t\t\t<div class=\"elementor-element elementor-element-26cf878 elementor-widget elementor-widget-text-editor\" data-id=\"26cf878\" data-element_type=\"widget\" data-e-type=\"widget\" data-widget_type=\"text-editor.default\">\n\t\t\t\t<div class=\"elementor-widget-container\">\n\t\t\t\t\t\t\t\t\t<p><span style=\"font-size: small;\"><strong>Kalite:<\/strong> C45 &#8211; 42CrMo4 &#8211; S355J2 &#8211; 16\/20 MnCr5 &#8211; 18CrNiMo7 &#8211; etc<br \/><strong>\u015eekiller:<\/strong> Yuvarlak &#8211; D\u00fcz<br \/><strong>Kal\u0131nl\u0131k:<\/strong> 180mm &#8211; 1500mm<br \/><strong>Uzunluk:<\/strong> 1000mm &#8211; 12000mm<br \/><strong>Is\u0131l \u0130\u015flem:<\/strong> Normalized \u2013 Annealed \u2013 Quenched &amp;Tempered<\/span><\/p>\t\t\t\t\t\t\t\t<\/div>\n\t\t\t\t<\/div>\n\t\t\t\t\t<\/div>\n\t\t<\/div>\n\t\t\t\t\t<\/div>\n\t\t<\/section>\n\t\t\t\t<section class=\"elementor-section elementor-top-section elementor-element elementor-element-d6c0dd8 elementor-section-boxed elementor-section-height-default elementor-section-height-default\" data-id=\"d6c0dd8\" data-element_type=\"section\" data-e-type=\"section\">\n\t\t\t\t\t\t<div class=\"elementor-container elementor-column-gap-default\">\n\t\t\t\t\t<div class=\"elementor-column elementor-col-33 elementor-top-column elementor-element elementor-element-22509a0\" data-id=\"22509a0\" data-element_type=\"column\" data-e-type=\"column\">\n\t\t\t<div class=\"elementor-widget-wrap elementor-element-populated\">\n\t\t\t\t\t\t<div class=\"elementor-element elementor-element-840813f elementor-widget elementor-widget-image\" data-id=\"840813f\" data-element_type=\"widget\" data-e-type=\"widget\" data-widget_type=\"image.default\">\n\t\t\t\t<div class=\"elementor-widget-container\">\n\t\t\t\t\t\t\t\t\t\t\t\t<figure class=\"wp-caption\">\n\t\t\t\t\t\t\t\t\t\t<img fetchpriority=\"high\" decoding=\"async\" width=\"1024\" height=\"768\" src=\"https:\/\/gunesmetalurji.com\/tr\/wp-content\/uploads\/2023\/09\/s2-forged-aloyed-steel-bars-1024x768.jpg\" class=\"attachment-large size-large wp-image-6063\" alt=\"\" srcset=\"https:\/\/gunesmetalurji.com\/tr\/wp-content\/uploads\/2023\/09\/s2-forged-aloyed-steel-bars-1024x768.jpg 1024w, https:\/\/gunesmetalurji.com\/tr\/wp-content\/uploads\/2023\/09\/s2-forged-aloyed-steel-bars-300x225.jpg 300w, https:\/\/gunesmetalurji.com\/tr\/wp-content\/uploads\/2023\/09\/s2-forged-aloyed-steel-bars-768x576.jpg 768w, https:\/\/gunesmetalurji.com\/tr\/wp-content\/uploads\/2023\/09\/s2-forged-aloyed-steel-bars-267x200.jpg 267w, https:\/\/gunesmetalurji.com\/tr\/wp-content\/uploads\/2023\/09\/s2-forged-aloyed-steel-bars-107x80.jpg 107w, https:\/\/gunesmetalurji.com\/tr\/wp-content\/uploads\/2023\/09\/s2-forged-aloyed-steel-bars-394x296.jpg 394w, https:\/\/gunesmetalurji.com\/tr\/wp-content\/uploads\/2023\/09\/s2-forged-aloyed-steel-bars-915x686.jpg 915w, https:\/\/gunesmetalurji.com\/tr\/wp-content\/uploads\/2023\/09\/s2-forged-aloyed-steel-bars-1240x930.jpg 1240w, https:\/\/gunesmetalurji.com\/tr\/wp-content\/uploads\/2023\/09\/s2-forged-aloyed-steel-bars.jpg 1280w\" sizes=\"(max-width: 1024px) 100vw, 1024px\" \/>\t\t\t\t\t\t\t\t\t\t\t<figcaption class=\"widget-image-caption wp-caption-text\"><\/figcaption>\n\t\t\t\t\t\t\t\t\t\t<\/figure>\n\t\t\t\t\t\t\t\t\t<\/div>\n\t\t\t\t<\/div>\n\t\t\t\t\t<\/div>\n\t\t<\/div>\n\t\t\t\t<div class=\"elementor-column elementor-col-66 elementor-top-column elementor-element elementor-element-9a578ba\" data-id=\"9a578ba\" data-element_type=\"column\" data-e-type=\"column\">\n\t\t\t<div class=\"elementor-widget-wrap elementor-element-populated\">\n\t\t\t\t\t\t<div class=\"elementor-element elementor-element-dfd3937 elementor-widget elementor-widget-text-editor\" data-id=\"dfd3937\" data-element_type=\"widget\" data-e-type=\"widget\" data-widget_type=\"text-editor.default\">\n\t\t\t\t<div class=\"elementor-widget-container\">\n\t\t\t\t\t\t\t\t\t\u015eirketin D\u00f6vme \u00e7eliklerinin \u00fcretim s\u00fcreci a\u015fa\u011f\u0131daki \u00f6zellikleri i\u00e7erir: \n<ul>\n \t<li>\u00d6zel \u00e7eliklerin ve paslanmaz \u00e7eliklerin gazdan ar\u0131nd\u0131r\u0131lmas\u0131 ve \u00fcretimi i\u00e7in geli\u015fmi\u015f vakum ekipmanlar\u0131 (VD, VOD) <\/li>\n \t<li>EBT valfi ile donat\u0131lm\u0131\u015f<\/li>\n \t<li>Vakumlu Dekontaminasyon (VD)<\/li>\n \t<li>Oksijen \u00fcfleme (VOD) ile vakumlu dekarbonizasyon<\/li>\n \t<li>Vakumlu K\u00fcl\u00e7e D\u00f6k\u00fcm (VIC)<\/li>\n \t<li>Eriyi\u011fin \u00e7evre atmosferle temas\u0131n\u0131 \u00f6nlemek i\u00e7in argon gaz\u0131 alt\u0131nda d\u00f6k\u00fcm (Argon Koruma Kapa\u011f\u0131)<\/li>\n<\/ul>\t\t\t\t\t\t\t\t<\/div>\n\t\t\t\t<\/div>\n\t\t\t\t\t<\/div>\n\t\t<\/div>\n\t\t\t\t\t<\/div>\n\t\t<\/section>\n\t\t\t\t<section class=\"elementor-section elementor-top-section elementor-element elementor-element-f31eb6f elementor-section-boxed elementor-section-height-default elementor-section-height-default\" data-id=\"f31eb6f\" data-element_type=\"section\" data-e-type=\"section\">\n\t\t\t\t\t\t<div class=\"elementor-container elementor-column-gap-default\">\n\t\t\t\t\t<div class=\"elementor-column elementor-col-33 elementor-top-column elementor-element elementor-element-64755e8\" data-id=\"64755e8\" data-element_type=\"column\" data-e-type=\"column\">\n\t\t\t<div class=\"elementor-widget-wrap elementor-element-populated\">\n\t\t\t\t\t\t<div class=\"elementor-element elementor-element-ae74f63 elementor-widget elementor-widget-image\" data-id=\"ae74f63\" data-element_type=\"widget\" data-e-type=\"widget\" data-widget_type=\"image.default\">\n\t\t\t\t<div class=\"elementor-widget-container\">\n\t\t\t\t\t\t\t\t\t\t\t\t<figure class=\"wp-caption\">\n\t\t\t\t\t\t\t\t\t\t<img decoding=\"async\" width=\"1024\" height=\"768\" src=\"https:\/\/gunesmetalurji.com\/tr\/wp-content\/uploads\/2023\/09\/forged-1-1024x768.jpg\" class=\"attachment-large size-large wp-image-6120\" alt=\"\" srcset=\"https:\/\/gunesmetalurji.com\/tr\/wp-content\/uploads\/2023\/09\/forged-1-1024x768.jpg 1024w, https:\/\/gunesmetalurji.com\/tr\/wp-content\/uploads\/2023\/09\/forged-1-300x225.jpg 300w, https:\/\/gunesmetalurji.com\/tr\/wp-content\/uploads\/2023\/09\/forged-1-768x576.jpg 768w, https:\/\/gunesmetalurji.com\/tr\/wp-content\/uploads\/2023\/09\/forged-1-267x200.jpg 267w, https:\/\/gunesmetalurji.com\/tr\/wp-content\/uploads\/2023\/09\/forged-1-107x80.jpg 107w, https:\/\/gunesmetalurji.com\/tr\/wp-content\/uploads\/2023\/09\/forged-1-394x296.jpg 394w, https:\/\/gunesmetalurji.com\/tr\/wp-content\/uploads\/2023\/09\/forged-1-915x687.jpg 915w, https:\/\/gunesmetalurji.com\/tr\/wp-content\/uploads\/2023\/09\/forged-1.jpg 1210w\" sizes=\"(max-width: 1024px) 100vw, 1024px\" \/>\t\t\t\t\t\t\t\t\t\t\t<figcaption class=\"widget-image-caption wp-caption-text\"><\/figcaption>\n\t\t\t\t\t\t\t\t\t\t<\/figure>\n\t\t\t\t\t\t\t\t\t<\/div>\n\t\t\t\t<\/div>\n\t\t\t\t<div class=\"elementor-element elementor-element-8206f84 elementor-widget elementor-widget-image\" data-id=\"8206f84\" data-element_type=\"widget\" data-e-type=\"widget\" data-widget_type=\"image.default\">\n\t\t\t\t<div class=\"elementor-widget-container\">\n\t\t\t\t\t\t\t\t\t\t\t\t<figure class=\"wp-caption\">\n\t\t\t\t\t\t\t\t\t\t<img loading=\"lazy\" decoding=\"async\" width=\"832\" height=\"463\" src=\"https:\/\/gunesmetalurji.com\/tr\/wp-content\/uploads\/2023\/09\/rolledtwo.jpg\" class=\"attachment-large size-large wp-image-6249\" alt=\"\" srcset=\"https:\/\/gunesmetalurji.com\/tr\/wp-content\/uploads\/2023\/09\/rolledtwo.jpg 832w, https:\/\/gunesmetalurji.com\/tr\/wp-content\/uploads\/2023\/09\/rolledtwo-300x167.jpg 300w, https:\/\/gunesmetalurji.com\/tr\/wp-content\/uploads\/2023\/09\/rolledtwo-768x427.jpg 768w, https:\/\/gunesmetalurji.com\/tr\/wp-content\/uploads\/2023\/09\/rolledtwo-359x200.jpg 359w, https:\/\/gunesmetalurji.com\/tr\/wp-content\/uploads\/2023\/09\/rolledtwo-144x80.jpg 144w, https:\/\/gunesmetalurji.com\/tr\/wp-content\/uploads\/2023\/09\/rolledtwo-394x219.jpg 394w\" sizes=\"(max-width: 832px) 100vw, 832px\" \/>\t\t\t\t\t\t\t\t\t\t\t<figcaption class=\"widget-image-caption wp-caption-text\"><\/figcaption>\n\t\t\t\t\t\t\t\t\t\t<\/figure>\n\t\t\t\t\t\t\t\t\t<\/div>\n\t\t\t\t<\/div>\n\t\t\t\t\t<\/div>\n\t\t<\/div>\n\t\t\t\t<div class=\"elementor-column elementor-col-33 elementor-top-column elementor-element elementor-element-fbae151\" data-id=\"fbae151\" data-element_type=\"column\" data-e-type=\"column\">\n\t\t\t<div class=\"elementor-widget-wrap elementor-element-populated\">\n\t\t\t\t\t\t<div class=\"elementor-element elementor-element-3fa9b4f elementor-widget elementor-widget-text-editor\" data-id=\"3fa9b4f\" data-element_type=\"widget\" data-e-type=\"widget\" data-widget_type=\"text-editor.default\">\n\t\t\t\t<div class=\"elementor-widget-container\">\n\t\t\t\t\t\t\t\t\t<p>Ala\u015f\u0131ml\u0131 \u00e7elik eritme ve d\u00f6k\u00fcm \u00fcnitesinin di\u011fer ekipmanlar\u0131 a\u015fa\u011f\u0131daki gibidir:<\/p><ul><li>%99.999 safl\u0131kta \u00e7ok y\u00fcksek argon ve %99.995 safl\u0131kta oksijen \u00fcretimi i\u00e7in geli\u015fmi\u015f \u00fcnite<\/li><li>\u00dcretim k\u00fcl\u00e7elerinin gerilme, tavlama ve temper tavlama d\u00f6ng\u00fcleri i\u00e7in \u0131s\u0131l i\u015flem f\u0131r\u0131nlar\u0131<\/li><li>K\u00fcl\u00e7e so\u011futma odalar\u0131 (So\u011futma Kutusu)<\/li><li>Kalite kontrol ekipmanlar\u0131<\/li><li>Topluluk Onayl\u0131 simgesi<\/li><li>S\u00fcrekli D\u00f6k\u00fcm Makinesi<\/li><li>Radyoaktif kal\u0131p seviye kontrol sistemi ile donat\u0131lm\u0131\u015ft\u0131r (Radyoaktif Kal\u0131p Seviye Kontrol\u00fc)<\/li><li>Manyetik kar\u0131\u015ft\u0131r\u0131c\u0131 sistemi (EMS) ile donat\u0131lm\u0131\u015ft\u0131r<\/li><li>Paslanmaz kalitelerin kesilmesi i\u00e7in toz enjeksiyon \u00f6zelli\u011fine sahip otomatik oksijen kesme sistemi (Tozlu Oksi-kesme hamlac\u0131)<\/li><li>Kal\u0131p Hidrolik Sal\u0131n\u0131m Sistemi ile Donat\u0131lm\u0131\u015ft\u0131r<\/li><\/ul>\t\t\t\t\t\t\t\t<\/div>\n\t\t\t\t<\/div>\n\t\t\t\t\t<\/div>\n\t\t<\/div>\n\t\t\t\t<div class=\"elementor-column elementor-col-33 elementor-top-column elementor-element elementor-element-01615ec\" data-id=\"01615ec\" data-element_type=\"column\" data-e-type=\"column\">\n\t\t\t<div class=\"elementor-widget-wrap elementor-element-populated\">\n\t\t\t\t\t\t<div class=\"elementor-element elementor-element-ed2c81d elementor-widget elementor-widget-text-editor\" data-id=\"ed2c81d\" data-element_type=\"widget\" data-e-type=\"widget\" data-widget_type=\"text-editor.default\">\n\t\t\t\t<div class=\"elementor-widget-container\">\n\t\t\t\t\t\t\t\t\t<p>Uygulanabilir \u0131s\u0131l i\u015flem prosesleri a\u015fa\u011f\u0131daki gibidir:<\/p><ul><li>Tavlama \u00c7e\u015fitleri<\/li><li>\u00c7e\u015fitli so\u011futma ortamlar\u0131nda s\u00f6nd\u00fcrme<\/li><li>Temperleme<\/li><li>Normalle\u015ftirme<\/li><li>Gerilim Giderme<\/li><li>End\u00fcksiyonla Sertle\u015ftirme<\/li><li>Y\u00fczey sertle\u015ftirme veya sprey s\u00f6nd\u00fcrme<\/li><li>N\u00f6tr bir gaz atmosferi alt\u0131nda yeniden eriyen damla (Koruyucu Atmosfer ESR)<\/li><li>Radyal d\u00f6vme makineleri =<\/li><li>GER\u0130L\u0130M G\u0130DERME<\/li><li>SERTLE\u015eT\u0130RME &amp; TEMPERLEME<\/li><li>\u00c7\u00d6KERTME SERTLE\u015eMESI<\/li><li>TIC (S\u0131cakl\u0131k G\u00f6stergesi Kontrol\u00fc)<\/li><li>BIC (Br\u00fcl\u00f6r Ate\u015fleme Kontrol\u00fc)<\/li><\/ul>\t\t\t\t\t\t\t\t<\/div>\n\t\t\t\t<\/div>\n\t\t\t\t\t<\/div>\n\t\t<\/div>\n\t\t\t\t\t<\/div>\n\t\t<\/section>\n\t\t\t\t<section class=\"elementor-section elementor-top-section elementor-element elementor-element-0ef6973 elementor-section-boxed elementor-section-height-default elementor-section-height-default\" data-id=\"0ef6973\" data-element_type=\"section\" data-e-type=\"section\">\n\t\t\t\t\t\t<div class=\"elementor-container elementor-column-gap-default\">\n\t\t\t\t\t<div class=\"elementor-column elementor-col-100 elementor-top-column elementor-element elementor-element-2b49f11\" data-id=\"2b49f11\" data-element_type=\"column\" data-e-type=\"column\">\n\t\t\t<div class=\"elementor-widget-wrap\">\n\t\t\t\t\t\t\t<\/div>\n\t\t<\/div>\n\t\t\t\t\t<\/div>\n\t\t<\/section>\n\t\t\t\t<\/div>\n\t\t","protected":false},"excerpt":{"rendered":"<p>Kalite: C45 &#8211; 42CrMo4 &#8211; S355J2 &#8211; 16\/20 MnCr5 &#8211; 18CrNiMo7 &#8211; etc\u015eekiller: Yuvarlak &#8211; D\u00fczKal\u0131nl\u0131k: 180mm &#8211; 1500mmUzunluk: 1000mm &#8211; 12000mmIs\u0131l \u0130\u015flem: Normalized \u2013 Annealed \u2013 Quenched &amp;Tempered \u015eirketin D\u00f6vme \u00e7eliklerinin \u00fcretim s\u00fcreci a\u015fa\u011f\u0131daki \u00f6zellikleri i\u00e7erir: \u00d6zel \u00e7eliklerin ve &hellip; <a href=\"https:\/\/gunesmetalurji.com\/tr\/dovme-celik\/\">Devam\u0131n\u0131 Oku<\/a><\/p>\n","protected":false},"author":10,"featured_media":0,"parent":0,"menu_order":0,"comment_status":"closed","ping_status":"closed","template":"","meta":{"footnotes":""},"class_list":["post-6057","page","type-page","status-publish","hentry"],"_links":{"self":[{"href":"https:\/\/gunesmetalurji.com\/tr\/wp-json\/wp\/v2\/pages\/6057","targetHints":{"allow":["GET"]}}],"collection":[{"href":"https:\/\/gunesmetalurji.com\/tr\/wp-json\/wp\/v2\/pages"}],"about":[{"href":"https:\/\/gunesmetalurji.com\/tr\/wp-json\/wp\/v2\/types\/page"}],"author":[{"embeddable":true,"href":"https:\/\/gunesmetalurji.com\/tr\/wp-json\/wp\/v2\/users\/10"}],"replies":[{"embeddable":true,"href":"https:\/\/gunesmetalurji.com\/tr\/wp-json\/wp\/v2\/comments?post=6057"}],"version-history":[{"count":59,"href":"https:\/\/gunesmetalurji.com\/tr\/wp-json\/wp\/v2\/pages\/6057\/revisions"}],"predecessor-version":[{"id":6422,"href":"https:\/\/gunesmetalurji.com\/tr\/wp-json\/wp\/v2\/pages\/6057\/revisions\/6422"}],"wp:attachment":[{"href":"https:\/\/gunesmetalurji.com\/tr\/wp-json\/wp\/v2\/media?parent=6057"}],"curies":[{"name":"wp","href":"https:\/\/api.w.org\/{rel}","templated":true}]}}