{"id":6079,"date":"2023-09-23T06:06:58","date_gmt":"2023-09-23T06:06:58","guid":{"rendered":"https:\/\/gunesmetalurji.com\/tr\/?page_id=6079"},"modified":"2023-10-18T08:44:36","modified_gmt":"2023-10-18T08:44:36","slug":"sicak-hadde-celikleri","status":"publish","type":"page","link":"https:\/\/gunesmetalurji.com\/tr\/sicak-hadde-celikleri\/","title":{"rendered":"S\u0131cak Hadde \u00c7elikleri"},"content":{"rendered":"\t\t<div data-elementor-type=\"wp-page\" data-elementor-id=\"6079\" class=\"elementor elementor-6079\">\n\t\t\t\t\t\t<section class=\"elementor-section elementor-top-section elementor-element elementor-element-cbdb2fb elementor-section-boxed elementor-section-height-default elementor-section-height-default\" data-id=\"cbdb2fb\" data-element_type=\"section\" data-e-type=\"section\">\n\t\t\t\t\t\t<div class=\"elementor-container elementor-column-gap-default\">\n\t\t\t\t\t<div class=\"elementor-column elementor-col-50 elementor-top-column elementor-element elementor-element-0ab78b7\" data-id=\"0ab78b7\" data-element_type=\"column\" data-e-type=\"column\">\n\t\t\t<div class=\"elementor-widget-wrap elementor-element-populated\">\n\t\t\t\t\t\t<div class=\"elementor-element elementor-element-7fb8c17 elementor-widget elementor-widget-image\" data-id=\"7fb8c17\" data-element_type=\"widget\" data-e-type=\"widget\" data-widget_type=\"image.default\">\n\t\t\t\t<div class=\"elementor-widget-container\">\n\t\t\t\t\t\t\t\t\t\t\t\t\t\t\t<img decoding=\"async\" width=\"188\" height=\"172\" src=\"https:\/\/gunesmetalurji.com\/tr\/wp-content\/uploads\/2023\/09\/rolled.png\" class=\"attachment-large size-large wp-image-6247\" alt=\"\" srcset=\"https:\/\/gunesmetalurji.com\/tr\/wp-content\/uploads\/2023\/09\/rolled.png 188w, https:\/\/gunesmetalurji.com\/tr\/wp-content\/uploads\/2023\/09\/rolled-87x80.png 87w\" sizes=\"(max-width: 188px) 100vw, 188px\" \/>\t\t\t\t\t\t\t\t\t\t\t\t\t\t\t<\/div>\n\t\t\t\t<\/div>\n\t\t\t\t\t<\/div>\n\t\t<\/div>\n\t\t\t\t<div class=\"elementor-column elementor-col-50 elementor-top-column elementor-element elementor-element-b270618\" data-id=\"b270618\" data-element_type=\"column\" data-e-type=\"column\">\n\t\t\t<div class=\"elementor-widget-wrap elementor-element-populated\">\n\t\t\t\t\t\t<div class=\"elementor-element elementor-element-b46910f elementor-widget elementor-widget-text-editor\" data-id=\"b46910f\" data-element_type=\"widget\" data-e-type=\"widget\" data-widget_type=\"text-editor.default\">\n\t\t\t\t<div class=\"elementor-widget-container\">\n\t\t\t\t\t\t\t\t\t<p><span style=\"font-size: small;\"><strong>Kalite:<\/strong> C45 &#8211; 42CrMo4 &#8211; S355J2 &#8211; 16\/20 MnCr5 &#8211; 100Cr6 &#8211; 41Cr4 &#8211; etc<br \/><strong>\u015eekiller:<\/strong> Yuvarlak &#8211; Kare<br \/><strong>Kal\u0131nl\u0131k:<\/strong> 20mm &#8211; 200mm<br \/><strong>Uzunluk:<\/strong> 4000mm &#8211; 12000mm<br \/><strong>Is\u0131l \u0130\u015flem:<\/strong> Normalized \u2013 Annealed \u2013 Quenched &amp;Tempered<\/span><\/p>\t\t\t\t\t\t\t\t<\/div>\n\t\t\t\t<\/div>\n\t\t\t\t\t<\/div>\n\t\t<\/div>\n\t\t\t\t\t<\/div>\n\t\t<\/section>\n\t\t\t\t<section class=\"elementor-section elementor-top-section elementor-element elementor-element-d6c0dd8 elementor-section-boxed elementor-section-height-default elementor-section-height-default\" data-id=\"d6c0dd8\" data-element_type=\"section\" data-e-type=\"section\">\n\t\t\t\t\t\t<div class=\"elementor-container elementor-column-gap-default\">\n\t\t\t\t\t<div class=\"elementor-column elementor-col-33 elementor-top-column elementor-element elementor-element-22509a0\" data-id=\"22509a0\" data-element_type=\"column\" data-e-type=\"column\">\n\t\t\t<div class=\"elementor-widget-wrap elementor-element-populated\">\n\t\t\t\t\t\t<div class=\"elementor-element elementor-element-840813f elementor-widget elementor-widget-image\" data-id=\"840813f\" data-element_type=\"widget\" data-e-type=\"widget\" data-widget_type=\"image.default\">\n\t\t\t\t<div class=\"elementor-widget-container\">\n\t\t\t\t\t\t\t\t\t\t\t\t<figure class=\"wp-caption\">\n\t\t\t\t\t\t\t\t\t\t<img fetchpriority=\"high\" decoding=\"async\" width=\"1024\" height=\"768\" src=\"https:\/\/gunesmetalurji.com\/tr\/wp-content\/uploads\/2023\/09\/3-rolled-aloyed-steel-bars-1024x768.jpg\" class=\"attachment-large size-large wp-image-6088\" alt=\"\" srcset=\"https:\/\/gunesmetalurji.com\/tr\/wp-content\/uploads\/2023\/09\/3-rolled-aloyed-steel-bars-1024x768.jpg 1024w, https:\/\/gunesmetalurji.com\/tr\/wp-content\/uploads\/2023\/09\/3-rolled-aloyed-steel-bars-300x225.jpg 300w, https:\/\/gunesmetalurji.com\/tr\/wp-content\/uploads\/2023\/09\/3-rolled-aloyed-steel-bars-768x576.jpg 768w, https:\/\/gunesmetalurji.com\/tr\/wp-content\/uploads\/2023\/09\/3-rolled-aloyed-steel-bars-1536x1152.jpg 1536w, https:\/\/gunesmetalurji.com\/tr\/wp-content\/uploads\/2023\/09\/3-rolled-aloyed-steel-bars-267x200.jpg 267w, https:\/\/gunesmetalurji.com\/tr\/wp-content\/uploads\/2023\/09\/3-rolled-aloyed-steel-bars-107x80.jpg 107w, https:\/\/gunesmetalurji.com\/tr\/wp-content\/uploads\/2023\/09\/3-rolled-aloyed-steel-bars-394x296.jpg 394w, https:\/\/gunesmetalurji.com\/tr\/wp-content\/uploads\/2023\/09\/3-rolled-aloyed-steel-bars-915x686.jpg 915w, https:\/\/gunesmetalurji.com\/tr\/wp-content\/uploads\/2023\/09\/3-rolled-aloyed-steel-bars-1240x930.jpg 1240w, https:\/\/gunesmetalurji.com\/tr\/wp-content\/uploads\/2023\/09\/3-rolled-aloyed-steel-bars-1440x1080.jpg 1440w, https:\/\/gunesmetalurji.com\/tr\/wp-content\/uploads\/2023\/09\/3-rolled-aloyed-steel-bars.jpg 1600w\" sizes=\"(max-width: 1024px) 100vw, 1024px\" \/>\t\t\t\t\t\t\t\t\t\t\t<figcaption class=\"widget-image-caption wp-caption-text\"><\/figcaption>\n\t\t\t\t\t\t\t\t\t\t<\/figure>\n\t\t\t\t\t\t\t\t\t<\/div>\n\t\t\t\t<\/div>\n\t\t\t\t<div class=\"elementor-element elementor-element-b7964ec elementor-widget elementor-widget-image\" data-id=\"b7964ec\" data-element_type=\"widget\" data-e-type=\"widget\" data-widget_type=\"image.default\">\n\t\t\t\t<div class=\"elementor-widget-container\">\n\t\t\t\t\t\t\t\t\t\t\t\t<figure class=\"wp-caption\">\n\t\t\t\t\t\t\t\t\t\t<img decoding=\"async\" width=\"844\" height=\"853\" src=\"https:\/\/gunesmetalurji.com\/tr\/wp-content\/uploads\/2023\/09\/rolledtwo-1-1.jpg\" class=\"attachment-large size-large wp-image-6286\" alt=\"\" srcset=\"https:\/\/gunesmetalurji.com\/tr\/wp-content\/uploads\/2023\/09\/rolledtwo-1-1.jpg 844w, https:\/\/gunesmetalurji.com\/tr\/wp-content\/uploads\/2023\/09\/rolledtwo-1-1-297x300.jpg 297w, https:\/\/gunesmetalurji.com\/tr\/wp-content\/uploads\/2023\/09\/rolledtwo-1-1-768x776.jpg 768w, https:\/\/gunesmetalurji.com\/tr\/wp-content\/uploads\/2023\/09\/rolledtwo-1-1-198x200.jpg 198w, https:\/\/gunesmetalurji.com\/tr\/wp-content\/uploads\/2023\/09\/rolledtwo-1-1-79x80.jpg 79w, https:\/\/gunesmetalurji.com\/tr\/wp-content\/uploads\/2023\/09\/rolledtwo-1-1-300x303.jpg 300w, https:\/\/gunesmetalurji.com\/tr\/wp-content\/uploads\/2023\/09\/rolledtwo-1-1-693x700.jpg 693w\" sizes=\"(max-width: 844px) 100vw, 844px\" \/>\t\t\t\t\t\t\t\t\t\t\t<figcaption class=\"widget-image-caption wp-caption-text\"><\/figcaption>\n\t\t\t\t\t\t\t\t\t\t<\/figure>\n\t\t\t\t\t\t\t\t\t<\/div>\n\t\t\t\t<\/div>\n\t\t\t\t<div class=\"elementor-element elementor-element-5db8f8a elementor-widget elementor-widget-image\" data-id=\"5db8f8a\" data-element_type=\"widget\" data-e-type=\"widget\" data-widget_type=\"image.default\">\n\t\t\t\t<div class=\"elementor-widget-container\">\n\t\t\t\t\t\t\t\t\t\t\t\t<figure class=\"wp-caption\">\n\t\t\t\t\t\t\t\t\t\t<img loading=\"lazy\" decoding=\"async\" width=\"768\" height=\"1024\" src=\"https:\/\/gunesmetalurji.com\/tr\/wp-content\/uploads\/2023\/09\/rolled-768x1024.jpg\" class=\"attachment-large size-large wp-image-6115\" alt=\"\" srcset=\"https:\/\/gunesmetalurji.com\/tr\/wp-content\/uploads\/2023\/09\/rolled-768x1024.jpg 768w, https:\/\/gunesmetalurji.com\/tr\/wp-content\/uploads\/2023\/09\/rolled-225x300.jpg 225w, https:\/\/gunesmetalurji.com\/tr\/wp-content\/uploads\/2023\/09\/rolled-150x200.jpg 150w, https:\/\/gunesmetalurji.com\/tr\/wp-content\/uploads\/2023\/09\/rolled-60x80.jpg 60w, https:\/\/gunesmetalurji.com\/tr\/wp-content\/uploads\/2023\/09\/rolled-227x303.jpg 227w, https:\/\/gunesmetalurji.com\/tr\/wp-content\/uploads\/2023\/09\/rolled-605x806.jpg 605w, https:\/\/gunesmetalurji.com\/tr\/wp-content\/uploads\/2023\/09\/rolled-525x700.jpg 525w, https:\/\/gunesmetalurji.com\/tr\/wp-content\/uploads\/2023\/09\/rolled-713x950.jpg 713w, https:\/\/gunesmetalurji.com\/tr\/wp-content\/uploads\/2023\/09\/rolled.jpg 810w\" sizes=\"(max-width: 768px) 100vw, 768px\" \/>\t\t\t\t\t\t\t\t\t\t\t<figcaption class=\"widget-image-caption wp-caption-text\"><\/figcaption>\n\t\t\t\t\t\t\t\t\t\t<\/figure>\n\t\t\t\t\t\t\t\t\t<\/div>\n\t\t\t\t<\/div>\n\t\t\t\t\t<\/div>\n\t\t<\/div>\n\t\t\t\t<div class=\"elementor-column elementor-col-66 elementor-top-column elementor-element elementor-element-9a578ba\" data-id=\"9a578ba\" data-element_type=\"column\" data-e-type=\"column\">\n\t\t\t<div class=\"elementor-widget-wrap elementor-element-populated\">\n\t\t\t\t\t\t<div class=\"elementor-element elementor-element-dfd3937 elementor-widget elementor-widget-text-editor\" data-id=\"dfd3937\" data-element_type=\"widget\" data-e-type=\"widget\" data-widget_type=\"text-editor.default\">\n\t\t\t\t<div class=\"elementor-widget-container\">\n\t\t\t\t\t\t\t\t\t<p>S\u0131cak haddelenmi\u015f yass\u0131 Levha ve Sac \u00fcr\u00fcnlerimize ait \u00fcretim s\u00fcreci a\u015fa\u011f\u0131daki gibidir:<\/p><ul><li>Elektrikli ark f\u0131r\u0131nlar\u0131 ve \u00fc\u00e7 pota f\u0131r\u0131n\u0131, bir vakumlu gaz giderme \u00fcnitesi (VD), bir vakumlu oksijen dekarb\u00fcrizasyon \u00fcnitesi (VOD), iki s\u00fcrekli d\u00f6k\u00fcm ve bir mekanize k\u00fcl\u00e7e d\u00f6k\u00fcm \u00fcnitesi.<\/li><li>C.P, P.D.C, Ferro Ala\u015f\u0131ml\u0131 Besleme Sistemi, karbon, kire\u00e7 enjeksiyon sistemi, oksijen gaz\u0131 \u00fcfleme sistemi ve f\u0131r\u0131n\u0131n dibinden n\u00f6tr gaz \u00fcfleme sistemi ile donat\u0131lm\u0131\u015ft\u0131r.<\/li><li>Yapay c\u00fcruf yard\u0131m\u0131yla canland\u0131rma ve rafine etme.<\/li><li>Tava taban\u0131ndan n\u00f6tr gaz (argon) soluma.<\/li><li>\u0130nd\u00fcksiyon kar\u0131\u015ft\u0131r\u0131c\u0131 ve argon gaz\u0131 \u00fcfleme sistemi, eriyik safla\u015ft\u0131rma ve rejenerasyon, ala\u015f\u0131mlama, k\u00fck\u00fcrt giderme ve \u00e7elik eriyi\u011fin kimyasal bile\u015fiminin ve s\u0131cakl\u0131\u011f\u0131n\u0131n homojenizasyonu<\/li><li>Buhar jetli pompa su halkal\u0131 pompa sistemleri ile donat\u0131lm\u0131\u015f VOD \u00fcnitesi.<\/li><li>HOMOJENLE\u015eTIRME<\/li><li>NORMALLE\u015eTIRME<\/li><li>GER\u0130L\u0130M GIDERME<\/li><li>SERTLE\u015eT\u0130RME &amp; TEMPERLEME<\/li><li>\u00c7\u00d6KERTME SERTLE\u015eMESI<\/li><li>TIC (S\u0131cakl\u0131k G\u00f6stergesi Kontrol\u00fc)<\/li><li>BIC (Br\u00fcl\u00f6r Ate\u015fleme Kontrol\u00fc)<\/li><li>Toz D\u00f6k\u00fcm Alt\u0131nda<\/li><li>Kal\u0131pta Manyetik Kar\u0131\u015ft\u0131r\u0131c\u0131<\/li><li>\u0130\u015faretleme Makinesi<\/li><li>Otomatik Kal\u0131p Seviye Kontrol\u00fc<\/li><li>Yeniden Is\u0131tma Y\u00fcr\u00fcyen Kiri\u015fli F\u0131r\u0131n<\/li><li>Islatma \u00e7ukuru<\/li><li>A\u011f\u0131r profil haddesi<\/li><li>Hafif profil haddesi<\/li><li>(TAM TAVLAMA)<\/li><li>(\u0130ZOTERMAL TAVLAMA)<\/li><li>ALT KR\u0130T\u0130K TAVLAMA<\/li><li>\u00c7\u00d6ZELT\u0130 TAVLAMA<\/li><\/ul>\t\t\t\t\t\t\t\t<\/div>\n\t\t\t\t<\/div>\n\t\t\t\t\t<\/div>\n\t\t<\/div>\n\t\t\t\t\t<\/div>\n\t\t<\/section>\n\t\t\t\t<section class=\"elementor-section elementor-top-section elementor-element elementor-element-0891a39 elementor-section-boxed elementor-section-height-default elementor-section-height-default\" data-id=\"0891a39\" data-element_type=\"section\" data-e-type=\"section\">\n\t\t\t\t\t\t<div class=\"elementor-container elementor-column-gap-default\">\n\t\t\t\t\t<div class=\"elementor-column elementor-col-33 elementor-top-column elementor-element elementor-element-02ad750\" data-id=\"02ad750\" data-element_type=\"column\" data-e-type=\"column\">\n\t\t\t<div class=\"elementor-widget-wrap\">\n\t\t\t\t\t\t\t<\/div>\n\t\t<\/div>\n\t\t\t\t<div class=\"elementor-column elementor-col-33 elementor-top-column elementor-element elementor-element-abcb5e1\" data-id=\"abcb5e1\" data-element_type=\"column\" data-e-type=\"column\">\n\t\t\t<div class=\"elementor-widget-wrap elementor-element-populated\">\n\t\t\t\t\t\t\t<\/div>\n\t\t<\/div>\n\t\t\t\t<div class=\"elementor-column elementor-col-33 elementor-top-column elementor-element elementor-element-3aeb240\" data-id=\"3aeb240\" data-element_type=\"column\" data-e-type=\"column\">\n\t\t\t<div class=\"elementor-widget-wrap\">\n\t\t\t\t\t\t\t<\/div>\n\t\t<\/div>\n\t\t\t\t\t<\/div>\n\t\t<\/section>\n\t\t\t\t<\/div>\n\t\t","protected":false},"excerpt":{"rendered":"<p>Kalite: C45 &#8211; 42CrMo4 &#8211; S355J2 &#8211; 16\/20 MnCr5 &#8211; 100Cr6 &#8211; 41Cr4 &#8211; etc\u015eekiller: Yuvarlak &#8211; KareKal\u0131nl\u0131k: 20mm &#8211; 200mmUzunluk: 4000mm &#8211; 12000mmIs\u0131l \u0130\u015flem: Normalized \u2013 Annealed \u2013 Quenched &amp;Tempered S\u0131cak haddelenmi\u015f yass\u0131 Levha ve Sac \u00fcr\u00fcnlerimize ait \u00fcretim &hellip; <a href=\"https:\/\/gunesmetalurji.com\/tr\/sicak-hadde-celikleri\/\">Devam\u0131n\u0131 Oku<\/a><\/p>\n","protected":false},"author":10,"featured_media":0,"parent":0,"menu_order":0,"comment_status":"closed","ping_status":"closed","template":"","meta":{"footnotes":""},"class_list":["post-6079","page","type-page","status-publish","hentry"],"_links":{"self":[{"href":"https:\/\/gunesmetalurji.com\/tr\/wp-json\/wp\/v2\/pages\/6079","targetHints":{"allow":["GET"]}}],"collection":[{"href":"https:\/\/gunesmetalurji.com\/tr\/wp-json\/wp\/v2\/pages"}],"about":[{"href":"https:\/\/gunesmetalurji.com\/tr\/wp-json\/wp\/v2\/types\/page"}],"author":[{"embeddable":true,"href":"https:\/\/gunesmetalurji.com\/tr\/wp-json\/wp\/v2\/users\/10"}],"replies":[{"embeddable":true,"href":"https:\/\/gunesmetalurji.com\/tr\/wp-json\/wp\/v2\/comments?post=6079"}],"version-history":[{"count":47,"href":"https:\/\/gunesmetalurji.com\/tr\/wp-json\/wp\/v2\/pages\/6079\/revisions"}],"predecessor-version":[{"id":6431,"href":"https:\/\/gunesmetalurji.com\/tr\/wp-json\/wp\/v2\/pages\/6079\/revisions\/6431"}],"wp:attachment":[{"href":"https:\/\/gunesmetalurji.com\/tr\/wp-json\/wp\/v2\/media?parent=6079"}],"curies":[{"name":"wp","href":"https:\/\/api.w.org\/{rel}","templated":true}]}}