{"id":6106,"date":"2023-09-23T06:22:11","date_gmt":"2023-09-23T06:22:11","guid":{"rendered":"https:\/\/gunesmetalurji.com\/tr\/?page_id=6106"},"modified":"2023-10-18T08:43:58","modified_gmt":"2023-10-18T08:43:58","slug":"soguk-cekim-celikleri","status":"publish","type":"page","link":"https:\/\/gunesmetalurji.com\/tr\/soguk-cekim-celikleri\/","title":{"rendered":"So\u011fuk \u00c7ekim \u00c7elikleri"},"content":{"rendered":"\t\t<div data-elementor-type=\"wp-page\" data-elementor-id=\"6106\" class=\"elementor elementor-6106\">\n\t\t\t\t\t\t<section class=\"elementor-section elementor-top-section elementor-element elementor-element-62bfe76 elementor-section-boxed elementor-section-height-default elementor-section-height-default\" data-id=\"62bfe76\" data-element_type=\"section\" data-e-type=\"section\">\n\t\t\t\t\t\t<div class=\"elementor-container elementor-column-gap-default\">\n\t\t\t\t\t<div class=\"elementor-column elementor-col-50 elementor-top-column elementor-element elementor-element-b4f6c76\" data-id=\"b4f6c76\" data-element_type=\"column\" data-e-type=\"column\">\n\t\t\t<div class=\"elementor-widget-wrap elementor-element-populated\">\n\t\t\t\t\t\t<div class=\"elementor-element elementor-element-2530d7e elementor-widget elementor-widget-image\" data-id=\"2530d7e\" data-element_type=\"widget\" data-e-type=\"widget\" data-widget_type=\"image.default\">\n\t\t\t\t<div class=\"elementor-widget-container\">\n\t\t\t\t\t\t\t\t\t\t\t\t\t\t\t<img decoding=\"async\" width=\"237\" height=\"188\" src=\"https:\/\/gunesmetalurji.com\/tr\/wp-content\/uploads\/2023\/09\/cold.png\" class=\"attachment-large size-large wp-image-6259\" alt=\"\" srcset=\"https:\/\/gunesmetalurji.com\/tr\/wp-content\/uploads\/2023\/09\/cold.png 237w, https:\/\/gunesmetalurji.com\/tr\/wp-content\/uploads\/2023\/09\/cold-101x80.png 101w\" sizes=\"(max-width: 237px) 100vw, 237px\" \/>\t\t\t\t\t\t\t\t\t\t\t\t\t\t\t<\/div>\n\t\t\t\t<\/div>\n\t\t\t\t\t<\/div>\n\t\t<\/div>\n\t\t\t\t<div class=\"elementor-column elementor-col-50 elementor-top-column elementor-element elementor-element-f64b06c\" data-id=\"f64b06c\" data-element_type=\"column\" data-e-type=\"column\">\n\t\t\t<div class=\"elementor-widget-wrap elementor-element-populated\">\n\t\t\t\t\t\t<div class=\"elementor-element elementor-element-fa98305 elementor-widget elementor-widget-text-editor\" data-id=\"fa98305\" data-element_type=\"widget\" data-e-type=\"widget\" data-widget_type=\"text-editor.default\">\n\t\t\t\t<div class=\"elementor-widget-container\">\n\t\t\t\t\t\t\t\t\t<p><span style=\"font-size: small;\"><strong>Kalite:<\/strong> 11SMnPb30 &#8211; 11SMnPb37 &#8211; 11SMn30 &#8211; etc<br \/><strong>\u015eekiller:<\/strong> Yuvarlak &#8211; Kare- Alt\u0131gen<br \/><strong>Kal\u0131nl\u0131k:<\/strong> 5mm &#8211; 60mm<br \/><strong>Uzunluk:<\/strong> 3000mm<br \/><\/span><\/p>\t\t\t\t\t\t\t\t<\/div>\n\t\t\t\t<\/div>\n\t\t\t\t\t<\/div>\n\t\t<\/div>\n\t\t\t\t\t<\/div>\n\t\t<\/section>\n\t\t\t\t<section class=\"elementor-section elementor-top-section elementor-element elementor-element-d6c0dd8 elementor-section-boxed elementor-section-height-default elementor-section-height-default\" data-id=\"d6c0dd8\" data-element_type=\"section\" data-e-type=\"section\">\n\t\t\t\t\t\t<div class=\"elementor-container elementor-column-gap-default\">\n\t\t\t\t\t<div class=\"elementor-column elementor-col-33 elementor-top-column elementor-element elementor-element-22509a0\" data-id=\"22509a0\" data-element_type=\"column\" data-e-type=\"column\">\n\t\t\t<div class=\"elementor-widget-wrap elementor-element-populated\">\n\t\t\t\t\t\t<div class=\"elementor-element elementor-element-840813f elementor-widget elementor-widget-image\" data-id=\"840813f\" data-element_type=\"widget\" data-e-type=\"widget\" data-widget_type=\"image.default\">\n\t\t\t\t<div class=\"elementor-widget-container\">\n\t\t\t\t\t\t\t\t\t\t\t\t<figure class=\"wp-caption\">\n\t\t\t\t\t\t\t\t\t\t<img fetchpriority=\"high\" decoding=\"async\" width=\"1024\" height=\"946\" src=\"https:\/\/gunesmetalurji.com\/tr\/wp-content\/uploads\/2023\/09\/cold-drawn-1-1024x946.jpg\" class=\"attachment-large size-large wp-image-6275\" alt=\"\" srcset=\"https:\/\/gunesmetalurji.com\/tr\/wp-content\/uploads\/2023\/09\/cold-drawn-1-1024x946.jpg 1024w, https:\/\/gunesmetalurji.com\/tr\/wp-content\/uploads\/2023\/09\/cold-drawn-1-300x277.jpg 300w, https:\/\/gunesmetalurji.com\/tr\/wp-content\/uploads\/2023\/09\/cold-drawn-1-768x710.jpg 768w, https:\/\/gunesmetalurji.com\/tr\/wp-content\/uploads\/2023\/09\/cold-drawn-1-216x200.jpg 216w, https:\/\/gunesmetalurji.com\/tr\/wp-content\/uploads\/2023\/09\/cold-drawn-1-87x80.jpg 87w, https:\/\/gunesmetalurji.com\/tr\/wp-content\/uploads\/2023\/09\/cold-drawn-1-328x303.jpg 328w, https:\/\/gunesmetalurji.com\/tr\/wp-content\/uploads\/2023\/09\/cold-drawn-1-758x700.jpg 758w, https:\/\/gunesmetalurji.com\/tr\/wp-content\/uploads\/2023\/09\/cold-drawn-1-1028x950.jpg 1028w, https:\/\/gunesmetalurji.com\/tr\/wp-content\/uploads\/2023\/09\/cold-drawn-1-1169x1080.jpg 1169w, https:\/\/gunesmetalurji.com\/tr\/wp-content\/uploads\/2023\/09\/cold-drawn-1.jpg 1512w\" sizes=\"(max-width: 1024px) 100vw, 1024px\" \/>\t\t\t\t\t\t\t\t\t\t\t<figcaption class=\"widget-image-caption wp-caption-text\"><\/figcaption>\n\t\t\t\t\t\t\t\t\t\t<\/figure>\n\t\t\t\t\t\t\t\t\t<\/div>\n\t\t\t\t<\/div>\n\t\t\t\t\t<\/div>\n\t\t<\/div>\n\t\t\t\t<div class=\"elementor-column elementor-col-66 elementor-top-column elementor-element elementor-element-9a578ba\" data-id=\"9a578ba\" data-element_type=\"column\" data-e-type=\"column\">\n\t\t\t<div class=\"elementor-widget-wrap elementor-element-populated\">\n\t\t\t\t\t\t<div class=\"elementor-element elementor-element-dfd3937 elementor-widget elementor-widget-text-editor\" data-id=\"dfd3937\" data-element_type=\"widget\" data-e-type=\"widget\" data-widget_type=\"text-editor.default\">\n\t\t\t\t<div class=\"elementor-widget-container\">\n\t\t\t\t\t\t\t\t\t<p>\u015eirketin So\u011fuk \u00c7ekme \u00e7elik \u00e7ubuklar\u0131n\u0131n \u00fcretim s\u00fcreci a\u015fa\u011f\u0131daki \u00f6zellikleri i\u00e7erir:<\/p><ul><li>\u2022 Malzemeye herhangi bir \u0131s\u0131tma i\u015flemi uygulamadan \u00e7evre s\u0131cakl\u0131\u011f\u0131nda kesitini daraltarak y\u00fczeyinin \u00e7ap tolerans\u0131n\u0131, do\u011frusall\u0131\u011f\u0131n\u0131 ve parlakl\u0131k kalitesini artt\u0131rma i\u015flemidir. \u0130\u015flemin yap\u0131ld\u0131\u011f\u0131 nitelikler karbon \u00e7elikleri, temperlenmi\u015f \u00e7elikler, karbonlama \u00e7elikleri, otomat \u00e7elikleri ve yay \u00e7elikleridir.<\/li><li>\u00c7izim i\u015flemi yuvarlak, alt\u0131gen ve kare malzemeler olmak \u00fczere iki \u015fekilde ger\u00e7ekle\u015ftirilir<\/li><li>\u00c7atlak kontrol\u00fc (EN10277-1 standard\u0131nda)<\/li><li>Lazerle boyut ve boyut kontrol\u00fc<\/li><li>Do\u011frusall\u0131k kontrol\u00fc<\/li><li>Malzemelerin kimyasal kalite do\u011frulama kontrol\u00fc<\/li><\/ul>\t\t\t\t\t\t\t\t<\/div>\n\t\t\t\t<\/div>\n\t\t\t\t\t<\/div>\n\t\t<\/div>\n\t\t\t\t\t<\/div>\n\t\t<\/section>\n\t\t\t\t<section class=\"elementor-section elementor-top-section elementor-element elementor-element-42032ae elementor-section-boxed elementor-section-height-default elementor-section-height-default\" data-id=\"42032ae\" data-element_type=\"section\" data-e-type=\"section\">\n\t\t\t\t\t\t<div class=\"elementor-container elementor-column-gap-default\">\n\t\t\t\t\t<div class=\"elementor-column elementor-col-33 elementor-top-column elementor-element elementor-element-d38baa7\" data-id=\"d38baa7\" data-element_type=\"column\" data-e-type=\"column\">\n\t\t\t<div class=\"elementor-widget-wrap elementor-element-populated\">\n\t\t\t\t\t\t<div class=\"elementor-element elementor-element-ba3def6 elementor-widget elementor-widget-image\" data-id=\"ba3def6\" data-element_type=\"widget\" data-e-type=\"widget\" data-widget_type=\"image.default\">\n\t\t\t\t<div class=\"elementor-widget-container\">\n\t\t\t\t\t\t\t\t\t\t\t\t<figure class=\"wp-caption\">\n\t\t\t\t\t\t\t\t\t\t<img decoding=\"async\" width=\"1008\" height=\"465\" src=\"https:\/\/gunesmetalurji.com\/tr\/wp-content\/uploads\/2023\/09\/cold.jpg\" class=\"attachment-large size-large wp-image-6128\" alt=\"\" srcset=\"https:\/\/gunesmetalurji.com\/tr\/wp-content\/uploads\/2023\/09\/cold.jpg 1008w, https:\/\/gunesmetalurji.com\/tr\/wp-content\/uploads\/2023\/09\/cold-300x138.jpg 300w, https:\/\/gunesmetalurji.com\/tr\/wp-content\/uploads\/2023\/09\/cold-768x354.jpg 768w, https:\/\/gunesmetalurji.com\/tr\/wp-content\/uploads\/2023\/09\/cold-434x200.jpg 434w, https:\/\/gunesmetalurji.com\/tr\/wp-content\/uploads\/2023\/09\/cold-173x80.jpg 173w, https:\/\/gunesmetalurji.com\/tr\/wp-content\/uploads\/2023\/09\/cold-394x182.jpg 394w, https:\/\/gunesmetalurji.com\/tr\/wp-content\/uploads\/2023\/09\/cold-915x422.jpg 915w\" sizes=\"(max-width: 1008px) 100vw, 1008px\" \/>\t\t\t\t\t\t\t\t\t\t\t<figcaption class=\"widget-image-caption wp-caption-text\"><\/figcaption>\n\t\t\t\t\t\t\t\t\t\t<\/figure>\n\t\t\t\t\t\t\t\t\t<\/div>\n\t\t\t\t<\/div>\n\t\t\t\t<div class=\"elementor-element elementor-element-60c83a9 elementor-widget elementor-widget-image\" data-id=\"60c83a9\" data-element_type=\"widget\" data-e-type=\"widget\" data-widget_type=\"image.default\">\n\t\t\t\t<div class=\"elementor-widget-container\">\n\t\t\t\t\t\t\t\t\t\t\t\t<figure class=\"wp-caption\">\n\t\t\t\t\t\t\t\t\t\t<img loading=\"lazy\" decoding=\"async\" width=\"1024\" height=\"768\" src=\"https:\/\/gunesmetalurji.com\/tr\/wp-content\/uploads\/2023\/09\/cold-drawn-2.jpg\" class=\"attachment-large size-large wp-image-6300\" alt=\"\" srcset=\"https:\/\/gunesmetalurji.com\/tr\/wp-content\/uploads\/2023\/09\/cold-drawn-2.jpg 1024w, https:\/\/gunesmetalurji.com\/tr\/wp-content\/uploads\/2023\/09\/cold-drawn-2-300x225.jpg 300w, https:\/\/gunesmetalurji.com\/tr\/wp-content\/uploads\/2023\/09\/cold-drawn-2-768x576.jpg 768w, https:\/\/gunesmetalurji.com\/tr\/wp-content\/uploads\/2023\/09\/cold-drawn-2-267x200.jpg 267w, https:\/\/gunesmetalurji.com\/tr\/wp-content\/uploads\/2023\/09\/cold-drawn-2-107x80.jpg 107w, https:\/\/gunesmetalurji.com\/tr\/wp-content\/uploads\/2023\/09\/cold-drawn-2-394x296.jpg 394w, https:\/\/gunesmetalurji.com\/tr\/wp-content\/uploads\/2023\/09\/cold-drawn-2-915x686.jpg 915w\" sizes=\"(max-width: 1024px) 100vw, 1024px\" \/>\t\t\t\t\t\t\t\t\t\t\t<figcaption class=\"widget-image-caption wp-caption-text\"><\/figcaption>\n\t\t\t\t\t\t\t\t\t\t<\/figure>\n\t\t\t\t\t\t\t\t\t<\/div>\n\t\t\t\t<\/div>\n\t\t\t\t\t<\/div>\n\t\t<\/div>\n\t\t\t\t<div class=\"elementor-column elementor-col-66 elementor-top-column elementor-element elementor-element-fd863eb\" data-id=\"fd863eb\" data-element_type=\"column\" data-e-type=\"column\">\n\t\t\t<div class=\"elementor-widget-wrap\">\n\t\t\t\t\t\t\t<\/div>\n\t\t<\/div>\n\t\t\t\t\t<\/div>\n\t\t<\/section>\n\t\t\t\t<\/div>\n\t\t","protected":false},"excerpt":{"rendered":"<p>Kalite: 11SMnPb30 &#8211; 11SMnPb37 &#8211; 11SMn30 &#8211; etc\u015eekiller: Yuvarlak &#8211; Kare- Alt\u0131genKal\u0131nl\u0131k: 5mm &#8211; 60mmUzunluk: 3000mm \u015eirketin So\u011fuk \u00c7ekme \u00e7elik \u00e7ubuklar\u0131n\u0131n \u00fcretim s\u00fcreci a\u015fa\u011f\u0131daki \u00f6zellikleri i\u00e7erir: \u2022 Malzemeye herhangi bir \u0131s\u0131tma i\u015flemi uygulamadan \u00e7evre s\u0131cakl\u0131\u011f\u0131nda kesitini daraltarak y\u00fczeyinin \u00e7ap tolerans\u0131n\u0131, &hellip; <a href=\"https:\/\/gunesmetalurji.com\/tr\/soguk-cekim-celikleri\/\">Devam\u0131n\u0131 Oku<\/a><\/p>\n","protected":false},"author":10,"featured_media":0,"parent":0,"menu_order":0,"comment_status":"closed","ping_status":"closed","template":"","meta":{"footnotes":""},"class_list":["post-6106","page","type-page","status-publish","hentry"],"_links":{"self":[{"href":"https:\/\/gunesmetalurji.com\/tr\/wp-json\/wp\/v2\/pages\/6106","targetHints":{"allow":["GET"]}}],"collection":[{"href":"https:\/\/gunesmetalurji.com\/tr\/wp-json\/wp\/v2\/pages"}],"about":[{"href":"https:\/\/gunesmetalurji.com\/tr\/wp-json\/wp\/v2\/types\/page"}],"author":[{"embeddable":true,"href":"https:\/\/gunesmetalurji.com\/tr\/wp-json\/wp\/v2\/users\/10"}],"replies":[{"embeddable":true,"href":"https:\/\/gunesmetalurji.com\/tr\/wp-json\/wp\/v2\/comments?post=6106"}],"version-history":[{"count":35,"href":"https:\/\/gunesmetalurji.com\/tr\/wp-json\/wp\/v2\/pages\/6106\/revisions"}],"predecessor-version":[{"id":6428,"href":"https:\/\/gunesmetalurji.com\/tr\/wp-json\/wp\/v2\/pages\/6106\/revisions\/6428"}],"wp:attachment":[{"href":"https:\/\/gunesmetalurji.com\/tr\/wp-json\/wp\/v2\/media?parent=6106"}],"curies":[{"name":"wp","href":"https:\/\/api.w.org\/{rel}","templated":true}]}}