{"id":714,"date":"2020-03-09T14:13:30","date_gmt":"2020-03-09T14:13:30","guid":{"rendered":"https:\/\/gunesmetalurji.com\/tr\/?page_id=714"},"modified":"2025-12-22T06:31:10","modified_gmt":"2025-12-22T06:31:10","slug":"iletisim","status":"publish","type":"page","link":"https:\/\/gunesmetalurji.com\/tr\/iletisim\/","title":{"rendered":"\u0130leti\u015fim"},"content":{"rendered":"\t\t<div data-elementor-type=\"wp-page\" data-elementor-id=\"714\" class=\"elementor elementor-714\">\n\t\t\t\t\t\t<section class=\"elementor-section elementor-top-section elementor-element elementor-element-2a33038 elementor-section-boxed elementor-section-height-default elementor-section-height-default\" data-id=\"2a33038\" data-element_type=\"section\" data-e-type=\"section\">\n\t\t\t\t\t\t<div class=\"elementor-container elementor-column-gap-default\">\n\t\t\t\t\t<div class=\"elementor-column elementor-col-50 elementor-top-column elementor-element elementor-element-d5a236d\" data-id=\"d5a236d\" data-element_type=\"column\" data-e-type=\"column\">\n\t\t\t<div class=\"elementor-widget-wrap elementor-element-populated\">\n\t\t\t\t\t\t<div class=\"elementor-element elementor-element-b3de425 elementor-widget elementor-widget-text-editor\" data-id=\"b3de425\" data-element_type=\"widget\" data-e-type=\"widget\" data-widget_type=\"text-editor.default\">\n\t\t\t\t<div class=\"elementor-widget-container\">\n\t\t\t\t\t\t\t\t\t<p><strong>G\u00dcNE\u015e METALURJ\u0130 VE K\u0130MYA T\u0130C. LTD. \u015eT\u0130<\/strong><\/p><p><strong>E-Posta Adresi:<br \/><\/strong><a href=\"mailto:sale@gunesmk.com\">sale@gunesmk.com<\/a><\/p><p><strong>Adres<\/strong>: G\u00fczelyal\u0131 Mahallesi, Elka Sk. No:14 Pendik\/\u0130stanbul<\/p><p><strong>Kay\u0131t Numaras\u0131: <\/strong>151181-5<\/p>\t\t\t\t\t\t\t\t<\/div>\n\t\t\t\t<\/div>\n\t\t\t\t\t<\/div>\n\t\t<\/div>\n\t\t\t\t<div class=\"elementor-column elementor-col-50 elementor-top-column elementor-element elementor-element-0ce3bc3\" data-id=\"0ce3bc3\" data-element_type=\"column\" data-e-type=\"column\">\n\t\t\t<div class=\"elementor-widget-wrap elementor-element-populated\">\n\t\t\t\t\t\t<div class=\"elementor-element elementor-element-edd70f8 elementor-widget elementor-widget-text-editor\" data-id=\"edd70f8\" data-element_type=\"widget\" data-e-type=\"widget\" data-widget_type=\"text-editor.default\">\n\t\t\t\t<div class=\"elementor-widget-container\">\n\t\t\t\t\t\t\t\t\t<p><strong>Bize Ula\u015f\u0131n (T\u00dcRK\u0130YE)<\/strong><\/p><p><strong>Telefon(lar):<\/strong> +902124050701<br \/>+902124050702<br \/>+905365267236<\/p>\t\t\t\t\t\t\t\t<\/div>\n\t\t\t\t<\/div>\n\t\t\t\t\t<\/div>\n\t\t<\/div>\n\t\t\t\t\t<\/div>\n\t\t<\/section>\n\t\t\t\t<\/div>\n\t\t","protected":false},"excerpt":{"rendered":"<p>G\u00dcNE\u015e METALURJ\u0130 VE K\u0130MYA T\u0130C. LTD. \u015eT\u0130 E-Posta Adresi:sale@gunesmk.com Adres: G\u00fczelyal\u0131 Mahallesi, Elka Sk. No:14 Pendik\/\u0130stanbul Kay\u0131t Numaras\u0131: 151181-5 Bize Ula\u015f\u0131n (T\u00dcRK\u0130YE) Telefon(lar): +902124050701+902124050702+905365267236<\/p>\n","protected":false},"author":10,"featured_media":0,"parent":0,"menu_order":0,"comment_status":"closed","ping_status":"closed","template":"","meta":{"footnotes":""},"class_list":["post-714","page","type-page","status-publish","hentry"],"_links":{"self":[{"href":"https:\/\/gunesmetalurji.com\/tr\/wp-json\/wp\/v2\/pages\/714","targetHints":{"allow":["GET"]}}],"collection":[{"href":"https:\/\/gunesmetalurji.com\/tr\/wp-json\/wp\/v2\/pages"}],"about":[{"href":"https:\/\/gunesmetalurji.com\/tr\/wp-json\/wp\/v2\/types\/page"}],"author":[{"embeddable":true,"href":"https:\/\/gunesmetalurji.com\/tr\/wp-json\/wp\/v2\/users\/10"}],"replies":[{"embeddable":true,"href":"https:\/\/gunesmetalurji.com\/tr\/wp-json\/wp\/v2\/comments?post=714"}],"version-history":[{"count":39,"href":"https:\/\/gunesmetalurji.com\/tr\/wp-json\/wp\/v2\/pages\/714\/revisions"}],"predecessor-version":[{"id":6439,"href":"https:\/\/gunesmetalurji.com\/tr\/wp-json\/wp\/v2\/pages\/714\/revisions\/6439"}],"wp:attachment":[{"href":"https:\/\/gunesmetalurji.com\/tr\/wp-json\/wp\/v2\/media?parent=714"}],"curies":[{"name":"wp","href":"https:\/\/api.w.org\/{rel}","templated":true}]}}